{"id":7590,"date":"2025-12-28T11:20:54","date_gmt":"2025-12-28T10:20:54","guid":{"rendered":"https:\/\/fehrsschule.de\/ders-muefredatlari\/matematik-muefredatlari\/"},"modified":"2026-01-23T07:52:37","modified_gmt":"2026-01-23T06:52:37","slug":"matematik-muefredatlari","status":"publish","type":"page","link":"https:\/\/fehrsschule.de\/tr\/ders-muefredatlari\/matematik-muefredatlari\/","title":{"rendered":"Matematik M\u00fcfredatlar\u0131"},"content":{"rendered":"\t\t<div data-elementor-type=\"wp-page\" data-elementor-id=\"7590\" class=\"elementor elementor-7590 elementor-5577\" data-elementor-post-type=\"page\">\n\t\t\t\t<div class=\"elementor-element elementor-element-c7d4461 e-ecs-flex e-flex e-con-boxed e-con e-parent\" data-id=\"c7d4461\" data-element_type=\"container\" data-e-type=\"container\" data-settings=\"{&quot;ecs_container_type&quot;:&quot;flex&quot;}\">\n\t\t\t\t\t<div class=\"e-con-inner\">\n\t\t<div class=\"elementor-element elementor-element-778f6f2 e-con-full e-ecs-flex e-flex e-con e-child\" data-id=\"778f6f2\" data-element_type=\"container\" data-e-type=\"container\" data-settings=\"{&quot;background_background&quot;:&quot;classic&quot;,&quot;ecs_container_type&quot;:&quot;flex&quot;}\">\n\t\t\t\t<div class=\"elementor-element elementor-element-9e68cc6 titlebg elementor-widget elementor-widget-heading\" data-id=\"9e68cc6\" data-element_type=\"widget\" data-e-type=\"widget\" data-widget_type=\"heading.default\">\n\t\t\t\t\t<h1 class=\"elementor-heading-title elementor-size-default\"><span>Matematik M\u00fcfredatlar\u0131<\/span><\/h1>\t\t\t\t<\/div>\n\t\t\t\t<\/div>\n\t\t\t\t\t<\/div>\n\t\t\t\t<\/div>\n\t\t<div class=\"elementor-element elementor-element-dac0803 e-ecs-flex e-flex e-con-boxed e-con e-parent\" data-id=\"dac0803\" data-element_type=\"container\" data-e-type=\"container\" data-settings=\"{&quot;ecs_container_type&quot;:&quot;flex&quot;}\">\n\t\t\t\t\t<div class=\"e-con-inner\">\n\t\t\t\t<div class=\"elementor-element elementor-element-8da2141 elementor-widget elementor-widget-heading\" data-id=\"8da2141\" data-element_type=\"widget\" data-e-type=\"widget\" data-widget_type=\"heading.default\">\n\t\t\t\t\t<h2 class=\"elementor-heading-title elementor-size-default\">Johann-Hinrich-Fehrs-Okulu'nda Matematik<\/h2>\t\t\t\t<\/div>\n\t\t\t\t<div class=\"elementor-element elementor-element-4eb01c1 elementor-widget-divider--view-line elementor-widget elementor-widget-divider\" data-id=\"4eb01c1\" data-element_type=\"widget\" data-e-type=\"widget\" data-widget_type=\"divider.default\">\n\t\t\t\t\t\t\t<div class=\"elementor-divider\">\n\t\t\t<span class=\"elementor-divider-separator\">\n\t\t\t\t\t\t<\/span>\n\t\t<\/div>\n\t\t\t\t\t\t<\/div>\n\t\t\t\t<div class=\"elementor-element elementor-element-241e46d elementor-widget elementor-widget-text-editor\" data-id=\"241e46d\" data-element_type=\"widget\" data-e-type=\"widget\" data-widget_type=\"text-editor.default\">\n\t\t\t\t\t\t\t\t\t<p>Johann-Hinrich-Fehrs-Okulu&#8217;ndaki matematik dersleri, \u00f6\u011frencilerin sa\u011flam bir matematiksel temel anlay\u0131\u015f geli\u015ftirmelerini ve d\u00fc\u015f\u00fcnme, ke\u015ffetme ve problem \u00e7\u00f6zme konusunda keyif almalar\u0131n\u0131 sa\u011flamay\u0131 ama\u00e7lamaktad\u0131r. Matematik burada sadece hesaplama olarak de\u011fil, ayn\u0131 zamanda mant\u0131ksal d\u00fc\u015f\u00fcnmeyi, dili, yarat\u0131c\u0131l\u0131\u011f\u0131 ve g\u00fcnl\u00fck ya\u015fam becerilerini geli\u015ftiren bir ders olarak anla\u015f\u0131lmaktad\u0131r. <\/p><p>Dersler, Schleswig-Holstein eyaletinin uzmanl\u0131k gereksinimlerine g\u00f6re d\u00fczenlenir ve okul i\u00e7inde d\u00fczenli olarak g\u00f6zden ge\u00e7irilip geli\u015ftirilir. Temel olarak, t\u00fcm \u00e7ocuklar\u0131 bireysel olarak destekleyen ve zorlayan, uygulamaya y\u00f6nelik, anla\u015f\u0131l\u0131r ve farkl\u0131la\u015ft\u0131r\u0131lm\u0131\u015f bir \u00f6\u011fretimdir. <\/p><p><a href=\"\/wp-content\/uploads\/2025\/09\/FachcurriculumMathe.pdf\" target=\"_blank\" rel=\"noopener\"><em><strong>Matematik M\u00fcfredat\u0131n\u0131 PDF olarak indir<\/strong><\/em><\/a><\/p>\t\t\t\t\t\t\t\t<\/div>\n\t\t\t\t\t<\/div>\n\t\t\t\t<\/div>\n\t\t<div class=\"elementor-element elementor-element-55ff22b e-ecs-flex e-flex e-con-boxed e-con e-parent\" data-id=\"55ff22b\" data-element_type=\"container\" data-e-type=\"container\" data-settings=\"{&quot;ecs_container_type&quot;:&quot;flex&quot;}\">\n\t\t\t\t\t<div class=\"e-con-inner\">\n\t\t\t\t<div class=\"elementor-element elementor-element-f25db2e elementor-widget elementor-widget-text-editor\" data-id=\"f25db2e\" data-element_type=\"widget\" data-e-type=\"widget\" data-widget_type=\"text-editor.default\">\n\t\t\t\t\t\t\t\t\t<h2>Temel \u0130\u00e7erikler ve Odak Noktalar\u0131<\/h2><p>Matematik derslerinde a\u015fa\u011f\u0131daki i\u00e7erik alanlar\u0131 s\u00fcrekli olarak olu\u015fturulur ve birbirine ba\u011flan\u0131r:<br>\u2022 Say\u0131lar ve \u0130\u015flemler<br>\u2022 20&#8217;ye Kadar Say\u0131 Alan\u0131<br>\u2022 Toplama ve \u00c7\u0131karma<br>\u2022 Say\u0131 Ayr\u0131\u015ft\u0131rmalar\u0131, \u0130kiye Katlama, Yar\u0131ya \u0130ndirme<br>\u2022 Hesaplama Stratejileri (&#8220;5 ile&#8221;, &#8220;10 ile&#8221;, Kom\u015fu G\u00f6revler)<br>\u2022 \u00c7arpma Hakk\u0131nda \u0130lk \u0130\u00e7g\u00f6r\u00fclerin Olu\u015fturulmas\u0131 (Mini \u00c7arp\u0131m Tablosu)<br>\u2022 Uzay ve \u015eekil<br>\u2022 Geometrik Temel \u015eekiller (\u00f6rn. Daire, \u00dc\u00e7gen, Kare, Dikd\u00f6rtgen)<br>\u2022 Desenler, S\u00fcslemeler ve Simetriler<br>\u2022 Aynalama, \u0130n\u015fa Etme, Yerle\u015ftirme ve \u00c7izme<br>\u2022 Planlarda Y\u00f6nlendirme (Oturma ve Sokak Planlar\u0131)<br>\u2022 B\u00fcy\u00fckl\u00fckler ve \u00d6l\u00e7me<br>\u2022 Para (Euro), Zaman ve Uzunluklar<br>\u2022 Saatler ve G\u00fcnl\u00fck Rutinler<br>\u2022 Standart Olmayan ve Standart Birimlerle \u00d6l\u00e7me<br>\u2022 Veriler, S\u0131kl\u0131k ve Olas\u0131l\u0131k<br>\u2022 \u00c7eteleler ve Basit De\u011ferlendirmeler<br>\u2022 Rastgele Deneyler<br>\u2022 Sonu\u00e7lar\u0131 Kar\u015f\u0131la\u015ft\u0131rma ve Yorumlama<\/p><h2>Matematiksel Yetkinlikler<\/h2><p>Uzmanl\u0131k i\u00e7eri\u011finin yan\u0131 s\u0131ra, genel matematiksel yetkinlikler de hedeflenerek desteklenir:<br>\u2022 Matematiksel i\u00e7erikler hakk\u0131nda ileti\u015fim kurma<br>\u2022 \u00c7\u00f6z\u00fcm yollar\u0131n\u0131 tart\u0131\u015fma ve gerek\u00e7elendirme<br>\u2022 Sonu\u00e7lar\u0131 sunma (\u00f6rn. materyal, \u00e7izimler veya tablolarla)<br>\u2022 G\u00fcnl\u00fck ya\u015fam durumlar\u0131n\u0131 problem \u00e7\u00f6zme ve modelleme<\/p><h2>Ak\u0131l, Kalp ve El ile \u00d6\u011frenme<\/h2><p>Matematik dersleri b\u00fcy\u00fck \u00f6l\u00e7\u00fcde eylem ve materyal odakl\u0131d\u0131r. \u00c7ocuklar di\u011fer \u015feylerin yan\u0131 s\u0131ra \u015funlarla \u00e7al\u0131\u015f\u0131r:<br>\u2022 Das Zahlenbuch ders kitab\u0131<br>\u2022 \u00c7e\u015fitli g\u00f6rsel ve yerle\u015ftirme materyalleri<br>\u2022 Dijital tahtalar ve tabletler<br>\u2022 ANTON gibi \u00f6\u011frenme uygulamalar\u0131 <\/p><p>Farkl\u0131la\u015fma s\u00fcrekli bir ilkedir: Destek ve meydan okuma teklifleri, haftal\u0131k planlar, bireysel destek ve ayr\u0131ca bir bulmaca kul\u00fcb\u00fc ve matematik yar\u0131\u015fmalar\u0131na kat\u0131l\u0131m gibi ek teklifler, farkl\u0131 seviyelerde \u00f6\u011frenmeyi m\u00fcmk\u00fcn k\u0131lar.<\/p><h2>Matematik Dersinin Amac\u0131<\/h2><p>Ama\u00e7, \u00f6\u011frencilerin matemati\u011fi anlaml\u0131, anla\u015f\u0131l\u0131r ve g\u00fcnl\u00fck ya\u015fama yak\u0131n olarak deneyimlemeleri, kendi yeteneklerine g\u00fcven geli\u015ftirmeleri ve matematiksel problemleri ba\u011f\u0131ms\u0131z olarak ve birlikte \u00e7\u00f6zmeyi \u00f6\u011frenmeleridir.<\/p>\t\t\t\t\t\t\t\t<\/div>\n\t\t\t\t\t<\/div>\n\t\t\t\t<\/div>\n\t\t<div class=\"elementor-element elementor-element-ecfbff7 e-ecs-flex e-flex e-con-boxed e-con e-parent\" data-id=\"ecfbff7\" data-element_type=\"container\" data-e-type=\"container\" data-settings=\"{&quot;ecs_container_type&quot;:&quot;flex&quot;}\">\n\t\t\t\t\t<div class=\"e-con-inner\">\n\t\t\t\t<div class=\"elementor-element elementor-element-886dcc8 elementor-widget elementor-widget-shortcode\" data-id=\"886dcc8\" data-element_type=\"widget\" data-e-type=\"widget\" data-widget_type=\"shortcode.default\">\n\t\t\t\t\t\t\t<div class=\"elementor-shortcode\">\t\t<div data-elementor-type=\"container\" data-elementor-id=\"6914\" class=\"elementor elementor-6914 elementor-5610 elementor-5610\" data-elementor-post-type=\"elementor_library\">\n\t\t\t\t<div class=\"elementor-element elementor-element-5c5ef64 e-ecs-flex e-flex e-con-boxed e-con e-parent\" data-id=\"5c5ef64\" data-element_type=\"container\" data-e-type=\"container\" data-settings=\"{&quot;ecs_container_type&quot;:&quot;flex&quot;}\">\n\t\t\t\t\t<div class=\"e-con-inner\">\n\t\t<div class=\"elementor-element elementor-element-9d1a262 e-con-full e-ecs-flex e-flex e-con e-child\" data-id=\"9d1a262\" data-element_type=\"container\" data-e-type=\"container\" data-settings=\"{&quot;ecs_container_type&quot;:&quot;flex&quot;}\">\n\t\t\t\t<div class=\"elementor-element elementor-element-18bf6f4 elementor-widget elementor-widget-image\" data-id=\"18bf6f4\" data-element_type=\"widget\" data-e-type=\"widget\" data-widget_type=\"image.default\">\n\t\t\t\t\t\t\t\t\t\t\t\t<figure class=\"wp-caption\">\n\t\t\t\t\t\t\t\t\t\t\t<a href=\"https:\/\/fehrsschule.de\/fachcurricula\/fachcurricula-deutsch\/\">\n\t\t\t\t\t\t\t<img fetchpriority=\"high\" decoding=\"async\" width=\"512\" height=\"512\" src=\"https:\/\/fehrsschule.de\/wp-content\/uploads\/2025\/12\/Deutsch.png\" class=\"attachment-full size-full wp-image-6592\" alt=\"Fachcurriculum f\u00fcr den Deutschunterricht\" srcset=\"https:\/\/fehrsschule.de\/wp-content\/uploads\/2025\/12\/Deutsch.png 512w, https:\/\/fehrsschule.de\/wp-content\/uploads\/2025\/12\/Deutsch-300x300.png 300w, https:\/\/fehrsschule.de\/wp-content\/uploads\/2025\/12\/Deutsch-150x150.png 150w\" sizes=\"(max-width: 512px) 100vw, 512px\" \/>\t\t\t\t\t\t\t\t<\/a>\n\t\t\t\t\t\t\t\t\t\t\t<figcaption class=\"widget-image-caption wp-caption-text\">Almanca<\/figcaption>\n\t\t\t\t\t\t\t\t\t\t<\/figure>\n\t\t\t\t\t\t\t\t\t<\/div>\n\t\t\t\t<\/div>\n\t\t<div class=\"elementor-element elementor-element-4f1b702 e-con-full e-ecs-flex e-flex e-con e-child\" data-id=\"4f1b702\" data-element_type=\"container\" data-e-type=\"container\" data-settings=\"{&quot;ecs_container_type&quot;:&quot;flex&quot;}\">\n\t\t\t\t<div class=\"elementor-element elementor-element-2c48414 elementor-widget elementor-widget-image\" data-id=\"2c48414\" data-element_type=\"widget\" data-e-type=\"widget\" data-widget_type=\"image.default\">\n\t\t\t\t\t\t\t\t\t\t\t\t<figure class=\"wp-caption\">\n\t\t\t\t\t\t\t\t\t\t\t<a href=\"https:\/\/fehrsschule.de\/fachcurricula\/fachcurricula-mathematik\/\">\n\t\t\t\t\t\t\t<img decoding=\"async\" width=\"512\" height=\"512\" src=\"https:\/\/fehrsschule.de\/wp-content\/uploads\/2025\/12\/Mathematik.png\" class=\"attachment-full size-full wp-image-6591\" alt=\"Fachcurriculum f\u00fcr Mathematik Unterricht\" srcset=\"https:\/\/fehrsschule.de\/wp-content\/uploads\/2025\/12\/Mathematik.png 512w, https:\/\/fehrsschule.de\/wp-content\/uploads\/2025\/12\/Mathematik-300x300.png 300w, https:\/\/fehrsschule.de\/wp-content\/uploads\/2025\/12\/Mathematik-150x150.png 150w\" sizes=\"(max-width: 512px) 100vw, 512px\" \/>\t\t\t\t\t\t\t\t<\/a>\n\t\t\t\t\t\t\t\t\t\t\t<figcaption class=\"widget-image-caption wp-caption-text\">Matematik<\/figcaption>\n\t\t\t\t\t\t\t\t\t\t<\/figure>\n\t\t\t\t\t\t\t\t\t<\/div>\n\t\t\t\t<\/div>\n\t\t<div class=\"elementor-element elementor-element-ef17676 e-con-full e-ecs-flex e-flex e-con e-child\" data-id=\"ef17676\" data-element_type=\"container\" data-e-type=\"container\" data-settings=\"{&quot;ecs_container_type&quot;:&quot;flex&quot;}\">\n\t\t\t\t<div class=\"elementor-element elementor-element-5c927a9 elementor-widget elementor-widget-image\" data-id=\"5c927a9\" data-element_type=\"widget\" data-e-type=\"widget\" data-widget_type=\"image.default\">\n\t\t\t\t\t\t\t\t\t\t\t\t<figure class=\"wp-caption\">\n\t\t\t\t\t\t\t\t\t\t\t<a href=\"https:\/\/fehrsschule.de\/fachcurricula\/fachcurricula-sachunterricht-su\/\">\n\t\t\t\t\t\t\t<img decoding=\"async\" width=\"512\" height=\"512\" src=\"https:\/\/fehrsschule.de\/wp-content\/uploads\/2025\/12\/Sachunterricht.png\" class=\"attachment-full size-full wp-image-6594\" alt=\"f\u00fcr den Sachunterricht\" srcset=\"https:\/\/fehrsschule.de\/wp-content\/uploads\/2025\/12\/Sachunterricht.png 512w, https:\/\/fehrsschule.de\/wp-content\/uploads\/2025\/12\/Sachunterricht-300x300.png 300w, https:\/\/fehrsschule.de\/wp-content\/uploads\/2025\/12\/Sachunterricht-150x150.png 150w\" sizes=\"(max-width: 512px) 100vw, 512px\" \/>\t\t\t\t\t\t\t\t<\/a>\n\t\t\t\t\t\t\t\t\t\t\t<figcaption class=\"widget-image-caption wp-caption-text\">Bilim<\/figcaption>\n\t\t\t\t\t\t\t\t\t\t<\/figure>\n\t\t\t\t\t\t\t\t\t<\/div>\n\t\t\t\t<\/div>\n\t\t<div class=\"elementor-element elementor-element-45ea368 e-con-full e-ecs-flex e-flex e-con e-child\" data-id=\"45ea368\" data-element_type=\"container\" data-e-type=\"container\" data-settings=\"{&quot;ecs_container_type&quot;:&quot;flex&quot;}\">\n\t\t\t\t<div class=\"elementor-element elementor-element-24a8502 elementor-widget elementor-widget-image\" data-id=\"24a8502\" data-element_type=\"widget\" data-e-type=\"widget\" data-widget_type=\"image.default\">\n\t\t\t\t\t\t\t\t\t\t\t\t<figure class=\"wp-caption\">\n\t\t\t\t\t\t\t\t\t\t\t<a href=\"https:\/\/fehrsschule.de\/fachcurricula\/fachcurricula-musik\/\">\n\t\t\t\t\t\t\t<img loading=\"lazy\" decoding=\"async\" width=\"512\" height=\"512\" src=\"https:\/\/fehrsschule.de\/wp-content\/uploads\/2025\/12\/Musik.png\" class=\"attachment-full size-full wp-image-6593\" alt=\"Fachcurriculum f\u00fcr den Musikunterricht\" srcset=\"https:\/\/fehrsschule.de\/wp-content\/uploads\/2025\/12\/Musik.png 512w, https:\/\/fehrsschule.de\/wp-content\/uploads\/2025\/12\/Musik-300x300.png 300w, https:\/\/fehrsschule.de\/wp-content\/uploads\/2025\/12\/Musik-150x150.png 150w\" sizes=\"(max-width: 512px) 100vw, 512px\" \/>\t\t\t\t\t\t\t\t<\/a>\n\t\t\t\t\t\t\t\t\t\t\t<figcaption class=\"widget-image-caption wp-caption-text\">M\u00fczik<\/figcaption>\n\t\t\t\t\t\t\t\t\t\t<\/figure>\n\t\t\t\t\t\t\t\t\t<\/div>\n\t\t\t\t<\/div>\n\t\t<div class=\"elementor-element elementor-element-169c3b7 e-con-full e-ecs-flex e-flex e-con e-child\" data-id=\"169c3b7\" data-element_type=\"container\" data-e-type=\"container\" data-settings=\"{&quot;ecs_container_type&quot;:&quot;flex&quot;}\">\n\t\t\t\t<div class=\"elementor-element elementor-element-2dc016e elementor-widget elementor-widget-image\" data-id=\"2dc016e\" data-element_type=\"widget\" data-e-type=\"widget\" data-widget_type=\"image.default\">\n\t\t\t\t\t\t\t\t\t\t\t\t<figure class=\"wp-caption\">\n\t\t\t\t\t\t\t\t\t\t\t<a href=\"https:\/\/fehrsschule.de\/fachcurricula\/fachcurricula-sportunterricht\/\">\n\t\t\t\t\t\t\t<img loading=\"lazy\" decoding=\"async\" width=\"512\" height=\"512\" src=\"https:\/\/fehrsschule.de\/wp-content\/uploads\/2025\/12\/Sport.png\" class=\"attachment-full size-full wp-image-6595\" alt=\"Fachcurriculum f\u00fcr den Sportunterricht\" srcset=\"https:\/\/fehrsschule.de\/wp-content\/uploads\/2025\/12\/Sport.png 512w, https:\/\/fehrsschule.de\/wp-content\/uploads\/2025\/12\/Sport-300x300.png 300w, https:\/\/fehrsschule.de\/wp-content\/uploads\/2025\/12\/Sport-150x150.png 150w\" sizes=\"(max-width: 512px) 100vw, 512px\" \/>\t\t\t\t\t\t\t\t<\/a>\n\t\t\t\t\t\t\t\t\t\t\t<figcaption class=\"widget-image-caption wp-caption-text\">Spor<\/figcaption>\n\t\t\t\t\t\t\t\t\t\t<\/figure>\n\t\t\t\t\t\t\t\t\t<\/div>\n\t\t\t\t<\/div>\n\t\t<div class=\"elementor-element elementor-element-d9aef37 e-con-full e-ecs-flex e-flex e-con e-child\" data-id=\"d9aef37\" data-element_type=\"container\" data-e-type=\"container\" data-settings=\"{&quot;ecs_container_type&quot;:&quot;flex&quot;}\">\n\t\t\t\t<div class=\"elementor-element elementor-element-1cf6eb7 elementor-widget elementor-widget-image\" data-id=\"1cf6eb7\" data-element_type=\"widget\" data-e-type=\"widget\" data-widget_type=\"image.default\">\n\t\t\t\t\t\t\t\t\t\t\t\t<figure class=\"wp-caption\">\n\t\t\t\t\t\t\t\t\t\t\t<a href=\"https:\/\/fehrsschule.de\/fachcurricula\/fachcurricula-kunstunterricht\/\">\n\t\t\t\t\t\t\t<img loading=\"lazy\" decoding=\"async\" width=\"512\" height=\"512\" src=\"https:\/\/fehrsschule.de\/wp-content\/uploads\/2025\/12\/Kunst.png\" class=\"attachment-full size-full wp-image-6596\" alt=\"Fachcurriculum f\u00fcr den Kunstunterricht\" srcset=\"https:\/\/fehrsschule.de\/wp-content\/uploads\/2025\/12\/Kunst.png 512w, https:\/\/fehrsschule.de\/wp-content\/uploads\/2025\/12\/Kunst-300x300.png 300w, https:\/\/fehrsschule.de\/wp-content\/uploads\/2025\/12\/Kunst-150x150.png 150w\" sizes=\"(max-width: 512px) 100vw, 512px\" \/>\t\t\t\t\t\t\t\t<\/a>\n\t\t\t\t\t\t\t\t\t\t\t<figcaption class=\"widget-image-caption wp-caption-text\">Sanat<\/figcaption>\n\t\t\t\t\t\t\t\t\t\t<\/figure>\n\t\t\t\t\t\t\t\t\t<\/div>\n\t\t\t\t<\/div>\n\t\t<div class=\"elementor-element elementor-element-858ffe1 e-con-full e-ecs-flex e-flex e-con e-child\" data-id=\"858ffe1\" data-element_type=\"container\" data-e-type=\"container\" data-settings=\"{&quot;ecs_container_type&quot;:&quot;flex&quot;}\">\n\t\t\t\t<div class=\"elementor-element elementor-element-a83dafa elementor-widget elementor-widget-image\" data-id=\"a83dafa\" data-element_type=\"widget\" data-e-type=\"widget\" data-widget_type=\"image.default\">\n\t\t\t\t\t\t\t\t\t\t\t\t<figure class=\"wp-caption\">\n\t\t\t\t\t\t\t\t\t\t\t<a href=\"https:\/\/fehrsschule.de\/fachcurricula\/fachcurricula-religion\/\">\n\t\t\t\t\t\t\t<img loading=\"lazy\" decoding=\"async\" width=\"512\" height=\"512\" src=\"https:\/\/fehrsschule.de\/wp-content\/uploads\/2025\/12\/Religion.png\" class=\"attachment-full size-full wp-image-6597\" alt=\"Fachcurriculum f\u00fcr Religionsunterricht\" srcset=\"https:\/\/fehrsschule.de\/wp-content\/uploads\/2025\/12\/Religion.png 512w, https:\/\/fehrsschule.de\/wp-content\/uploads\/2025\/12\/Religion-300x300.png 300w, https:\/\/fehrsschule.de\/wp-content\/uploads\/2025\/12\/Religion-150x150.png 150w\" sizes=\"(max-width: 512px) 100vw, 512px\" \/>\t\t\t\t\t\t\t\t<\/a>\n\t\t\t\t\t\t\t\t\t\t\t<figcaption class=\"widget-image-caption wp-caption-text\">M\u00fcfredat Din<\/figcaption>\n\t\t\t\t\t\t\t\t\t\t<\/figure>\n\t\t\t\t\t\t\t\t\t<\/div>\n\t\t\t\t<\/div>\n\t\t\t\t\t<\/div>\n\t\t\t\t<\/div>\n\t\t\t\t<\/div>\n\t\t<\/div>\n\t\t\t\t\t\t<\/div>\n\t\t\t\t\t<\/div>\n\t\t\t\t<\/div>\n\t\t\t\t<\/div>\n\t\t","protected":false},"excerpt":{"rendered":"<p>Johann-Hinrich-Fehrs-Okulu&#8217;nda Matematik Johann-Hinrich-Fehrs-Okulu&#8217;ndaki matematik dersleri, \u00f6\u011frencilerin sa\u011flam bir matematiksel temel anlay\u0131\u015f geli\u015ftirmelerini ve d\u00fc\u015f\u00fcnme, ke\u015ffetme ve problem \u00e7\u00f6zme konusunda keyif almalar\u0131n\u0131 sa\u011flamay\u0131 ama\u00e7lamaktad\u0131r. Matematik burada sadece hesaplama olarak de\u011fil, ayn\u0131 zamanda mant\u0131ksal d\u00fc\u015f\u00fcnmeyi, dili, yarat\u0131c\u0131l\u0131\u011f\u0131 ve g\u00fcnl\u00fck ya\u015fam becerilerini geli\u015ftiren bir ders olarak anla\u015f\u0131lmaktad\u0131r. Dersler, Schleswig-Holstein eyaletinin uzmanl\u0131k gereksinimlerine g\u00f6re d\u00fczenlenir ve okul i\u00e7inde d\u00fczenli [&hellip;]<\/p>\n","protected":false},"author":1,"featured_media":0,"parent":6589,"menu_order":4,"comment_status":"closed","ping_status":"closed","template":"","meta":{"footnotes":""},"class_list":["post-7590","page","type-page","status-publish","hentry"],"_links":{"self":[{"href":"https:\/\/fehrsschule.de\/tr\/wp-json\/wp\/v2\/pages\/7590","targetHints":{"allow":["GET"]}}],"collection":[{"href":"https:\/\/fehrsschule.de\/tr\/wp-json\/wp\/v2\/pages"}],"about":[{"href":"https:\/\/fehrsschule.de\/tr\/wp-json\/wp\/v2\/types\/page"}],"author":[{"embeddable":true,"href":"https:\/\/fehrsschule.de\/tr\/wp-json\/wp\/v2\/users\/1"}],"replies":[{"embeddable":true,"href":"https:\/\/fehrsschule.de\/tr\/wp-json\/wp\/v2\/comments?post=7590"}],"version-history":[{"count":0,"href":"https:\/\/fehrsschule.de\/tr\/wp-json\/wp\/v2\/pages\/7590\/revisions"}],"up":[{"embeddable":true,"href":"https:\/\/fehrsschule.de\/tr\/wp-json\/wp\/v2\/pages\/6589"}],"wp:attachment":[{"href":"https:\/\/fehrsschule.de\/tr\/wp-json\/wp\/v2\/media?parent=7590"}],"curies":[{"name":"wp","href":"https:\/\/api.w.org\/{rel}","templated":true}]}}