{"id":7528,"date":"2025-12-28T16:37:14","date_gmt":"2025-12-28T15:37:14","guid":{"rendered":"https:\/\/fehrsschule.de\/ders-muefredatlari\/din-muefredatlari\/"},"modified":"2026-01-23T07:50:03","modified_gmt":"2026-01-23T06:50:03","slug":"din-muefredatlari","status":"publish","type":"page","link":"https:\/\/fehrsschule.de\/tr\/ders-muefredatlari\/din-muefredatlari\/","title":{"rendered":"Din m\u00fcfredatlar\u0131"},"content":{"rendered":"\t\t<div data-elementor-type=\"wp-page\" data-elementor-id=\"7528\" class=\"elementor elementor-7528 elementor-5665\" data-elementor-post-type=\"page\">\n\t\t\t\t<div class=\"elementor-element elementor-element-c7d4461 e-ecs-flex e-flex e-con-boxed e-con e-parent\" data-id=\"c7d4461\" data-element_type=\"container\" data-e-type=\"container\" data-settings=\"{&quot;ecs_container_type&quot;:&quot;flex&quot;}\">\n\t\t\t\t\t<div class=\"e-con-inner\">\n\t\t<div class=\"elementor-element elementor-element-778f6f2 e-con-full e-ecs-flex e-flex e-con e-child\" data-id=\"778f6f2\" data-element_type=\"container\" data-e-type=\"container\" data-settings=\"{&quot;background_background&quot;:&quot;classic&quot;,&quot;ecs_container_type&quot;:&quot;flex&quot;}\">\n\t\t\t\t<div class=\"elementor-element elementor-element-9e68cc6 titlebg elementor-widget elementor-widget-heading\" data-id=\"9e68cc6\" data-element_type=\"widget\" data-e-type=\"widget\" data-widget_type=\"heading.default\">\n\t\t\t\t\t<h1 class=\"elementor-heading-title elementor-size-default\"><span>Din m\u00fcfredatlar\u0131<\/span><\/h1>\t\t\t\t<\/div>\n\t\t\t\t<\/div>\n\t\t\t\t\t<\/div>\n\t\t\t\t<\/div>\n\t\t<div class=\"elementor-element elementor-element-dac0803 e-ecs-flex e-flex e-con-boxed e-con e-parent\" data-id=\"dac0803\" data-element_type=\"container\" data-e-type=\"container\" data-settings=\"{&quot;ecs_container_type&quot;:&quot;flex&quot;}\">\n\t\t\t\t\t<div class=\"e-con-inner\">\n\t\t\t\t<div class=\"elementor-element elementor-element-8da2141 elementor-widget elementor-widget-heading\" data-id=\"8da2141\" data-element_type=\"widget\" data-e-type=\"widget\" data-widget_type=\"heading.default\">\n\t\t\t\t\t<h2 class=\"elementor-heading-title elementor-size-default\">Johann-Hinrich-Fehrs-Okulu'nda din<\/h2>\t\t\t\t<\/div>\n\t\t\t\t<div class=\"elementor-element elementor-element-4eb01c1 elementor-widget-divider--view-line elementor-widget elementor-widget-divider\" data-id=\"4eb01c1\" data-element_type=\"widget\" data-e-type=\"widget\" data-widget_type=\"divider.default\">\n\t\t\t\t\t\t\t<div class=\"elementor-divider\">\n\t\t\t<span class=\"elementor-divider-separator\">\n\t\t\t\t\t\t<\/span>\n\t\t<\/div>\n\t\t\t\t\t\t<\/div>\n\t\t\t\t<div class=\"elementor-element elementor-element-241e46d elementor-widget elementor-widget-text-editor\" data-id=\"241e46d\" data-element_type=\"widget\" data-e-type=\"widget\" data-widget_type=\"text-editor.default\">\n\t\t\t\t\t\t\t\t\t<p>Johann-Hinrich-Fehrs-Okulu&#8217;ndaki din dersi, \u00f6\u011frencilere <b>\u00e7e\u015fitli ve karma\u015f\u0131k bir d\u00fcnyada yol g\u00f6sterme<\/b> imkan\u0131 sunar. \u00c7ocuklar\u0131n anlam, k\u00f6ken, sorumluluk ve birlikte ya\u015fama gibi temel sorular\u0131 sormalar\u0131na ve kendi cevaplar\u0131n\u0131 geli\u015ftirmelerine yard\u0131mc\u0131 olur. Bu s\u00fcre\u00e7te \u00e7ocuklar\u0131n ki\u015filikleri g\u00fc\u00e7lendirilir ve sayg\u0131l\u0131, sorumluluk sahibi davran\u0131\u015flar sergilemeleri te\u015fvik edilir.  <\/p><p>Din dersi okulumuzda <b>mezhepsel-i\u015fbirlik\u00e7i (Evanjelik ve Katolik)<\/b> olarak verilmekte ve <b>Schleswig-Holstein Eyaleti&#8217;nin konuyla ilgili gereksinimlerine<\/b> g\u00f6re d\u00fczenlenmektedir. Diyalog odakl\u0131d\u0131r ve \u00f6\u011frencilerin dini ve ideolojik \u00e7e\u015fitlili\u011fini dikkate al\u0131r.<\/p><p><a href=\"https:\/\/fehrsschule.de\/wp-content\/uploads\/2025\/09\/FachcurriculumReligion.pdf\" target=\"_blank\" rel=\"noopener\"><em><strong>Din M\u00fcfredat\u0131n\u0131 PDF olarak indir<\/strong><\/em><\/a><\/p>\t\t\t\t\t\t\t\t<\/div>\n\t\t\t\t\t<\/div>\n\t\t\t\t<\/div>\n\t\t<div class=\"elementor-element elementor-element-55ff22b e-ecs-flex e-flex e-con-boxed e-con e-parent\" data-id=\"55ff22b\" data-element_type=\"container\" data-e-type=\"container\" data-settings=\"{&quot;ecs_container_type&quot;:&quot;flex&quot;}\">\n\t\t\t\t\t<div class=\"e-con-inner\">\n\t\t\t\t<div class=\"elementor-element elementor-element-f25db2e elementor-widget elementor-widget-text-editor\" data-id=\"f25db2e\" data-element_type=\"widget\" data-e-type=\"widget\" data-widget_type=\"text-editor.default\">\n\t\t\t\t\t\t\t\t\t<h2>Temel i\u00e7erikler ve odak noktalar\u0131<\/h2><p class=\"p1\">Din dersi, hayat\u0131n b\u00fcy\u00fck konular\u0131n\u0131 ya\u015fa uygun bir \u015fekilde ele al\u0131r ve <span class=\"s1\"><b>\u0130ncil geleneklerini \u00e7ocuklar\u0131n ya\u015fam ger\u00e7ekli\u011fiyle<\/b><\/span> birle\u015ftirir:<\/p><p class=\"p1\"><b>Tanr\u0131 sorusu<\/b><b><\/b><\/p><ul><li><p class=\"p1\">farkl\u0131 Tanr\u0131 kavramlar\u0131<\/p><\/li><li><p class=\"p1\">Eski ve Yeni Ahit&#8217;ten \u0130ncil hikayeleri<\/p><\/li><li><p class=\"p1\">Nas\u0131ral\u0131 \u0130sa ve eserleri<\/p><\/li><li><p class=\"p1\">Benzetmeler ve umut imgeleri<\/p><\/li><\/ul><p><b>\u0130nsan ve do\u011fru eylem<\/b><\/p><ul><li><p class=\"p1\">Her insan\u0131n benzersizli\u011fi ve de\u011feri<\/p><\/li><li><p class=\"p1\">Kendisi, ba\u015fkalar\u0131 ve \u00e7evre i\u00e7in sorumluluk<\/p><\/li><li><p class=\"p1\">Yak\u0131n sevgisi, adalet, \u015fefkat ve sayg\u0131 gibi de\u011ferler<\/p><\/li><li class=\"p1\">\u0130ncil&#8217;deki talimatlara g\u00f6re y\u00f6nlendirme (\u00f6rne\u011fin, Alt\u0131n Kural, On Emir)<\/li><\/ul><p class=\"p1\"><b>Topluluk, kilise ve bayramlar<\/b><b><\/b><\/p><ul><li><p class=\"p1\">Kilise y\u0131l\u0131 ve dini bayramlar (\u00f6rne\u011fin, Advent, Noel, Paskalya, Pentekost)<\/p><\/li><li><p class=\"p1\">Dualar, rit\u00fceller ve semboller<\/p><\/li><li class=\"p1\">Kilise ve cemaat, inan\u00e7 yerleri olarak<\/li><li>Vaftiz, Rab&#8217;bin Sofras\u0131 ve birlikte kutlama<\/li><\/ul><p><b>Toplumumuzdaki dinler<\/b><b><\/b><\/p><ul><li><p class=\"p1\">H\u0131ristiyanl\u0131k ile Yahudi ve M\u00fcsl\u00fcman dinlerini tan\u0131mak<\/p><\/li><li><p class=\"p1\">S\u00f6zde \u0130brahimi dinlerin ortak noktalar\u0131 ve farkl\u0131l\u0131klar\u0131<\/p><\/li><li><p class=\"p1\">Ho\u015fg\u00f6r\u00fcy\u00fc, diyalog kurma becerisini ve kar\u015f\u0131l\u0131kl\u0131 sayg\u0131y\u0131 te\u015fvik etmek<\/p><\/li><\/ul><h2><b>Sorma, anlatma ve \u015fekillendirme yoluyla \u00f6\u011frenme<\/b><\/h2><p class=\"p4\"><span class=\"s3\">Din dersi<\/span> <b>konu\u015fma, eylem ve tasar\u0131m odakl\u0131d\u0131r<\/b><span class=\"s3\">. \u00c7ocuklar:<\/span><\/p><ul><li class=\"p1\">\u0130ncil hikayelerini anlat\u0131r ve \u015fekillendirir<\/li><li class=\"p1\">dini konular\u0131 yarat\u0131c\u0131 bir \u015fekilde ele al\u0131r<\/li><li class=\"p1\">hayat\u0131n sorular\u0131 hakk\u0131nda felsefe yapar ve teoloji \u00fcretir<\/li><li class=\"p1\">kendi deneyimlerini, d\u00fc\u015f\u00fcncelerini ve duygular\u0131n\u0131 getirir<\/li><\/ul><p class=\"p1\">Bu s\u00fcre\u00e7te medya, resimler, semboller, rol yapma oyunlar\u0131 ve yarat\u0131c\u0131 \u00e7al\u0131\u015fma bi\u00e7imleri de kullan\u0131l\u0131r.<\/p><h2 class=\"p1\">Din dersinde yetkinlikler<\/h2><p class=\"p1\">\u00d6zellikle te\u015fvik edilenler:<\/p><ul><li><p class=\"p1\">Dini ve etik konularda alg\u0131lama, yorumlama ve yarg\u0131lama<\/p><\/li><li><p class=\"p1\">sayg\u0131l\u0131 ileti\u015fim ve diyalog kurma becerisi<\/p><\/li><li><p class=\"p1\">Empati, ho\u015fg\u00f6r\u00fc ve sorumluluk bilinci<\/p><\/li><li><p class=\"p1\">Kendi bak\u0131\u015f a\u00e7\u0131lar\u0131n\u0131 geli\u015ftirme ve yans\u0131tma yetene\u011fi<\/p><\/li><\/ul><h2><b>Performans de\u011ferlendirmesi ve farkl\u0131la\u015ft\u0131rma<\/b><\/h2><p class=\"p1\">Performans de\u011ferlendirmesi, \u00f6ncelikle <span class=\"s1\"><b>s\u00f6zl\u00fc katk\u0131lar<\/b><\/span>, yarat\u0131c\u0131 tasar\u0131mlar, belgeleme ve yans\u0131t\u0131c\u0131 g\u00f6r\u00fc\u015fmeler yoluyla yap\u0131l\u0131r. Farkl\u0131 \u00f6\u011frenme \u00f6n ko\u015fullar\u0131, \u00e7e\u015fitli y\u00f6ntemler ve yakla\u015f\u0131mlar yoluyla dikkate al\u0131n\u0131r. <\/p><h2><b>Din dersinin amac\u0131<\/b><\/h2><p class=\"p1\">Ama\u00e7, \u00f6\u011frencilerin <span class=\"s1\"><b>hayatlar\u0131 i\u00e7in y\u00f6n bulmalar\u0131<\/b><\/span>, dini ve etik sorular\u0131 yans\u0131tmalar\u0131 ve kendilerine ve ba\u015fkalar\u0131na <span class=\"s1\"><b>de\u011fer vererek, ho\u015fg\u00f6r\u00fcl\u00fc ve sorumlu bir \u015fekilde<\/b><\/span> davranmay\u0131 \u00f6\u011frenmeleridir.<\/p>\t\t\t\t\t\t\t\t<\/div>\n\t\t\t\t\t<\/div>\n\t\t\t\t<\/div>\n\t\t<div class=\"elementor-element elementor-element-ecfbff7 e-ecs-flex e-flex e-con-boxed e-con e-parent\" data-id=\"ecfbff7\" data-element_type=\"container\" data-e-type=\"container\" data-settings=\"{&quot;ecs_container_type&quot;:&quot;flex&quot;}\">\n\t\t\t\t\t<div class=\"e-con-inner\">\n\t\t\t\t<div class=\"elementor-element elementor-element-886dcc8 elementor-widget elementor-widget-shortcode\" data-id=\"886dcc8\" data-element_type=\"widget\" data-e-type=\"widget\" data-widget_type=\"shortcode.default\">\n\t\t\t\t\t\t\t<div class=\"elementor-shortcode\">\t\t<div data-elementor-type=\"container\" data-elementor-id=\"6914\" class=\"elementor elementor-6914 elementor-5610 elementor-5610\" data-elementor-post-type=\"elementor_library\">\n\t\t\t\t<div class=\"elementor-element elementor-element-5c5ef64 e-ecs-flex e-flex e-con-boxed e-con e-parent\" data-id=\"5c5ef64\" data-element_type=\"container\" data-e-type=\"container\" data-settings=\"{&quot;ecs_container_type&quot;:&quot;flex&quot;}\">\n\t\t\t\t\t<div class=\"e-con-inner\">\n\t\t<div class=\"elementor-element elementor-element-9d1a262 e-con-full e-ecs-flex e-flex e-con e-child\" data-id=\"9d1a262\" data-element_type=\"container\" data-e-type=\"container\" data-settings=\"{&quot;ecs_container_type&quot;:&quot;flex&quot;}\">\n\t\t\t\t<div class=\"elementor-element elementor-element-18bf6f4 elementor-widget elementor-widget-image\" data-id=\"18bf6f4\" data-element_type=\"widget\" data-e-type=\"widget\" data-widget_type=\"image.default\">\n\t\t\t\t\t\t\t\t\t\t\t\t<figure class=\"wp-caption\">\n\t\t\t\t\t\t\t\t\t\t\t<a href=\"https:\/\/fehrsschule.de\/fachcurricula\/fachcurricula-deutsch\/\">\n\t\t\t\t\t\t\t<img fetchpriority=\"high\" decoding=\"async\" width=\"512\" height=\"512\" src=\"https:\/\/fehrsschule.de\/wp-content\/uploads\/2025\/12\/Deutsch.png\" class=\"attachment-full size-full wp-image-6592\" alt=\"Fachcurriculum f\u00fcr den Deutschunterricht\" srcset=\"https:\/\/fehrsschule.de\/wp-content\/uploads\/2025\/12\/Deutsch.png 512w, https:\/\/fehrsschule.de\/wp-content\/uploads\/2025\/12\/Deutsch-300x300.png 300w, https:\/\/fehrsschule.de\/wp-content\/uploads\/2025\/12\/Deutsch-150x150.png 150w\" sizes=\"(max-width: 512px) 100vw, 512px\" \/>\t\t\t\t\t\t\t\t<\/a>\n\t\t\t\t\t\t\t\t\t\t\t<figcaption class=\"widget-image-caption wp-caption-text\">Almanca<\/figcaption>\n\t\t\t\t\t\t\t\t\t\t<\/figure>\n\t\t\t\t\t\t\t\t\t<\/div>\n\t\t\t\t<\/div>\n\t\t<div class=\"elementor-element elementor-element-4f1b702 e-con-full e-ecs-flex e-flex e-con e-child\" data-id=\"4f1b702\" data-element_type=\"container\" data-e-type=\"container\" data-settings=\"{&quot;ecs_container_type&quot;:&quot;flex&quot;}\">\n\t\t\t\t<div class=\"elementor-element elementor-element-2c48414 elementor-widget elementor-widget-image\" data-id=\"2c48414\" data-element_type=\"widget\" data-e-type=\"widget\" data-widget_type=\"image.default\">\n\t\t\t\t\t\t\t\t\t\t\t\t<figure class=\"wp-caption\">\n\t\t\t\t\t\t\t\t\t\t\t<a href=\"https:\/\/fehrsschule.de\/fachcurricula\/fachcurricula-mathematik\/\">\n\t\t\t\t\t\t\t<img decoding=\"async\" width=\"512\" height=\"512\" src=\"https:\/\/fehrsschule.de\/wp-content\/uploads\/2025\/12\/Mathematik.png\" class=\"attachment-full size-full wp-image-6591\" alt=\"Fachcurriculum f\u00fcr Mathematik Unterricht\" srcset=\"https:\/\/fehrsschule.de\/wp-content\/uploads\/2025\/12\/Mathematik.png 512w, https:\/\/fehrsschule.de\/wp-content\/uploads\/2025\/12\/Mathematik-300x300.png 300w, https:\/\/fehrsschule.de\/wp-content\/uploads\/2025\/12\/Mathematik-150x150.png 150w\" sizes=\"(max-width: 512px) 100vw, 512px\" \/>\t\t\t\t\t\t\t\t<\/a>\n\t\t\t\t\t\t\t\t\t\t\t<figcaption class=\"widget-image-caption wp-caption-text\">Matematik<\/figcaption>\n\t\t\t\t\t\t\t\t\t\t<\/figure>\n\t\t\t\t\t\t\t\t\t<\/div>\n\t\t\t\t<\/div>\n\t\t<div class=\"elementor-element elementor-element-ef17676 e-con-full e-ecs-flex e-flex e-con e-child\" data-id=\"ef17676\" data-element_type=\"container\" data-e-type=\"container\" data-settings=\"{&quot;ecs_container_type&quot;:&quot;flex&quot;}\">\n\t\t\t\t<div class=\"elementor-element elementor-element-5c927a9 elementor-widget elementor-widget-image\" data-id=\"5c927a9\" data-element_type=\"widget\" data-e-type=\"widget\" data-widget_type=\"image.default\">\n\t\t\t\t\t\t\t\t\t\t\t\t<figure class=\"wp-caption\">\n\t\t\t\t\t\t\t\t\t\t\t<a href=\"https:\/\/fehrsschule.de\/fachcurricula\/fachcurricula-sachunterricht-su\/\">\n\t\t\t\t\t\t\t<img decoding=\"async\" width=\"512\" height=\"512\" src=\"https:\/\/fehrsschule.de\/wp-content\/uploads\/2025\/12\/Sachunterricht.png\" class=\"attachment-full size-full wp-image-6594\" alt=\"f\u00fcr den Sachunterricht\" srcset=\"https:\/\/fehrsschule.de\/wp-content\/uploads\/2025\/12\/Sachunterricht.png 512w, https:\/\/fehrsschule.de\/wp-content\/uploads\/2025\/12\/Sachunterricht-300x300.png 300w, https:\/\/fehrsschule.de\/wp-content\/uploads\/2025\/12\/Sachunterricht-150x150.png 150w\" sizes=\"(max-width: 512px) 100vw, 512px\" \/>\t\t\t\t\t\t\t\t<\/a>\n\t\t\t\t\t\t\t\t\t\t\t<figcaption class=\"widget-image-caption wp-caption-text\">Bilim<\/figcaption>\n\t\t\t\t\t\t\t\t\t\t<\/figure>\n\t\t\t\t\t\t\t\t\t<\/div>\n\t\t\t\t<\/div>\n\t\t<div class=\"elementor-element elementor-element-45ea368 e-con-full e-ecs-flex e-flex e-con e-child\" data-id=\"45ea368\" data-element_type=\"container\" data-e-type=\"container\" data-settings=\"{&quot;ecs_container_type&quot;:&quot;flex&quot;}\">\n\t\t\t\t<div class=\"elementor-element elementor-element-24a8502 elementor-widget elementor-widget-image\" data-id=\"24a8502\" data-element_type=\"widget\" data-e-type=\"widget\" data-widget_type=\"image.default\">\n\t\t\t\t\t\t\t\t\t\t\t\t<figure class=\"wp-caption\">\n\t\t\t\t\t\t\t\t\t\t\t<a href=\"https:\/\/fehrsschule.de\/fachcurricula\/fachcurricula-musik\/\">\n\t\t\t\t\t\t\t<img loading=\"lazy\" decoding=\"async\" width=\"512\" height=\"512\" src=\"https:\/\/fehrsschule.de\/wp-content\/uploads\/2025\/12\/Musik.png\" class=\"attachment-full size-full wp-image-6593\" alt=\"Fachcurriculum f\u00fcr den Musikunterricht\" srcset=\"https:\/\/fehrsschule.de\/wp-content\/uploads\/2025\/12\/Musik.png 512w, https:\/\/fehrsschule.de\/wp-content\/uploads\/2025\/12\/Musik-300x300.png 300w, https:\/\/fehrsschule.de\/wp-content\/uploads\/2025\/12\/Musik-150x150.png 150w\" sizes=\"(max-width: 512px) 100vw, 512px\" \/>\t\t\t\t\t\t\t\t<\/a>\n\t\t\t\t\t\t\t\t\t\t\t<figcaption class=\"widget-image-caption wp-caption-text\">M\u00fczik<\/figcaption>\n\t\t\t\t\t\t\t\t\t\t<\/figure>\n\t\t\t\t\t\t\t\t\t<\/div>\n\t\t\t\t<\/div>\n\t\t<div class=\"elementor-element elementor-element-169c3b7 e-con-full e-ecs-flex e-flex e-con e-child\" data-id=\"169c3b7\" data-element_type=\"container\" data-e-type=\"container\" data-settings=\"{&quot;ecs_container_type&quot;:&quot;flex&quot;}\">\n\t\t\t\t<div class=\"elementor-element elementor-element-2dc016e elementor-widget elementor-widget-image\" data-id=\"2dc016e\" data-element_type=\"widget\" data-e-type=\"widget\" data-widget_type=\"image.default\">\n\t\t\t\t\t\t\t\t\t\t\t\t<figure class=\"wp-caption\">\n\t\t\t\t\t\t\t\t\t\t\t<a href=\"https:\/\/fehrsschule.de\/fachcurricula\/fachcurricula-sportunterricht\/\">\n\t\t\t\t\t\t\t<img loading=\"lazy\" decoding=\"async\" width=\"512\" height=\"512\" src=\"https:\/\/fehrsschule.de\/wp-content\/uploads\/2025\/12\/Sport.png\" class=\"attachment-full size-full wp-image-6595\" alt=\"Fachcurriculum f\u00fcr den Sportunterricht\" srcset=\"https:\/\/fehrsschule.de\/wp-content\/uploads\/2025\/12\/Sport.png 512w, https:\/\/fehrsschule.de\/wp-content\/uploads\/2025\/12\/Sport-300x300.png 300w, https:\/\/fehrsschule.de\/wp-content\/uploads\/2025\/12\/Sport-150x150.png 150w\" sizes=\"(max-width: 512px) 100vw, 512px\" \/>\t\t\t\t\t\t\t\t<\/a>\n\t\t\t\t\t\t\t\t\t\t\t<figcaption class=\"widget-image-caption wp-caption-text\">Spor<\/figcaption>\n\t\t\t\t\t\t\t\t\t\t<\/figure>\n\t\t\t\t\t\t\t\t\t<\/div>\n\t\t\t\t<\/div>\n\t\t<div class=\"elementor-element elementor-element-d9aef37 e-con-full e-ecs-flex e-flex e-con e-child\" data-id=\"d9aef37\" data-element_type=\"container\" data-e-type=\"container\" data-settings=\"{&quot;ecs_container_type&quot;:&quot;flex&quot;}\">\n\t\t\t\t<div class=\"elementor-element elementor-element-1cf6eb7 elementor-widget elementor-widget-image\" data-id=\"1cf6eb7\" data-element_type=\"widget\" data-e-type=\"widget\" data-widget_type=\"image.default\">\n\t\t\t\t\t\t\t\t\t\t\t\t<figure class=\"wp-caption\">\n\t\t\t\t\t\t\t\t\t\t\t<a href=\"https:\/\/fehrsschule.de\/fachcurricula\/fachcurricula-kunstunterricht\/\">\n\t\t\t\t\t\t\t<img loading=\"lazy\" decoding=\"async\" width=\"512\" height=\"512\" src=\"https:\/\/fehrsschule.de\/wp-content\/uploads\/2025\/12\/Kunst.png\" class=\"attachment-full size-full wp-image-6596\" alt=\"Fachcurriculum f\u00fcr den Kunstunterricht\" srcset=\"https:\/\/fehrsschule.de\/wp-content\/uploads\/2025\/12\/Kunst.png 512w, https:\/\/fehrsschule.de\/wp-content\/uploads\/2025\/12\/Kunst-300x300.png 300w, https:\/\/fehrsschule.de\/wp-content\/uploads\/2025\/12\/Kunst-150x150.png 150w\" sizes=\"(max-width: 512px) 100vw, 512px\" \/>\t\t\t\t\t\t\t\t<\/a>\n\t\t\t\t\t\t\t\t\t\t\t<figcaption class=\"widget-image-caption wp-caption-text\">Sanat<\/figcaption>\n\t\t\t\t\t\t\t\t\t\t<\/figure>\n\t\t\t\t\t\t\t\t\t<\/div>\n\t\t\t\t<\/div>\n\t\t<div class=\"elementor-element elementor-element-858ffe1 e-con-full e-ecs-flex e-flex e-con e-child\" data-id=\"858ffe1\" data-element_type=\"container\" data-e-type=\"container\" data-settings=\"{&quot;ecs_container_type&quot;:&quot;flex&quot;}\">\n\t\t\t\t<div class=\"elementor-element elementor-element-a83dafa elementor-widget elementor-widget-image\" data-id=\"a83dafa\" data-element_type=\"widget\" data-e-type=\"widget\" data-widget_type=\"image.default\">\n\t\t\t\t\t\t\t\t\t\t\t\t<figure class=\"wp-caption\">\n\t\t\t\t\t\t\t\t\t\t\t<a href=\"https:\/\/fehrsschule.de\/fachcurricula\/fachcurricula-religion\/\">\n\t\t\t\t\t\t\t<img loading=\"lazy\" decoding=\"async\" width=\"512\" height=\"512\" src=\"https:\/\/fehrsschule.de\/wp-content\/uploads\/2025\/12\/Religion.png\" class=\"attachment-full size-full wp-image-6597\" alt=\"Fachcurriculum f\u00fcr Religionsunterricht\" srcset=\"https:\/\/fehrsschule.de\/wp-content\/uploads\/2025\/12\/Religion.png 512w, https:\/\/fehrsschule.de\/wp-content\/uploads\/2025\/12\/Religion-300x300.png 300w, https:\/\/fehrsschule.de\/wp-content\/uploads\/2025\/12\/Religion-150x150.png 150w\" sizes=\"(max-width: 512px) 100vw, 512px\" \/>\t\t\t\t\t\t\t\t<\/a>\n\t\t\t\t\t\t\t\t\t\t\t<figcaption class=\"widget-image-caption wp-caption-text\">M\u00fcfredat Din<\/figcaption>\n\t\t\t\t\t\t\t\t\t\t<\/figure>\n\t\t\t\t\t\t\t\t\t<\/div>\n\t\t\t\t<\/div>\n\t\t\t\t\t<\/div>\n\t\t\t\t<\/div>\n\t\t\t\t<\/div>\n\t\t<\/div>\n\t\t\t\t\t\t<\/div>\n\t\t\t\t\t<\/div>\n\t\t\t\t<\/div>\n\t\t\t\t<\/div>\n\t\t","protected":false},"excerpt":{"rendered":"<p>Johann-Hinrich-Fehrs-Okulu&#8217;nda din Johann-Hinrich-Fehrs-Okulu&#8217;ndaki din dersi, \u00f6\u011frencilere \u00e7e\u015fitli ve karma\u015f\u0131k bir d\u00fcnyada yol g\u00f6sterme imkan\u0131 sunar. \u00c7ocuklar\u0131n anlam, k\u00f6ken, sorumluluk ve birlikte ya\u015fama gibi temel sorular\u0131 sormalar\u0131na ve kendi cevaplar\u0131n\u0131 geli\u015ftirmelerine yard\u0131mc\u0131 olur. Bu s\u00fcre\u00e7te \u00e7ocuklar\u0131n ki\u015filikleri g\u00fc\u00e7lendirilir ve sayg\u0131l\u0131, sorumluluk sahibi davran\u0131\u015flar sergilemeleri te\u015fvik edilir. Din dersi okulumuzda mezhepsel-i\u015fbirlik\u00e7i (Evanjelik ve Katolik) olarak verilmekte ve [&hellip;]<\/p>\n","protected":false},"author":1,"featured_media":0,"parent":6589,"menu_order":4,"comment_status":"closed","ping_status":"closed","template":"","meta":{"footnotes":""},"class_list":["post-7528","page","type-page","status-publish","hentry"],"_links":{"self":[{"href":"https:\/\/fehrsschule.de\/tr\/wp-json\/wp\/v2\/pages\/7528","targetHints":{"allow":["GET"]}}],"collection":[{"href":"https:\/\/fehrsschule.de\/tr\/wp-json\/wp\/v2\/pages"}],"about":[{"href":"https:\/\/fehrsschule.de\/tr\/wp-json\/wp\/v2\/types\/page"}],"author":[{"embeddable":true,"href":"https:\/\/fehrsschule.de\/tr\/wp-json\/wp\/v2\/users\/1"}],"replies":[{"embeddable":true,"href":"https:\/\/fehrsschule.de\/tr\/wp-json\/wp\/v2\/comments?post=7528"}],"version-history":[{"count":0,"href":"https:\/\/fehrsschule.de\/tr\/wp-json\/wp\/v2\/pages\/7528\/revisions"}],"up":[{"embeddable":true,"href":"https:\/\/fehrsschule.de\/tr\/wp-json\/wp\/v2\/pages\/6589"}],"wp:attachment":[{"href":"https:\/\/fehrsschule.de\/tr\/wp-json\/wp\/v2\/media?parent=7528"}],"curies":[{"name":"wp","href":"https:\/\/api.w.org\/{rel}","templated":true}]}}