{"id":7512,"date":"2025-12-28T16:31:02","date_gmt":"2025-12-28T15:31:02","guid":{"rendered":"https:\/\/fehrsschule.de\/ders-muefredatlari\/sanat-dersi-muefredatlari\/"},"modified":"2026-01-23T07:49:37","modified_gmt":"2026-01-23T06:49:37","slug":"sanat-dersi-muefredatlari","status":"publish","type":"page","link":"https:\/\/fehrsschule.de\/tr\/ders-muefredatlari\/sanat-dersi-muefredatlari\/","title":{"rendered":"Sanat Dersi M\u00fcfredatlar\u0131"},"content":{"rendered":"\t\t<div data-elementor-type=\"wp-page\" data-elementor-id=\"7512\" class=\"elementor elementor-7512 elementor-5659\" data-elementor-post-type=\"page\">\n\t\t\t\t<div class=\"elementor-element elementor-element-c7d4461 e-ecs-flex e-flex e-con-boxed e-con e-parent\" data-id=\"c7d4461\" data-element_type=\"container\" data-e-type=\"container\" data-settings=\"{&quot;ecs_container_type&quot;:&quot;flex&quot;}\">\n\t\t\t\t\t<div class=\"e-con-inner\">\n\t\t<div class=\"elementor-element elementor-element-778f6f2 e-con-full e-ecs-flex e-flex e-con e-child\" data-id=\"778f6f2\" data-element_type=\"container\" data-e-type=\"container\" data-settings=\"{&quot;background_background&quot;:&quot;classic&quot;,&quot;ecs_container_type&quot;:&quot;flex&quot;}\">\n\t\t\t\t<div class=\"elementor-element elementor-element-9e68cc6 titlebg elementor-widget elementor-widget-heading\" data-id=\"9e68cc6\" data-element_type=\"widget\" data-e-type=\"widget\" data-widget_type=\"heading.default\">\n\t\t\t\t\t<h1 class=\"elementor-heading-title elementor-size-default\"><span>Sanat Dersi M\u00fcfredatlar\u0131<\/span><\/h1>\t\t\t\t<\/div>\n\t\t\t\t<\/div>\n\t\t\t\t\t<\/div>\n\t\t\t\t<\/div>\n\t\t<div class=\"elementor-element elementor-element-dac0803 e-ecs-flex e-flex e-con-boxed e-con e-parent\" data-id=\"dac0803\" data-element_type=\"container\" data-e-type=\"container\" data-settings=\"{&quot;ecs_container_type&quot;:&quot;flex&quot;}\">\n\t\t\t\t\t<div class=\"e-con-inner\">\n\t\t\t\t<div class=\"elementor-element elementor-element-8da2141 elementor-widget elementor-widget-heading\" data-id=\"8da2141\" data-element_type=\"widget\" data-e-type=\"widget\" data-widget_type=\"heading.default\">\n\t\t\t\t\t<h2 class=\"elementor-heading-title elementor-size-default\">Johann-Hinrich-Fehrs-Okulu'nda Sanat<\/h2>\t\t\t\t<\/div>\n\t\t\t\t<div class=\"elementor-element elementor-element-4eb01c1 elementor-widget-divider--view-line elementor-widget elementor-widget-divider\" data-id=\"4eb01c1\" data-element_type=\"widget\" data-e-type=\"widget\" data-widget_type=\"divider.default\">\n\t\t\t\t\t\t\t<div class=\"elementor-divider\">\n\t\t\t<span class=\"elementor-divider-separator\">\n\t\t\t\t\t\t<\/span>\n\t\t<\/div>\n\t\t\t\t\t\t<\/div>\n\t\t\t\t<div class=\"elementor-element elementor-element-241e46d elementor-widget elementor-widget-text-editor\" data-id=\"241e46d\" data-element_type=\"widget\" data-e-type=\"widget\" data-widget_type=\"text-editor.default\">\n\t\t\t\t\t\t\t\t\t<p>Johann-Hinrich-Fehrs-Okulu&#8217;ndaki sanat dersi, \u00f6\u011frencilerin yarat\u0131c\u0131 ifade yetene\u011fini, alg\u0131s\u0131n\u0131 ve g\u00f6rsel yeterlili\u011fini geli\u015ftirir. Odak noktas\u0131, farkl\u0131 ifade bi\u00e7imlerinde aktif olarak resimler olu\u015fturmak ve anlamakt\u0131r. \u00c7ocuklar, kendi fikirlerini uygulamay\u0131, materyalleri bilin\u00e7li olarak kullanmay\u0131 ve eserlerini de\u011ferlendirmeyi \u00f6\u011frenirler.  <\/p><p>Ders, Schleswig-Holstein&#8217;daki ilk\u00f6\u011fretim i\u00e7in sanat dersi gereksinimlerine g\u00f6re d\u00fczenlenir ve d\u00fczenli olarak g\u00f6zden ge\u00e7irilen ve geli\u015ftirilen canl\u0131 bir s\u00fcre\u00e7 olarak kabul edilir.<\/p><p><a href=\"https:\/\/fehrsschule.de\/wp-content\/uploads\/2025\/09\/FachcurriculumKunst.pdf\" target=\"_blank\" rel=\"noopener\"><em><strong>Sanat Dersi M\u00fcfredat\u0131n\u0131 PDF olarak indir<\/strong><\/em><\/a><\/p>\t\t\t\t\t\t\t\t<\/div>\n\t\t\t\t\t<\/div>\n\t\t\t\t<\/div>\n\t\t<div class=\"elementor-element elementor-element-55ff22b e-ecs-flex e-flex e-con-boxed e-con e-parent\" data-id=\"55ff22b\" data-element_type=\"container\" data-e-type=\"container\" data-settings=\"{&quot;ecs_container_type&quot;:&quot;flex&quot;}\">\n\t\t\t\t\t<div class=\"e-con-inner\">\n\t\t\t\t<div class=\"elementor-element elementor-element-f25db2e elementor-widget elementor-widget-text-editor\" data-id=\"f25db2e\" data-element_type=\"widget\" data-e-type=\"widget\" data-widget_type=\"text-editor.default\">\n\t\t\t\t\t\t\t\t\t<h2>Temel \u0130\u00e7erikler ve Odak Noktalar\u0131<\/h2><p class=\"p1\">Sanat dersinde \u00e7e\u015fitli <span class=\"s1\"><b>\u00e7al\u0131\u015fma alanlar\u0131<\/b><\/span> uygulamal\u0131 olarak ke\u015ffedilir:<\/p><p class=\"p1\"><b>\u00c7izim<\/b><b><\/b><\/p><ul><li><p class=\"p1\">Farkl\u0131 kalemler ve \u00e7izim ara\u00e7lar\u0131 ile \u00e7al\u0131\u015fma<\/p><\/li><li><p class=\"p1\">Belirtilenlere g\u00f6re \u00e7izgi, kaz\u0131ma ve \u00e7izimler<\/p><\/li><li><p class=\"p1\">G\u00f6zlemleme, kar\u015f\u0131la\u015ft\u0131rma ve ortak resim incelemesi<\/p><\/li><\/ul><p class=\"p1\"><b>Grafik<\/b><b><\/b><\/p><ul><li><p class=\"p1\">Geometrik \u015fekillerle tasar\u0131m<\/p><\/li><li><p class=\"p1\">\u00c7e\u015fitli tekniklerle bask\u0131 (\u00f6rn. damga, transfer tekni\u011fi)<\/p><\/li><li><p class=\"p1\">Malzemeler ve \u015fekillerle denemeler yapma<\/p><\/li><\/ul><p class=\"p1\"><b>Resim<\/b><b><\/b><\/p><ul><li><p class=\"p1\">Sulu boyalar, parmak boyalar\u0131 ve beyaz kapat\u0131c\u0131 ile \u00e7al\u0131\u015fma<\/p><\/li><li><p class=\"p1\">Renk deneyleri ve renk kar\u0131\u015ft\u0131rma teorisi<\/p><\/li><li><p class=\"p1\">M\u00fczik, sesler ve ruh halleri e\u015fli\u011finde resim yapma<\/p><\/li><\/ul><p class=\"p1\"><b>Plastik tasar\u0131m ve enstalasyon<\/b><b><\/b><\/p><ul><li><p class=\"p1\">Kesme, katlama ve yap\u0131\u015ft\u0131rma<\/p><\/li><li><p class=\"p1\">Farkl\u0131 malzemelerle modelleme (\u00f6rn. oyun hamuru, kil)<\/p><\/li><li><p class=\"p1\">Mekansal \u00e7al\u0131\u015fmalar ve enstalasyonlar tasarlama<\/p><\/li><\/ul><h2><b>Sanatsal ve disiplinler aras\u0131 yetkinlikler<\/b><\/h2><p class=\"p1\">Yarat\u0131c\u0131 tasar\u0131ma ek olarak, a\u015fa\u011f\u0131dakiler hedeflenerek desteklenir:<\/p><ul><li><p class=\"p1\">\u0130nce motor becerileri ve el becerisi<\/p><\/li><li><p class=\"p1\">Renklerin, \u015fekillerin ve malzemelerin alg\u0131lanmas\u0131<\/p><\/li><li><p class=\"p1\">Mekansal hayal g\u00fcc\u00fc<\/p><\/li><li><p class=\"p1\">Dayan\u0131kl\u0131l\u0131k, \u00f6zen ve ba\u011f\u0131ms\u0131zl\u0131k<\/p><\/li><li><p class=\"p1\">Sanat eserlerini tam c\u00fcmlelerle tan\u0131mlama ve de\u011ferlendirme yetene\u011fi<\/p><\/li><\/ul><p class=\"p1\">Ya\u015fa uygun bir <span class=\"s1\"><b>sanatsal terminolojinin<\/b><\/span> tan\u0131t\u0131lmas\u0131, sanatla bilin\u00e7li etkile\u015fimi destekler.<\/p><h2><b>Malzeme, yarat\u0131c\u0131l\u0131k ve sorumlulukla \u00f6\u011frenme<\/b><\/h2><p class=\"p1\">Sanat dersi b\u00fcy\u00fck \u00f6l\u00e7\u00fcde <span class=\"s1\"><b>uygulama ve \u00fcr\u00fcn odakl\u0131d\u0131r<\/b><\/span>. \u00c7ocuklar, malzemeler, ara\u00e7lar ve kaynaklarla (\u00f6rn. ka\u011f\u0131t, su, boyalar) uygun \u015fekilde ba\u015fa \u00e7\u0131kmay\u0131 \u00f6\u011frenirler. Birlikte temizlik, malzeme bak\u0131m\u0131 ve sorumlu kullan\u0131m, dersin ayr\u0131lmaz bir par\u00e7as\u0131d\u0131r.  <\/p><p class=\"p1\">Sanat eserleri d\u00fczenli olarak <span class=\"s1\"><b>foto\u011fraflanarak belgelenir<\/b><\/span>, bu da medya okuryazarl\u0131\u011f\u0131n\u0131 te\u015fvik eder.<\/p><h2><b>Farkl\u0131la\u015fma ve De\u011ferlendirme<\/b><\/h2><p class=\"p1\">T\u00fcm \u00e7ocuklar bireysel ifade bi\u00e7imleri i\u00e7in alan bulurlar. Farkl\u0131la\u015fma di\u011ferlerinin yan\u0131 s\u0131ra a\u015fa\u011f\u0131dakiler yoluyla ger\u00e7ekle\u015fir: <\/p><ul><li><p class=\"p1\">farkl\u0131 tasar\u0131m gereksinimleri<\/p><\/li><li><p class=\"p1\">de\u011fi\u015fen detay seviyesi<\/p><\/li><li><p class=\"p1\">serbest ve y\u00f6nlendirilmi\u015f g\u00f6rev formatlar\u0131<\/p><\/li><\/ul><p class=\"p1\">Performans de\u011ferlendirmesi, <span class=\"s1\"><b>hem tasar\u0131m s\u00fcrecini hem de bitmi\u015f \u00fcr\u00fcn\u00fc<\/b><\/span>, \u00f6zellikle yarat\u0131c\u0131l\u0131\u011f\u0131, teknik uygulamay\u0131, \u00f6zeni ve ba\u011f\u0131ms\u0131zl\u0131\u011f\u0131 dikkate al\u0131r.<\/p><h2><b>Sanat dersinin amac\u0131<\/b><\/h2><p class=\"p1\">Ama\u00e7, \u00f6\u011frencilerin <span class=\"s1\"><b>yarat\u0131c\u0131 tasar\u0131mdan keyif almalar\u0131n\u0131 sa\u011flamak<\/b><\/span>, alg\u0131lar\u0131n\u0131 geli\u015ftirmek ve k\u00fclt\u00fcrel e\u011fitim ve ki\u015fisel ifade i\u00e7in bir temel olarak resimleri anlamay\u0131, tasarlamay\u0131 ve takdir etmeyi \u00f6\u011frenmektir.<\/p>\t\t\t\t\t\t\t\t<\/div>\n\t\t\t\t\t<\/div>\n\t\t\t\t<\/div>\n\t\t<div class=\"elementor-element elementor-element-ecfbff7 e-ecs-flex e-flex e-con-boxed e-con e-parent\" data-id=\"ecfbff7\" data-element_type=\"container\" data-e-type=\"container\" data-settings=\"{&quot;ecs_container_type&quot;:&quot;flex&quot;}\">\n\t\t\t\t\t<div class=\"e-con-inner\">\n\t\t\t\t<div class=\"elementor-element elementor-element-886dcc8 elementor-widget elementor-widget-shortcode\" data-id=\"886dcc8\" data-element_type=\"widget\" data-e-type=\"widget\" data-widget_type=\"shortcode.default\">\n\t\t\t\t\t\t\t<div class=\"elementor-shortcode\">\t\t<div data-elementor-type=\"container\" data-elementor-id=\"6914\" class=\"elementor elementor-6914 elementor-5610 elementor-5610\" data-elementor-post-type=\"elementor_library\">\n\t\t\t\t<div class=\"elementor-element elementor-element-5c5ef64 e-ecs-flex e-flex e-con-boxed e-con e-parent\" data-id=\"5c5ef64\" data-element_type=\"container\" data-e-type=\"container\" data-settings=\"{&quot;ecs_container_type&quot;:&quot;flex&quot;}\">\n\t\t\t\t\t<div class=\"e-con-inner\">\n\t\t<div class=\"elementor-element elementor-element-9d1a262 e-con-full e-ecs-flex e-flex e-con e-child\" data-id=\"9d1a262\" data-element_type=\"container\" data-e-type=\"container\" data-settings=\"{&quot;ecs_container_type&quot;:&quot;flex&quot;}\">\n\t\t\t\t<div class=\"elementor-element elementor-element-18bf6f4 elementor-widget elementor-widget-image\" data-id=\"18bf6f4\" data-element_type=\"widget\" data-e-type=\"widget\" data-widget_type=\"image.default\">\n\t\t\t\t\t\t\t\t\t\t\t\t<figure class=\"wp-caption\">\n\t\t\t\t\t\t\t\t\t\t\t<a href=\"https:\/\/fehrsschule.de\/fachcurricula\/fachcurricula-deutsch\/\">\n\t\t\t\t\t\t\t<img fetchpriority=\"high\" decoding=\"async\" width=\"512\" height=\"512\" src=\"https:\/\/fehrsschule.de\/wp-content\/uploads\/2025\/12\/Deutsch.png\" class=\"attachment-full size-full wp-image-6592\" alt=\"Fachcurriculum f\u00fcr den Deutschunterricht\" srcset=\"https:\/\/fehrsschule.de\/wp-content\/uploads\/2025\/12\/Deutsch.png 512w, https:\/\/fehrsschule.de\/wp-content\/uploads\/2025\/12\/Deutsch-300x300.png 300w, https:\/\/fehrsschule.de\/wp-content\/uploads\/2025\/12\/Deutsch-150x150.png 150w\" sizes=\"(max-width: 512px) 100vw, 512px\" \/>\t\t\t\t\t\t\t\t<\/a>\n\t\t\t\t\t\t\t\t\t\t\t<figcaption class=\"widget-image-caption wp-caption-text\">Almanca<\/figcaption>\n\t\t\t\t\t\t\t\t\t\t<\/figure>\n\t\t\t\t\t\t\t\t\t<\/div>\n\t\t\t\t<\/div>\n\t\t<div class=\"elementor-element elementor-element-4f1b702 e-con-full e-ecs-flex e-flex e-con e-child\" data-id=\"4f1b702\" data-element_type=\"container\" data-e-type=\"container\" data-settings=\"{&quot;ecs_container_type&quot;:&quot;flex&quot;}\">\n\t\t\t\t<div class=\"elementor-element elementor-element-2c48414 elementor-widget elementor-widget-image\" data-id=\"2c48414\" data-element_type=\"widget\" data-e-type=\"widget\" data-widget_type=\"image.default\">\n\t\t\t\t\t\t\t\t\t\t\t\t<figure class=\"wp-caption\">\n\t\t\t\t\t\t\t\t\t\t\t<a href=\"https:\/\/fehrsschule.de\/fachcurricula\/fachcurricula-mathematik\/\">\n\t\t\t\t\t\t\t<img decoding=\"async\" width=\"512\" height=\"512\" src=\"https:\/\/fehrsschule.de\/wp-content\/uploads\/2025\/12\/Mathematik.png\" class=\"attachment-full size-full wp-image-6591\" alt=\"Fachcurriculum f\u00fcr Mathematik Unterricht\" srcset=\"https:\/\/fehrsschule.de\/wp-content\/uploads\/2025\/12\/Mathematik.png 512w, https:\/\/fehrsschule.de\/wp-content\/uploads\/2025\/12\/Mathematik-300x300.png 300w, https:\/\/fehrsschule.de\/wp-content\/uploads\/2025\/12\/Mathematik-150x150.png 150w\" sizes=\"(max-width: 512px) 100vw, 512px\" \/>\t\t\t\t\t\t\t\t<\/a>\n\t\t\t\t\t\t\t\t\t\t\t<figcaption class=\"widget-image-caption wp-caption-text\">Matematik<\/figcaption>\n\t\t\t\t\t\t\t\t\t\t<\/figure>\n\t\t\t\t\t\t\t\t\t<\/div>\n\t\t\t\t<\/div>\n\t\t<div class=\"elementor-element elementor-element-ef17676 e-con-full e-ecs-flex e-flex e-con e-child\" data-id=\"ef17676\" data-element_type=\"container\" data-e-type=\"container\" data-settings=\"{&quot;ecs_container_type&quot;:&quot;flex&quot;}\">\n\t\t\t\t<div class=\"elementor-element elementor-element-5c927a9 elementor-widget elementor-widget-image\" data-id=\"5c927a9\" data-element_type=\"widget\" data-e-type=\"widget\" data-widget_type=\"image.default\">\n\t\t\t\t\t\t\t\t\t\t\t\t<figure class=\"wp-caption\">\n\t\t\t\t\t\t\t\t\t\t\t<a href=\"https:\/\/fehrsschule.de\/fachcurricula\/fachcurricula-sachunterricht-su\/\">\n\t\t\t\t\t\t\t<img decoding=\"async\" width=\"512\" height=\"512\" src=\"https:\/\/fehrsschule.de\/wp-content\/uploads\/2025\/12\/Sachunterricht.png\" class=\"attachment-full size-full wp-image-6594\" alt=\"f\u00fcr den Sachunterricht\" srcset=\"https:\/\/fehrsschule.de\/wp-content\/uploads\/2025\/12\/Sachunterricht.png 512w, https:\/\/fehrsschule.de\/wp-content\/uploads\/2025\/12\/Sachunterricht-300x300.png 300w, https:\/\/fehrsschule.de\/wp-content\/uploads\/2025\/12\/Sachunterricht-150x150.png 150w\" sizes=\"(max-width: 512px) 100vw, 512px\" \/>\t\t\t\t\t\t\t\t<\/a>\n\t\t\t\t\t\t\t\t\t\t\t<figcaption class=\"widget-image-caption wp-caption-text\">Bilim<\/figcaption>\n\t\t\t\t\t\t\t\t\t\t<\/figure>\n\t\t\t\t\t\t\t\t\t<\/div>\n\t\t\t\t<\/div>\n\t\t<div class=\"elementor-element elementor-element-45ea368 e-con-full e-ecs-flex e-flex e-con e-child\" data-id=\"45ea368\" data-element_type=\"container\" data-e-type=\"container\" data-settings=\"{&quot;ecs_container_type&quot;:&quot;flex&quot;}\">\n\t\t\t\t<div class=\"elementor-element elementor-element-24a8502 elementor-widget elementor-widget-image\" data-id=\"24a8502\" data-element_type=\"widget\" data-e-type=\"widget\" data-widget_type=\"image.default\">\n\t\t\t\t\t\t\t\t\t\t\t\t<figure class=\"wp-caption\">\n\t\t\t\t\t\t\t\t\t\t\t<a href=\"https:\/\/fehrsschule.de\/fachcurricula\/fachcurricula-musik\/\">\n\t\t\t\t\t\t\t<img loading=\"lazy\" decoding=\"async\" width=\"512\" height=\"512\" src=\"https:\/\/fehrsschule.de\/wp-content\/uploads\/2025\/12\/Musik.png\" class=\"attachment-full size-full wp-image-6593\" alt=\"Fachcurriculum f\u00fcr den Musikunterricht\" srcset=\"https:\/\/fehrsschule.de\/wp-content\/uploads\/2025\/12\/Musik.png 512w, https:\/\/fehrsschule.de\/wp-content\/uploads\/2025\/12\/Musik-300x300.png 300w, https:\/\/fehrsschule.de\/wp-content\/uploads\/2025\/12\/Musik-150x150.png 150w\" sizes=\"(max-width: 512px) 100vw, 512px\" \/>\t\t\t\t\t\t\t\t<\/a>\n\t\t\t\t\t\t\t\t\t\t\t<figcaption class=\"widget-image-caption wp-caption-text\">M\u00fczik<\/figcaption>\n\t\t\t\t\t\t\t\t\t\t<\/figure>\n\t\t\t\t\t\t\t\t\t<\/div>\n\t\t\t\t<\/div>\n\t\t<div class=\"elementor-element elementor-element-169c3b7 e-con-full e-ecs-flex e-flex e-con e-child\" data-id=\"169c3b7\" data-element_type=\"container\" data-e-type=\"container\" data-settings=\"{&quot;ecs_container_type&quot;:&quot;flex&quot;}\">\n\t\t\t\t<div class=\"elementor-element elementor-element-2dc016e elementor-widget elementor-widget-image\" data-id=\"2dc016e\" data-element_type=\"widget\" data-e-type=\"widget\" data-widget_type=\"image.default\">\n\t\t\t\t\t\t\t\t\t\t\t\t<figure class=\"wp-caption\">\n\t\t\t\t\t\t\t\t\t\t\t<a href=\"https:\/\/fehrsschule.de\/fachcurricula\/fachcurricula-sportunterricht\/\">\n\t\t\t\t\t\t\t<img loading=\"lazy\" decoding=\"async\" width=\"512\" height=\"512\" src=\"https:\/\/fehrsschule.de\/wp-content\/uploads\/2025\/12\/Sport.png\" class=\"attachment-full size-full wp-image-6595\" alt=\"Fachcurriculum f\u00fcr den Sportunterricht\" srcset=\"https:\/\/fehrsschule.de\/wp-content\/uploads\/2025\/12\/Sport.png 512w, https:\/\/fehrsschule.de\/wp-content\/uploads\/2025\/12\/Sport-300x300.png 300w, https:\/\/fehrsschule.de\/wp-content\/uploads\/2025\/12\/Sport-150x150.png 150w\" sizes=\"(max-width: 512px) 100vw, 512px\" \/>\t\t\t\t\t\t\t\t<\/a>\n\t\t\t\t\t\t\t\t\t\t\t<figcaption class=\"widget-image-caption wp-caption-text\">Spor<\/figcaption>\n\t\t\t\t\t\t\t\t\t\t<\/figure>\n\t\t\t\t\t\t\t\t\t<\/div>\n\t\t\t\t<\/div>\n\t\t<div class=\"elementor-element elementor-element-d9aef37 e-con-full e-ecs-flex e-flex e-con e-child\" data-id=\"d9aef37\" data-element_type=\"container\" data-e-type=\"container\" data-settings=\"{&quot;ecs_container_type&quot;:&quot;flex&quot;}\">\n\t\t\t\t<div class=\"elementor-element elementor-element-1cf6eb7 elementor-widget elementor-widget-image\" data-id=\"1cf6eb7\" data-element_type=\"widget\" data-e-type=\"widget\" data-widget_type=\"image.default\">\n\t\t\t\t\t\t\t\t\t\t\t\t<figure class=\"wp-caption\">\n\t\t\t\t\t\t\t\t\t\t\t<a href=\"https:\/\/fehrsschule.de\/fachcurricula\/fachcurricula-kunstunterricht\/\">\n\t\t\t\t\t\t\t<img loading=\"lazy\" decoding=\"async\" width=\"512\" height=\"512\" src=\"https:\/\/fehrsschule.de\/wp-content\/uploads\/2025\/12\/Kunst.png\" class=\"attachment-full size-full wp-image-6596\" alt=\"Fachcurriculum f\u00fcr den Kunstunterricht\" srcset=\"https:\/\/fehrsschule.de\/wp-content\/uploads\/2025\/12\/Kunst.png 512w, https:\/\/fehrsschule.de\/wp-content\/uploads\/2025\/12\/Kunst-300x300.png 300w, https:\/\/fehrsschule.de\/wp-content\/uploads\/2025\/12\/Kunst-150x150.png 150w\" sizes=\"(max-width: 512px) 100vw, 512px\" \/>\t\t\t\t\t\t\t\t<\/a>\n\t\t\t\t\t\t\t\t\t\t\t<figcaption class=\"widget-image-caption wp-caption-text\">Sanat<\/figcaption>\n\t\t\t\t\t\t\t\t\t\t<\/figure>\n\t\t\t\t\t\t\t\t\t<\/div>\n\t\t\t\t<\/div>\n\t\t<div class=\"elementor-element elementor-element-858ffe1 e-con-full e-ecs-flex e-flex e-con e-child\" data-id=\"858ffe1\" data-element_type=\"container\" data-e-type=\"container\" data-settings=\"{&quot;ecs_container_type&quot;:&quot;flex&quot;}\">\n\t\t\t\t<div class=\"elementor-element elementor-element-a83dafa elementor-widget elementor-widget-image\" data-id=\"a83dafa\" data-element_type=\"widget\" data-e-type=\"widget\" data-widget_type=\"image.default\">\n\t\t\t\t\t\t\t\t\t\t\t\t<figure class=\"wp-caption\">\n\t\t\t\t\t\t\t\t\t\t\t<a href=\"https:\/\/fehrsschule.de\/fachcurricula\/fachcurricula-religion\/\">\n\t\t\t\t\t\t\t<img loading=\"lazy\" decoding=\"async\" width=\"512\" height=\"512\" src=\"https:\/\/fehrsschule.de\/wp-content\/uploads\/2025\/12\/Religion.png\" class=\"attachment-full size-full wp-image-6597\" alt=\"Fachcurriculum f\u00fcr Religionsunterricht\" srcset=\"https:\/\/fehrsschule.de\/wp-content\/uploads\/2025\/12\/Religion.png 512w, https:\/\/fehrsschule.de\/wp-content\/uploads\/2025\/12\/Religion-300x300.png 300w, https:\/\/fehrsschule.de\/wp-content\/uploads\/2025\/12\/Religion-150x150.png 150w\" sizes=\"(max-width: 512px) 100vw, 512px\" \/>\t\t\t\t\t\t\t\t<\/a>\n\t\t\t\t\t\t\t\t\t\t\t<figcaption class=\"widget-image-caption wp-caption-text\">M\u00fcfredat Din<\/figcaption>\n\t\t\t\t\t\t\t\t\t\t<\/figure>\n\t\t\t\t\t\t\t\t\t<\/div>\n\t\t\t\t<\/div>\n\t\t\t\t\t<\/div>\n\t\t\t\t<\/div>\n\t\t\t\t<\/div>\n\t\t<\/div>\n\t\t\t\t\t\t<\/div>\n\t\t\t\t\t<\/div>\n\t\t\t\t<\/div>\n\t\t\t\t<\/div>\n\t\t","protected":false},"excerpt":{"rendered":"<p>Johann-Hinrich-Fehrs-Okulu&#8217;nda Sanat Johann-Hinrich-Fehrs-Okulu&#8217;ndaki sanat dersi, \u00f6\u011frencilerin yarat\u0131c\u0131 ifade yetene\u011fini, alg\u0131s\u0131n\u0131 ve g\u00f6rsel yeterlili\u011fini geli\u015ftirir. Odak noktas\u0131, farkl\u0131 ifade bi\u00e7imlerinde aktif olarak resimler olu\u015fturmak ve anlamakt\u0131r. \u00c7ocuklar, kendi fikirlerini uygulamay\u0131, materyalleri bilin\u00e7li olarak kullanmay\u0131 ve eserlerini de\u011ferlendirmeyi \u00f6\u011frenirler. Ders, Schleswig-Holstein&#8217;daki ilk\u00f6\u011fretim i\u00e7in sanat dersi gereksinimlerine g\u00f6re d\u00fczenlenir ve d\u00fczenli olarak g\u00f6zden ge\u00e7irilen ve geli\u015ftirilen canl\u0131 bir [&hellip;]<\/p>\n","protected":false},"author":1,"featured_media":0,"parent":6589,"menu_order":4,"comment_status":"closed","ping_status":"closed","template":"","meta":{"footnotes":""},"class_list":["post-7512","page","type-page","status-publish","hentry"],"_links":{"self":[{"href":"https:\/\/fehrsschule.de\/tr\/wp-json\/wp\/v2\/pages\/7512","targetHints":{"allow":["GET"]}}],"collection":[{"href":"https:\/\/fehrsschule.de\/tr\/wp-json\/wp\/v2\/pages"}],"about":[{"href":"https:\/\/fehrsschule.de\/tr\/wp-json\/wp\/v2\/types\/page"}],"author":[{"embeddable":true,"href":"https:\/\/fehrsschule.de\/tr\/wp-json\/wp\/v2\/users\/1"}],"replies":[{"embeddable":true,"href":"https:\/\/fehrsschule.de\/tr\/wp-json\/wp\/v2\/comments?post=7512"}],"version-history":[{"count":0,"href":"https:\/\/fehrsschule.de\/tr\/wp-json\/wp\/v2\/pages\/7512\/revisions"}],"up":[{"embeddable":true,"href":"https:\/\/fehrsschule.de\/tr\/wp-json\/wp\/v2\/pages\/6589"}],"wp:attachment":[{"href":"https:\/\/fehrsschule.de\/tr\/wp-json\/wp\/v2\/media?parent=7512"}],"curies":[{"name":"wp","href":"https:\/\/api.w.org\/{rel}","templated":true}]}}