{"id":6760,"date":"2026-01-02T10:00:36","date_gmt":"2026-01-02T09:00:36","guid":{"rendered":"https:\/\/fehrsschule.de\/okul-programi\/"},"modified":"2026-01-14T10:37:55","modified_gmt":"2026-01-14T09:37:55","slug":"okul-programi","status":"publish","type":"page","link":"https:\/\/fehrsschule.de\/tr\/okul-programi\/","title":{"rendered":"Okul Program\u0131"},"content":{"rendered":"\t\t<div data-elementor-type=\"wp-page\" data-elementor-id=\"6760\" class=\"elementor elementor-6760 elementor-5938\" data-elementor-post-type=\"page\">\n\t\t\t\t<div class=\"elementor-element elementor-element-a297a59 e-ecs-flex e-flex e-con-boxed e-con e-parent\" data-id=\"a297a59\" data-element_type=\"container\" data-e-type=\"container\" data-settings=\"{&quot;ecs_container_type&quot;:&quot;flex&quot;}\">\n\t\t\t\t\t<div class=\"e-con-inner\">\n\t\t<div class=\"elementor-element elementor-element-5aece4d e-con-full e-ecs-flex e-flex e-con e-child\" data-id=\"5aece4d\" data-element_type=\"container\" data-e-type=\"container\" data-settings=\"{&quot;background_background&quot;:&quot;classic&quot;,&quot;ecs_container_type&quot;:&quot;flex&quot;}\">\n\t\t\t\t<div class=\"elementor-element elementor-element-98fef01 titlebg elementor-widget elementor-widget-heading\" data-id=\"98fef01\" data-element_type=\"widget\" data-e-type=\"widget\" data-widget_type=\"heading.default\">\n\t\t\t\t\t<h1 class=\"elementor-heading-title elementor-size-default\"><span>Okul Program\u0131<\/span><\/h1>\t\t\t\t<\/div>\n\t\t\t\t<\/div>\n\t\t\t\t\t<\/div>\n\t\t\t\t<\/div>\n\t\t<div class=\"elementor-element elementor-element-1a59cdb e-ecs-flex e-flex e-con-boxed e-con e-parent\" data-id=\"1a59cdb\" data-element_type=\"container\" data-e-type=\"container\" data-settings=\"{&quot;ecs_container_type&quot;:&quot;flex&quot;}\">\n\t\t\t\t\t<div class=\"e-con-inner\">\n\t\t<div class=\"elementor-element elementor-element-381a777 e-con-full e-ecs-flex e-flex e-con e-child\" data-id=\"381a777\" data-element_type=\"container\" data-e-type=\"container\" data-settings=\"{&quot;ecs_container_type&quot;:&quot;flex&quot;}\">\n\t\t\t\t<div class=\"elementor-element elementor-element-c526580 elementor-widget elementor-widget-heading\" data-id=\"c526580\" data-element_type=\"widget\" data-e-type=\"widget\" data-widget_type=\"heading.default\">\n\t\t\t\t\t<h2 class=\"elementor-heading-title elementor-size-default\">Okul Program\u0131m\u0131z<\/h2>\t\t\t\t<\/div>\n\t\t\t\t<div class=\"elementor-element elementor-element-64e7136 elementor-widget-divider--view-line elementor-widget elementor-widget-divider\" data-id=\"64e7136\" data-element_type=\"widget\" data-e-type=\"widget\" data-widget_type=\"divider.default\">\n\t\t\t\t\t\t\t<div class=\"elementor-divider\">\n\t\t\t<span class=\"elementor-divider-separator\">\n\t\t\t\t\t\t<\/span>\n\t\t<\/div>\n\t\t\t\t\t\t<\/div>\n\t\t\t\t<div class=\"elementor-element elementor-element-9e59840 elementor-widget elementor-widget-text-editor\" data-id=\"9e59840\" data-element_type=\"widget\" data-e-type=\"widget\" data-widget_type=\"text-editor.default\">\n\t\t\t\t\t\t\t\t\t<p>Johann-Hinrich-Fehrs-Okulu&#8217;nun okul program\u0131 okulda incelenebilir. A\u015fa\u011f\u0131da, merkezi i\u00e7eriksel odak noktalar\u0131n\u0131n bir \u00f6zetini bulacaks\u0131n\u0131z. <\/p><p>Johann-Hinrich-Fehrs-Schule Neum\u00fcnster<br>Her \u00e7ocu\u011fu gemiye al\u0131yoruz. \u0130lgileniyoruz. <\/p><p>Okul program\u0131m\u0131z, \u00e7ocuklar\u0131n bireysel ihtiya\u00e7lar\u0131na g\u00f6re \u015fekillenmekte ve \u00f6\u011frenme, bak\u0131m ve te\u015fviki b\u00fct\u00fcnsel olarak birle\u015ftirmeyi ama\u00e7lamaktad\u0131r. Yap\u0131land\u0131r\u0131lm\u0131\u015f bir okul g\u00fcn\u00fc, g\u00fcvenilir bak\u0131m ve ebeveynler ve harici ortaklarla yak\u0131n i\u015fbirli\u011fi \u00f6n plandad\u0131r. <\/p><p>Okul program\u0131m\u0131z\u0131n temel odak noktalar\u0131:<br>\u2022 Okula ba\u015flamadan bir y\u0131l \u00f6nce harici yard\u0131mlar\u0131n desteklenmesi ve sa\u011flanmas\u0131<br>\u2022 07.00 &#8211; 16.30 saatleri aras\u0131nda tam g\u00fcn bak\u0131m<br>\u2022 Yap\u0131land\u0131r\u0131lm\u0131\u015f ve g\u00fcvenilir g\u00fcnl\u00fck rutin<br>\u2022 Sa\u011fl\u0131kl\u0131 temel bak\u0131m (kahvalt\u0131, \u00f6\u011fle yeme\u011fi, \u00f6\u011fle yeme\u011fi)<br>\u2022 Bireyselle\u015ftirilmi\u015f \u00f6\u011frenme ve \u00e7al\u0131\u015fma planlar\u0131<br>\u2022 Ana konularda yetkinlik listeleriyle \u00e7al\u0131\u015fma<br>\u2022 \u00d6zel beceri ve yeteneklerin ke\u015ffedilmesi ve te\u015fvik edilmesi<br>\u2022 Sosyal e\u011fitim ve okul hayat\u0131nda tek tip rit\u00fceller<br>\u2022 Tak\u0131m odakl\u0131 \u00e7at\u0131\u015fma y\u00f6netimi<br>\u2022 Ebeveynlerin e\u011fitimsel yetkinli\u011finin g\u00fc\u00e7lendirilmesi<br>\u2022 Okul d\u0131\u015f\u0131 ortaklarla yak\u0131n a\u011f olu\u015fturma<\/p>\t\t\t\t\t\t\t\t<\/div>\n\t\t\t\t<\/div>\n\t\t\t\t\t<\/div>\n\t\t\t\t<\/div>\n\t\t\t\t<\/div>\n\t\t","protected":false},"excerpt":{"rendered":"<p>Okul Program\u0131m\u0131z Johann-Hinrich-Fehrs-Okulu&#8217;nun okul program\u0131 okulda incelenebilir. A\u015fa\u011f\u0131da, merkezi i\u00e7eriksel odak noktalar\u0131n\u0131n bir \u00f6zetini bulacaks\u0131n\u0131z. Johann-Hinrich-Fehrs-Schule Neum\u00fcnsterHer \u00e7ocu\u011fu gemiye al\u0131yoruz. \u0130lgileniyoruz. Okul program\u0131m\u0131z, \u00e7ocuklar\u0131n bireysel ihtiya\u00e7lar\u0131na g\u00f6re \u015fekillenmekte ve \u00f6\u011frenme, bak\u0131m ve te\u015fviki b\u00fct\u00fcnsel olarak birle\u015ftirmeyi ama\u00e7lamaktad\u0131r. Yap\u0131land\u0131r\u0131lm\u0131\u015f bir okul g\u00fcn\u00fc, g\u00fcvenilir bak\u0131m ve ebeveynler ve harici ortaklarla yak\u0131n i\u015fbirli\u011fi \u00f6n plandad\u0131r. Okul program\u0131m\u0131z\u0131n temel [&hellip;]<\/p>\n","protected":false},"author":1,"featured_media":0,"parent":0,"menu_order":2,"comment_status":"closed","ping_status":"closed","template":"","meta":{"footnotes":""},"class_list":["post-6760","page","type-page","status-publish","hentry"],"_links":{"self":[{"href":"https:\/\/fehrsschule.de\/tr\/wp-json\/wp\/v2\/pages\/6760","targetHints":{"allow":["GET"]}}],"collection":[{"href":"https:\/\/fehrsschule.de\/tr\/wp-json\/wp\/v2\/pages"}],"about":[{"href":"https:\/\/fehrsschule.de\/tr\/wp-json\/wp\/v2\/types\/page"}],"author":[{"embeddable":true,"href":"https:\/\/fehrsschule.de\/tr\/wp-json\/wp\/v2\/users\/1"}],"replies":[{"embeddable":true,"href":"https:\/\/fehrsschule.de\/tr\/wp-json\/wp\/v2\/comments?post=6760"}],"version-history":[{"count":0,"href":"https:\/\/fehrsschule.de\/tr\/wp-json\/wp\/v2\/pages\/6760\/revisions"}],"wp:attachment":[{"href":"https:\/\/fehrsschule.de\/tr\/wp-json\/wp\/v2\/media?parent=6760"}],"curies":[{"name":"wp","href":"https:\/\/api.w.org\/{rel}","templated":true}]}}