{"id":6672,"date":"2025-12-30T10:02:32","date_gmt":"2025-12-30T09:02:32","guid":{"rendered":"https:\/\/fehrsschule.de\/arkadas-dernegi\/"},"modified":"2026-01-14T10:36:10","modified_gmt":"2026-01-14T09:36:10","slug":"arkadas-dernegi","status":"publish","type":"page","link":"https:\/\/fehrsschule.de\/tr\/arkadas-dernegi\/","title":{"rendered":"Arkada\u015f Derne\u011fi"},"content":{"rendered":"\t\t<div data-elementor-type=\"wp-page\" data-elementor-id=\"6672\" class=\"elementor elementor-6672 elementor-5869\" data-elementor-post-type=\"page\">\n\t\t\t\t<div class=\"elementor-element elementor-element-a297a59 e-ecs-flex e-flex e-con-boxed e-con e-parent\" data-id=\"a297a59\" data-element_type=\"container\" data-e-type=\"container\" data-settings=\"{&quot;ecs_container_type&quot;:&quot;flex&quot;}\">\n\t\t\t\t\t<div class=\"e-con-inner\">\n\t\t<div class=\"elementor-element elementor-element-5aece4d e-con-full e-ecs-flex e-flex e-con e-child\" data-id=\"5aece4d\" data-element_type=\"container\" data-e-type=\"container\" data-settings=\"{&quot;background_background&quot;:&quot;classic&quot;,&quot;ecs_container_type&quot;:&quot;flex&quot;}\">\n\t\t\t\t<div class=\"elementor-element elementor-element-98fef01 titlebg elementor-widget elementor-widget-heading\" data-id=\"98fef01\" data-element_type=\"widget\" data-e-type=\"widget\" data-widget_type=\"heading.default\">\n\t\t\t\t\t<h1 class=\"elementor-heading-title elementor-size-default\"><span>Arkada\u015f Derne\u011fi<\/span><\/h1>\t\t\t\t<\/div>\n\t\t\t\t<\/div>\n\t\t\t\t\t<\/div>\n\t\t\t\t<\/div>\n\t\t<div class=\"elementor-element elementor-element-1380fb7 e-ecs-flex e-flex e-con-boxed e-con e-parent\" data-id=\"1380fb7\" data-element_type=\"container\" data-e-type=\"container\" data-settings=\"{&quot;ecs_container_type&quot;:&quot;flex&quot;}\">\n\t\t\t\t\t<div class=\"e-con-inner\">\n\t\t\t\t<div class=\"elementor-element elementor-element-e2d92d4 elementor-widget elementor-widget-text-editor\" data-id=\"e2d92d4\" data-element_type=\"widget\" data-e-type=\"widget\" data-widget_type=\"text-editor.default\">\n\t\t\t\t\t\t\t\t\t<p>Arkada\u015f Derne\u011fi, Johann-Hinrich-Fehrs-Okulu&#8217;nu e\u011fitim g\u00f6revinde desteklemeyi ve te\u015fvik etmeyi ama\u00e7layan veliler, arkada\u015flar, eski \u00f6\u011frenciler ve \u00f6\u011fretmenlerden olu\u015fan bir topluluktur. Bu, \u00f6zellikle maliyetli e\u011fitim materyallerinin, teneff\u00fcsler i\u00e7in oyun sand\u0131klar\u0131n\u0131n sat\u0131n al\u0131nmas\u0131 ve etkinliklerin organizasyonu yoluyla ger\u00e7ekle\u015ftirilir. <\/p><p>Sa\u011flanan fonlar \u015funlar\u0131 m\u00fcmk\u00fcn k\u0131lm\u0131\u015ft\u0131r:<\/p><ul><li><strong>Oyun ekipmanlar\u0131 ile okul bah\u00e7esinin yeniden tasarlanmas\u0131<\/strong><\/li><li><strong>Teneff\u00fcs i\u00e7in oyun sand\u0131klar\u0131n\u0131n sat\u0131n al\u0131nmas\u0131<\/strong><\/li><li><strong>\u00d6\u011frenci k\u00fct\u00fcphanesine mali destek<\/strong><\/li><li><strong>S\u0131n\u0131f gezileri i\u00e7in hibelerin verilmesi<\/strong><\/li><\/ul><p>Ayr\u0131ca, Arkada\u015f Derne\u011fi, Hallig grubunu ve A\u00e7\u0131k Tam G\u00fcn Okulu-\u00d6\u011frenci Yuvas\u0131&#8217;n\u0131 desteklemektedir. Her iki kurum i\u00e7in de i\u015fveren konumundad\u0131r. Hizmet denetimi okul y\u00f6netiminin sorumlulu\u011fundad\u0131r.  <\/p><p>Arkada\u015f Derne\u011fi&#8217;ne kat\u0131lmaya karar verirseniz \u00e7ok memnun oluruz. Dernek kamu yarar\u0131na \u00e7al\u0131\u015fan bir kurulu\u015f olarak kabul edildi\u011finden, dernek aidat\u0131 vergiden d\u00fc\u015f\u00fclebilir. <\/p><p>Johann-Hinrich-Fehrs-Okulu&#8217;na ba\u011fl\u0131 hisseden herkes \u00fcye olabilir.<br>\u00dcyelik \u00fccreti y\u0131lda en az 12,- Euro&#8217;dur (\u00fcst s\u0131n\u0131r a\u00e7\u0131k).<br>\u00c7ocu\u011funuz okuldan ayr\u0131l\u0131rsa, \u00fcyelik otomatik olarak sona erer, ancak bize \u00fcye olarak kalmaya devam etmek istedi\u011finizi bildirmedi\u011finiz s\u00fcrece &#8211; bu bizi mutlu eder!<\/p><h2>\u00c7ocuk ve Gen\u00e7lik Yard\u0131m Tedbiri &#8220;Hallig Grubu&#8221;<\/h2><p>Okulda, davran\u0131\u015f bozukluklar\u0131 nedeniyle dikkat \u00e7eken \u00e7ocuklar\u0131n say\u0131s\u0131 giderek artmaktad\u0131r. Bunun nedenleri \u00e7e\u015fitlidir. Okul, bu de\u011fi\u015fen ko\u015fullara farkl\u0131 \u015fekillerde yan\u0131t vermeye \u00e7al\u0131\u015fmaktad\u0131r.  <\/p><p>Ancak baz\u0131 \u00e7ocuklar i\u00e7in okulun pedagojik olanaklar\u0131 art\u0131k yeterli olmamaktad\u0131r. Sosyal ya\u015fam alanlar\u0131ndaki ihtiya\u00e7lar\u0131 ve eksiklikleri o kadar b\u00fcy\u00fckt\u00fcr ki, ders i\u00e7inde onlara adil davranmak m\u00fcmk\u00fcn olmamaktad\u0131r. <\/p><p>Bu \u00e7ocuklara hayata daha uygun bir ba\u015flang\u0131\u00e7 yapmalar\u0131n\u0131 sa\u011flamak i\u00e7in &#8220;Hallig Grubu&#8221; kurulmu\u015ftur. Burada \u00e7ocuklar, okula ve \u00e7evreye sosyal ve pedagojik olarak entegre olmalar\u0131 i\u00e7in t\u00fcm g\u00fcn boyunca bak\u0131lmaktad\u0131r. <\/p><p>Johann-Hinrich-Fehrs-Okulu Arkada\u015f Derne\u011fi, bu kurumu desteklemekte ve te\u015fvik etmektedir.<br>Biz, Hallig Grubu&#8217;nun destek\u00e7ileri olarak bu sorunla ilgileniyoruz.<strong> <\/strong><\/p><p><strong>Ve ba\u015far\u0131yla: S\u0131n\u0131f topluluklar\u0131nda \u00f6\u011frenmek herkes i\u00e7in tekrar e\u011flenceli hale geliyor.<br><\/strong><\/p><h2>A\u00e7\u0131k Tam G\u00fcn Okulu<\/h2><p><strong>&#8211; \u00d6\u011frenci Yuvas\u0131 &#8211;<\/strong><\/p><p>Johann-Hinrich-Fehrs-Okulu&#8217;nun \u00d6\u011frenci Yuvas\u0131, ba\u015flang\u0131\u00e7ta Bak\u0131lan \u0130lkokul olarak y\u00f6netildi\u011fi 1 Eyl\u00fcl 1998&#8217;den beri mevcuttur. 1 A\u011fustos 2004&#8217;ten beri \u00d6\u011frenci Yuvas\u0131, A\u00e7\u0131k Tam G\u00fcn Okulu olarak organize edilmi\u015ftir ve dersler boyunca \u00e7ocuklara e\u015flik etmektedir. <\/p><p>\u00c7ocuklar saat 7.00&#8217;den itibaren tesise gelebilir ve orada kahvalt\u0131 yapabilirler. Saat 12.00&#8217;den itibaren 1. ve 2. s\u0131n\u0131f \u00f6\u011frencilerine dengeli, \u00e7ocuklara uygun bir \u00f6\u011fle yeme\u011fi sunulmaktad\u0131r. Saat 12.40&#8217;tan itibaren \u00e7e\u015fitli \u00e7al\u0131\u015fma gruplar\u0131 d\u00fczenlenmektedir, \u00f6rne\u011fin \u00f6dev yard\u0131m\u0131, koro veya Taekwondo. \u00c7al\u0131\u015fma gruplar\u0131 hakk\u0131nda daha ayr\u0131nt\u0131l\u0131 bilgileri veliler her okul y\u0131l\u0131n\u0131n ba\u015f\u0131nda al\u0131rlar. \u00c7al\u0131\u015fma gruplar\u0131 genellikle saat 13.20&#8217;ye kadar s\u00fcrer, ard\u0131ndan denetimli serbest oyun veya ba\u015fka projeler sunulmaktad\u0131r.      <\/p><p>3. ve 4. s\u0131n\u0131f \u00f6\u011frencileri, dersten sonra saat 13.00&#8217;de \u00f6\u011fle yeme\u011fi yeme imkan\u0131na sahiptir. Ard\u0131ndan, saat 14.20&#8217;ye kadar onlara da kapsaml\u0131 bir \u00e7al\u0131\u015fma gruplar\u0131 ve \u00f6\u011frenme yard\u0131mlar\u0131 yelpazesi sunulmaktad\u0131r.   <\/p><p>Ayl\u0131k \u00fccret sadece \u00f6\u011fle yeme\u011fi i\u00e7in al\u0131nmaktad\u0131r. 2007\/2008 okul y\u0131l\u0131nda ayl\u0131k yakla\u015f\u0131k 60 Euro idi. Ek olarak, ilkbahar ve sonbahar tatillerinin ilk haftas\u0131nda ve yaz tatillerinin ilk ve ikinci haftas\u0131nda ayr\u0131 bir \u00fccretin \u00f6dendi\u011fi bir tatil program\u0131 sunulmaktad\u0131r.  <\/p><p>Tesise, ebeveynlerin mesleki veya di\u011fer nedenlerle dersten hemen sonra bak\u0131m\u0131n\u0131 \u00fcstlenemedi\u011fi veya pedagojik a\u00e7\u0131dan bak\u0131m\u0131n mant\u0131kl\u0131 g\u00f6r\u00fcnd\u00fc\u011f\u00fc \u00e7ocuklar kabul edilmektedir. \u00d6\u011frenci Yuvas\u0131&#8217;na kat\u0131l\u0131m bir y\u0131l i\u00e7in ba\u011flay\u0131c\u0131d\u0131r. <br><br><\/p><hr><p><strong><br>Sorular\u0131n\u0131z ve kay\u0131tlar\u0131n\u0131z i\u00e7in l\u00fctfen ileti\u015fime ge\u00e7in:<\/strong><\/p><ul><li><strong>okul (Tel. 04321 \/ 9425310) veya do\u011frudan \u00d6\u011frenci Yuvas\u0131&#8217;nda<\/strong><\/li><\/ul><ul><li><strong>Bayan Groth (Tel. 04321 \/ 18 72 66).<\/strong><\/li><\/ul><p><strong><br>Adres:<\/strong><\/p><p><strong>Arkada\u015f Derne\u011fi<\/strong><br><strong>Johann-Hinrich-Fehrs-Okulu e.V.<\/strong><br>Wilhelmstra\u00dfe 8-16<br>24534 Neum\u00fcnster<\/p><p>Tel.: 04321 555 09 84<br>Faks : 04321 17 98 08<br>Mail: <a href=\"mailto:info@jhfs.neumuenster.de\">info@jhfs.neumuenster.de<\/a><\/p><p><strong>Bilgi:<\/strong> Doldurulacak ve yazd\u0131r\u0131lacak <em>kat\u0131l\u0131m beyan\u0131n\u0131<\/em> el ilan\u0131m\u0131zda bulabilirsiniz: <a class=\"jce_file\" title=\"El ilan\u0131n\u0131 indirin\" href=\"https:\/\/fehrsschule.de\/wp-content\/uploads\/2024\/02\/verein_der_freunde_flyer.pdf\" target=\"_blank\" rel=\"noopener\">El ilan\u0131n\u0131 indirin<\/a><\/p>\t\t\t\t\t\t\t\t<\/div>\n\t\t\t\t\t<\/div>\n\t\t\t\t<\/div>\n\t\t\t\t<\/div>\n\t\t","protected":false},"excerpt":{"rendered":"<p>Arkada\u015f Derne\u011fi, Johann-Hinrich-Fehrs-Okulu&#8217;nu e\u011fitim g\u00f6revinde desteklemeyi ve te\u015fvik etmeyi ama\u00e7layan veliler, arkada\u015flar, eski \u00f6\u011frenciler ve \u00f6\u011fretmenlerden olu\u015fan bir topluluktur. Bu, \u00f6zellikle maliyetli e\u011fitim materyallerinin, teneff\u00fcsler i\u00e7in oyun sand\u0131klar\u0131n\u0131n sat\u0131n al\u0131nmas\u0131 ve etkinliklerin organizasyonu yoluyla ger\u00e7ekle\u015ftirilir. Sa\u011flanan fonlar \u015funlar\u0131 m\u00fcmk\u00fcn k\u0131lm\u0131\u015ft\u0131r: Oyun ekipmanlar\u0131 ile okul bah\u00e7esinin yeniden tasarlanmas\u0131 Teneff\u00fcs i\u00e7in oyun sand\u0131klar\u0131n\u0131n sat\u0131n al\u0131nmas\u0131 \u00d6\u011frenci k\u00fct\u00fcphanesine [&hellip;]<\/p>\n","protected":false},"author":1,"featured_media":0,"parent":0,"menu_order":2,"comment_status":"closed","ping_status":"closed","template":"","meta":{"footnotes":""},"class_list":["post-6672","page","type-page","status-publish","hentry"],"_links":{"self":[{"href":"https:\/\/fehrsschule.de\/tr\/wp-json\/wp\/v2\/pages\/6672","targetHints":{"allow":["GET"]}}],"collection":[{"href":"https:\/\/fehrsschule.de\/tr\/wp-json\/wp\/v2\/pages"}],"about":[{"href":"https:\/\/fehrsschule.de\/tr\/wp-json\/wp\/v2\/types\/page"}],"author":[{"embeddable":true,"href":"https:\/\/fehrsschule.de\/tr\/wp-json\/wp\/v2\/users\/1"}],"replies":[{"embeddable":true,"href":"https:\/\/fehrsschule.de\/tr\/wp-json\/wp\/v2\/comments?post=6672"}],"version-history":[{"count":0,"href":"https:\/\/fehrsschule.de\/tr\/wp-json\/wp\/v2\/pages\/6672\/revisions"}],"wp:attachment":[{"href":"https:\/\/fehrsschule.de\/tr\/wp-json\/wp\/v2\/media?parent=6672"}],"curies":[{"name":"wp","href":"https:\/\/api.w.org\/{rel}","templated":true}]}}