{"id":7539,"date":"2025-12-28T16:10:59","date_gmt":"2025-12-28T15:10:59","guid":{"rendered":"https:\/\/fehrsschule.de\/curricule-de-specialitate\/curricula-de-specialitate-muzica\/"},"modified":"2026-01-23T07:51:19","modified_gmt":"2026-01-23T06:51:19","slug":"curricula-de-specialitate-muzica","status":"publish","type":"page","link":"https:\/\/fehrsschule.de\/ro\/curricule-de-specialitate\/curricula-de-specialitate-muzica\/","title":{"rendered":"Curricula de specialitate Muzic\u0103"},"content":{"rendered":"\t\t<div data-elementor-type=\"wp-page\" data-elementor-id=\"7539\" class=\"elementor elementor-7539 elementor-5637\" data-elementor-post-type=\"page\">\n\t\t\t\t<div class=\"elementor-element elementor-element-c7d4461 e-ecs-flex e-flex e-con-boxed e-con e-parent\" data-id=\"c7d4461\" data-element_type=\"container\" data-e-type=\"container\" data-settings=\"{&quot;ecs_container_type&quot;:&quot;flex&quot;}\">\n\t\t\t\t\t<div class=\"e-con-inner\">\n\t\t<div class=\"elementor-element elementor-element-778f6f2 e-con-full e-ecs-flex e-flex e-con e-child\" data-id=\"778f6f2\" data-element_type=\"container\" data-e-type=\"container\" data-settings=\"{&quot;background_background&quot;:&quot;classic&quot;,&quot;ecs_container_type&quot;:&quot;flex&quot;}\">\n\t\t\t\t<div class=\"elementor-element elementor-element-9e68cc6 titlebg elementor-widget elementor-widget-heading\" data-id=\"9e68cc6\" data-element_type=\"widget\" data-e-type=\"widget\" data-widget_type=\"heading.default\">\n\t\t\t\t\t<h1 class=\"elementor-heading-title elementor-size-default\"><span>Curricula de specialitate Muzic\u0103<\/span><\/h1>\t\t\t\t<\/div>\n\t\t\t\t<\/div>\n\t\t\t\t\t<\/div>\n\t\t\t\t<\/div>\n\t\t<div class=\"elementor-element elementor-element-dac0803 e-ecs-flex e-flex e-con-boxed e-con e-parent\" data-id=\"dac0803\" data-element_type=\"container\" data-e-type=\"container\" data-settings=\"{&quot;ecs_container_type&quot;:&quot;flex&quot;}\">\n\t\t\t\t\t<div class=\"e-con-inner\">\n\t\t\t\t<div class=\"elementor-element elementor-element-8da2141 elementor-widget elementor-widget-heading\" data-id=\"8da2141\" data-element_type=\"widget\" data-e-type=\"widget\" data-widget_type=\"heading.default\">\n\t\t\t\t\t<h2 class=\"elementor-heading-title elementor-size-default\">Muzica la \u0218coala Johann-Hinrich-Fehrs<\/h2>\t\t\t\t<\/div>\n\t\t\t\t<div class=\"elementor-element elementor-element-4eb01c1 elementor-widget-divider--view-line elementor-widget elementor-widget-divider\" data-id=\"4eb01c1\" data-element_type=\"widget\" data-e-type=\"widget\" data-widget_type=\"divider.default\">\n\t\t\t\t\t\t\t<div class=\"elementor-divider\">\n\t\t\t<span class=\"elementor-divider-separator\">\n\t\t\t\t\t\t<\/span>\n\t\t<\/div>\n\t\t\t\t\t\t<\/div>\n\t\t\t\t<div class=\"elementor-element elementor-element-241e46d elementor-widget elementor-widget-text-editor\" data-id=\"241e46d\" data-element_type=\"widget\" data-e-type=\"widget\" data-widget_type=\"text-editor.default\">\n\t\t\t\t\t\t\t\t\t<p>Lec\u021biile de muzic\u0103 de la \u0218coala Johann-Hinrich-Fehrs promoveaz\u0103 dezvoltarea creativ\u0103, emo\u021bional\u0103 \u0219i social\u0103 a elevilor. Muzica este \u00een\u021beleas\u0103 ca o form\u0103 de exprimare, un bun cultural \u0219i o experien\u021b\u0103 comunitar\u0103. Copiii \u00eenva\u021b\u0103 nu doar s\u0103 asculte muzic\u0103, ci \u0219i s\u0103 o creeze activ \u2013 prin c\u00e2ntat, interpretare, mi\u0219care \u0219i lucru creativ.  <\/p><p>Lec\u021biile se bazeaz\u0103 pe cerin\u021bele de specialitate ale IQSH pentru \u00eenv\u0103\u021b\u0103m\u00e2ntul primar \u0219i au loc o or\u0103 pe s\u0103pt\u0103m\u00e2n\u0103 \u00een to\u021bi cei patru ani de \u0219coal\u0103. Obiectivele principale sunt bucuria de muzic\u0103, utilizarea con\u0219tient\u0103 a sunetelor \u0219i dezvoltarea propriilor idei muzicale. <\/p><p><a href=\"https:\/\/fehrsschule.de\/wp-content\/uploads\/2025\/09\/FachcurriculumMusik.pdf\" target=\"_blank\" rel=\"noopener\"><em><strong>Descarc\u0103 curriculumul de specialitate pentru lec\u021biile de muzic\u0103 \u00een format PDF<\/strong><\/em><\/a><\/p>\t\t\t\t\t\t\t\t<\/div>\n\t\t\t\t\t<\/div>\n\t\t\t\t<\/div>\n\t\t<div class=\"elementor-element elementor-element-55ff22b e-ecs-flex e-flex e-con-boxed e-con e-parent\" data-id=\"55ff22b\" data-element_type=\"container\" data-e-type=\"container\" data-settings=\"{&quot;ecs_container_type&quot;:&quot;flex&quot;}\">\n\t\t\t\t\t<div class=\"e-con-inner\">\n\t\t\t\t<div class=\"elementor-element elementor-element-f25db2e elementor-widget elementor-widget-text-editor\" data-id=\"f25db2e\" data-element_type=\"widget\" data-e-type=\"widget\" data-widget_type=\"text-editor.default\">\n\t\t\t\t\t\t\t\t\t<h2>Con\u021binuturi \u0219i puncte centrale<\/h2><p>Lec\u021biile de muzic\u0103 sunt structurate pe competen\u021be, ac\u021biuni \u0219i experien\u021be \u0219i includ urm\u0103toarele domenii:<br>\u2022 C\u00e2ntat<br>\u2022 C\u00e2ntece despre anotimpuri, s\u0103rb\u0103tori \u0219i ocazii speciale<br>\u2022 C\u00e2ntece de bun venit \u0219i ritualice<br>\u2022 C\u00e2ntece din diferite \u021b\u0103ri \u0219i culturi<br>\u2022 C\u00e2ntat \u00eempreun\u0103 la evenimente \u0219colare<br>\u2022 Interpretare muzical\u0103<br>\u2022 Familiarizarea \u0219i interpretarea cu diverse instrumente<br>\u2022 Instrumente Orff, xilofoane, boomwhackers, tobe<br>\u2022 Acompanierea c\u00e2ntecelor \u0219i a melodiilor simple<br>\u2022 Inventarea propriilor acompaniamente muzicale<br>\u2022 Ascultarea \u0219i \u00een\u021belegerea muzicii<br>\u2022 Distingerea sunetelor, ritmurilor \u0219i tempourilor<br>\u2022 Familiarizarea cu diferite stiluri \u0219i tradi\u021bii muzicale<br>\u2022 Ascultarea \u0219i tr\u0103irea unor mari opere muzicale (de ex. Carnavalul animalelor)<br>\u2022 Mi\u0219care \u0219i crea\u021bie<br>\u2022 Mi\u0219care \u0219i dans pe muzic\u0103<br>\u2022 Pictur\u0103 \u0219i crea\u021bie pe impresii muzicale<br>\u2022 Transpunerea muzicii \u00een imagini, limbaj \u0219i mi\u0219care<\/p><h2>Competen\u021be muzicale \u0219i transdisciplinare<\/h2><p>\u00cen lec\u021biile de muzic\u0103, pe l\u00e2ng\u0103 con\u021binutul de specialitate, sunt promovate \u00een mod specific:<br>\u2022 Capacitatea auditiv\u0103 \u0219i de percep\u021bie<br>\u2022 Sim\u021bul ritmului \u0219i expresia muzical\u0103<br>\u2022 Abilitatea de a lucra \u00een echip\u0103 \u0219i considera\u021bia<br>\u2022 Concentrarea \u0219i perseveren\u021ba<br>\u2022 Deschidere cultural\u0103 \u0219i diversitate<\/p><p>Limbajul muzical de specialitate este introdus \u00eentr-un mod adecvat v\u00e2rstei \u0219i se bazeaz\u0103 ini\u021bial pe termeni rom\u00e2ni precum tare, \u00eencet, \u00eenalt, jos, rapid sau lent.<\/p><h2>\u00cenv\u0103\u021bare cu instrumente, ritualuri \u0219i proiecte<\/h2><p>Lec\u021biile au loc \u00een principal \u00een sala de muzic\u0103, care este echipat\u0103 cu o varietate de instrumente (printre altele, pian, pian electric, chitare, ukulele, instrumente Orff). Ritualuri regulate, cum ar fi exerci\u021bii de \u00eenc\u0103lzire vocal\u0103 \u0219i c\u00e2ntece de bun venit, structureaz\u0103 lec\u021biile. <\/p><p>Muzica joac\u0103 un rol important \u0219i dincolo de lec\u021biile de specialitate, de ex. la:<br>\u2022 C\u00e2ntatul de Advent<br>\u2022 S\u0103rb\u0103tori \u0219i evenimente \u0219colare<br>\u2022 Concerte ale grupurilor de lucru muzicale<\/p><h2>Diferen\u021biere, evaluare \u0219i competen\u021b\u0103 media<\/h2><p>To\u021bi copiii sunt \u00eencuraja\u021bi \u00een func\u021bie de abilit\u0103\u021bile lor, de ex. prin:<br>\u2022 voci instrumentale cu niveluri de dificultate diferite<br>\u2022 sarcini simplificate sau extinse<br>\u2022 sprijin din partea colegilor<\/p><p>Evaluarea performan\u021bei se bazeaz\u0103 \u00een principal pe participarea activ\u0103, interpretarea muzical\u0103, crea\u021bia creativ\u0103, precum \u0219i pe comportamentul social \u00een timpul lec\u021biilor. Mijloacele media digitale \u0219i dispozitivele de \u00eenregistrare sunt utilizate suplimentar. <\/p><h2>Scopul lec\u021biilor de muzic\u0103<\/h2><p>Scopul este ca elevii s\u0103 experimenteze muzica ca o parte \u00eembog\u0103\u021bitoare a vie\u021bii lor, s\u0103 se poat\u0103 exprima creativ \u0219i s\u0103 dezvolte bucurie \u00een a c\u00e2nta \u00eempreun\u0103 \u2013 \u00een interiorul \u0219i \u00een afara lec\u021biilor.<\/p>\t\t\t\t\t\t\t\t<\/div>\n\t\t\t\t\t<\/div>\n\t\t\t\t<\/div>\n\t\t<div class=\"elementor-element elementor-element-ecfbff7 e-ecs-flex e-flex e-con-boxed e-con e-parent\" data-id=\"ecfbff7\" data-element_type=\"container\" data-e-type=\"container\" data-settings=\"{&quot;ecs_container_type&quot;:&quot;flex&quot;}\">\n\t\t\t\t\t<div class=\"e-con-inner\">\n\t\t\t\t<div class=\"elementor-element elementor-element-886dcc8 elementor-widget elementor-widget-shortcode\" data-id=\"886dcc8\" data-element_type=\"widget\" data-e-type=\"widget\" data-widget_type=\"shortcode.default\">\n\t\t\t\t\t\t\t<div class=\"elementor-shortcode\">\t\t<div data-elementor-type=\"container\" data-elementor-id=\"6904\" class=\"elementor elementor-6904 elementor-5610 elementor-5610\" data-elementor-post-type=\"elementor_library\">\n\t\t\t\t<div class=\"elementor-element elementor-element-5c5ef64 e-ecs-flex e-flex e-con-boxed e-con e-parent\" data-id=\"5c5ef64\" data-element_type=\"container\" data-e-type=\"container\" data-settings=\"{&quot;ecs_container_type&quot;:&quot;flex&quot;}\">\n\t\t\t\t\t<div class=\"e-con-inner\">\n\t\t<div class=\"elementor-element elementor-element-9d1a262 e-con-full e-ecs-flex e-flex e-con e-child\" data-id=\"9d1a262\" data-element_type=\"container\" data-e-type=\"container\" data-settings=\"{&quot;ecs_container_type&quot;:&quot;flex&quot;}\">\n\t\t\t\t<div class=\"elementor-element elementor-element-18bf6f4 elementor-widget elementor-widget-image\" data-id=\"18bf6f4\" data-element_type=\"widget\" data-e-type=\"widget\" data-widget_type=\"image.default\">\n\t\t\t\t\t\t\t\t\t\t\t\t<figure class=\"wp-caption\">\n\t\t\t\t\t\t\t\t\t\t\t<a href=\"https:\/\/fehrsschule.de\/fachcurricula\/fachcurricula-deutsch\/\">\n\t\t\t\t\t\t\t<img fetchpriority=\"high\" decoding=\"async\" width=\"512\" height=\"512\" src=\"https:\/\/fehrsschule.de\/wp-content\/uploads\/2025\/12\/Deutsch.png\" class=\"attachment-full size-full wp-image-6625\" alt=\"Fachcurriculum f\u00fcr den Deutschunterricht\" srcset=\"https:\/\/fehrsschule.de\/wp-content\/uploads\/2025\/12\/Deutsch.png 512w, https:\/\/fehrsschule.de\/wp-content\/uploads\/2025\/12\/Deutsch-300x300.png 300w, https:\/\/fehrsschule.de\/wp-content\/uploads\/2025\/12\/Deutsch-150x150.png 150w\" sizes=\"(max-width: 512px) 100vw, 512px\" \/>\t\t\t\t\t\t\t\t<\/a>\n\t\t\t\t\t\t\t\t\t\t\t<figcaption class=\"widget-image-caption wp-caption-text\">German<\/figcaption>\n\t\t\t\t\t\t\t\t\t\t<\/figure>\n\t\t\t\t\t\t\t\t\t<\/div>\n\t\t\t\t<\/div>\n\t\t<div class=\"elementor-element elementor-element-4f1b702 e-con-full e-ecs-flex e-flex e-con e-child\" data-id=\"4f1b702\" data-element_type=\"container\" data-e-type=\"container\" data-settings=\"{&quot;ecs_container_type&quot;:&quot;flex&quot;}\">\n\t\t\t\t<div class=\"elementor-element elementor-element-2c48414 elementor-widget elementor-widget-image\" data-id=\"2c48414\" data-element_type=\"widget\" data-e-type=\"widget\" data-widget_type=\"image.default\">\n\t\t\t\t\t\t\t\t\t\t\t\t<figure class=\"wp-caption\">\n\t\t\t\t\t\t\t\t\t\t\t<a href=\"https:\/\/fehrsschule.de\/fachcurricula\/fachcurricula-mathematik\/\">\n\t\t\t\t\t\t\t<img decoding=\"async\" width=\"512\" height=\"512\" src=\"https:\/\/fehrsschule.de\/wp-content\/uploads\/2025\/12\/Mathematik.png\" class=\"attachment-full size-full wp-image-6624\" alt=\"Fachcurriculum f\u00fcr Mathematik Unterricht\" srcset=\"https:\/\/fehrsschule.de\/wp-content\/uploads\/2025\/12\/Mathematik.png 512w, https:\/\/fehrsschule.de\/wp-content\/uploads\/2025\/12\/Mathematik-300x300.png 300w, https:\/\/fehrsschule.de\/wp-content\/uploads\/2025\/12\/Mathematik-150x150.png 150w\" sizes=\"(max-width: 512px) 100vw, 512px\" \/>\t\t\t\t\t\t\t\t<\/a>\n\t\t\t\t\t\t\t\t\t\t\t<figcaption class=\"widget-image-caption wp-caption-text\">Matematic\u0103<\/figcaption>\n\t\t\t\t\t\t\t\t\t\t<\/figure>\n\t\t\t\t\t\t\t\t\t<\/div>\n\t\t\t\t<\/div>\n\t\t<div class=\"elementor-element elementor-element-ef17676 e-con-full e-ecs-flex e-flex e-con e-child\" data-id=\"ef17676\" data-element_type=\"container\" data-e-type=\"container\" data-settings=\"{&quot;ecs_container_type&quot;:&quot;flex&quot;}\">\n\t\t\t\t<div class=\"elementor-element elementor-element-5c927a9 elementor-widget elementor-widget-image\" data-id=\"5c927a9\" data-element_type=\"widget\" data-e-type=\"widget\" data-widget_type=\"image.default\">\n\t\t\t\t\t\t\t\t\t\t\t\t<figure class=\"wp-caption\">\n\t\t\t\t\t\t\t\t\t\t\t<a href=\"https:\/\/fehrsschule.de\/fachcurricula\/fachcurricula-sachunterricht-su\/\">\n\t\t\t\t\t\t\t<img decoding=\"async\" width=\"512\" height=\"512\" src=\"https:\/\/fehrsschule.de\/wp-content\/uploads\/2025\/12\/Sachunterricht.png\" class=\"attachment-full size-full wp-image-6627\" alt=\"f\u00fcr den Sachunterricht\" srcset=\"https:\/\/fehrsschule.de\/wp-content\/uploads\/2025\/12\/Sachunterricht.png 512w, https:\/\/fehrsschule.de\/wp-content\/uploads\/2025\/12\/Sachunterricht-300x300.png 300w, https:\/\/fehrsschule.de\/wp-content\/uploads\/2025\/12\/Sachunterricht-150x150.png 150w\" sizes=\"(max-width: 512px) 100vw, 512px\" \/>\t\t\t\t\t\t\t\t<\/a>\n\t\t\t\t\t\t\t\t\t\t\t<figcaption class=\"widget-image-caption wp-caption-text\">\u015etiin\u0163\u0103<\/figcaption>\n\t\t\t\t\t\t\t\t\t\t<\/figure>\n\t\t\t\t\t\t\t\t\t<\/div>\n\t\t\t\t<\/div>\n\t\t<div class=\"elementor-element elementor-element-45ea368 e-con-full e-ecs-flex e-flex e-con e-child\" data-id=\"45ea368\" data-element_type=\"container\" data-e-type=\"container\" data-settings=\"{&quot;ecs_container_type&quot;:&quot;flex&quot;}\">\n\t\t\t\t<div class=\"elementor-element elementor-element-24a8502 elementor-widget elementor-widget-image\" data-id=\"24a8502\" data-element_type=\"widget\" data-e-type=\"widget\" data-widget_type=\"image.default\">\n\t\t\t\t\t\t\t\t\t\t\t\t<figure class=\"wp-caption\">\n\t\t\t\t\t\t\t\t\t\t\t<a href=\"https:\/\/fehrsschule.de\/fachcurricula\/fachcurricula-musik\/\">\n\t\t\t\t\t\t\t<img loading=\"lazy\" decoding=\"async\" width=\"512\" height=\"512\" src=\"https:\/\/fehrsschule.de\/wp-content\/uploads\/2025\/12\/Musik.png\" class=\"attachment-full size-full wp-image-6626\" alt=\"Fachcurriculum f\u00fcr den Musikunterricht\" srcset=\"https:\/\/fehrsschule.de\/wp-content\/uploads\/2025\/12\/Musik.png 512w, https:\/\/fehrsschule.de\/wp-content\/uploads\/2025\/12\/Musik-300x300.png 300w, https:\/\/fehrsschule.de\/wp-content\/uploads\/2025\/12\/Musik-150x150.png 150w\" sizes=\"(max-width: 512px) 100vw, 512px\" \/>\t\t\t\t\t\t\t\t<\/a>\n\t\t\t\t\t\t\t\t\t\t\t<figcaption class=\"widget-image-caption wp-caption-text\">Muzic\u0103<\/figcaption>\n\t\t\t\t\t\t\t\t\t\t<\/figure>\n\t\t\t\t\t\t\t\t\t<\/div>\n\t\t\t\t<\/div>\n\t\t<div class=\"elementor-element elementor-element-169c3b7 e-con-full e-ecs-flex e-flex e-con e-child\" data-id=\"169c3b7\" data-element_type=\"container\" data-e-type=\"container\" data-settings=\"{&quot;ecs_container_type&quot;:&quot;flex&quot;}\">\n\t\t\t\t<div class=\"elementor-element elementor-element-2dc016e elementor-widget elementor-widget-image\" data-id=\"2dc016e\" data-element_type=\"widget\" data-e-type=\"widget\" data-widget_type=\"image.default\">\n\t\t\t\t\t\t\t\t\t\t\t\t<figure class=\"wp-caption\">\n\t\t\t\t\t\t\t\t\t\t\t<a href=\"https:\/\/fehrsschule.de\/fachcurricula\/fachcurricula-sportunterricht\/\">\n\t\t\t\t\t\t\t<img loading=\"lazy\" decoding=\"async\" width=\"512\" height=\"512\" src=\"https:\/\/fehrsschule.de\/wp-content\/uploads\/2025\/12\/Sport.png\" class=\"attachment-full size-full wp-image-6628\" alt=\"Fachcurriculum f\u00fcr den Sportunterricht\" srcset=\"https:\/\/fehrsschule.de\/wp-content\/uploads\/2025\/12\/Sport.png 512w, https:\/\/fehrsschule.de\/wp-content\/uploads\/2025\/12\/Sport-300x300.png 300w, https:\/\/fehrsschule.de\/wp-content\/uploads\/2025\/12\/Sport-150x150.png 150w\" sizes=\"(max-width: 512px) 100vw, 512px\" \/>\t\t\t\t\t\t\t\t<\/a>\n\t\t\t\t\t\t\t\t\t\t\t<figcaption class=\"widget-image-caption wp-caption-text\">Sport<\/figcaption>\n\t\t\t\t\t\t\t\t\t\t<\/figure>\n\t\t\t\t\t\t\t\t\t<\/div>\n\t\t\t\t<\/div>\n\t\t<div class=\"elementor-element elementor-element-d9aef37 e-con-full e-ecs-flex e-flex e-con e-child\" data-id=\"d9aef37\" data-element_type=\"container\" data-e-type=\"container\" data-settings=\"{&quot;ecs_container_type&quot;:&quot;flex&quot;}\">\n\t\t\t\t<div class=\"elementor-element elementor-element-1cf6eb7 elementor-widget elementor-widget-image\" data-id=\"1cf6eb7\" data-element_type=\"widget\" data-e-type=\"widget\" data-widget_type=\"image.default\">\n\t\t\t\t\t\t\t\t\t\t\t\t<figure class=\"wp-caption\">\n\t\t\t\t\t\t\t\t\t\t\t<a href=\"https:\/\/fehrsschule.de\/fachcurricula\/fachcurricula-kunstunterricht\/\">\n\t\t\t\t\t\t\t<img loading=\"lazy\" decoding=\"async\" width=\"512\" height=\"512\" src=\"https:\/\/fehrsschule.de\/wp-content\/uploads\/2025\/12\/Kunst.png\" class=\"attachment-full size-full wp-image-6629\" alt=\"Fachcurriculum f\u00fcr den Kunstunterricht\" srcset=\"https:\/\/fehrsschule.de\/wp-content\/uploads\/2025\/12\/Kunst.png 512w, https:\/\/fehrsschule.de\/wp-content\/uploads\/2025\/12\/Kunst-300x300.png 300w, https:\/\/fehrsschule.de\/wp-content\/uploads\/2025\/12\/Kunst-150x150.png 150w\" sizes=\"(max-width: 512px) 100vw, 512px\" \/>\t\t\t\t\t\t\t\t<\/a>\n\t\t\t\t\t\t\t\t\t\t\t<figcaption class=\"widget-image-caption wp-caption-text\">Art\u0103<\/figcaption>\n\t\t\t\t\t\t\t\t\t\t<\/figure>\n\t\t\t\t\t\t\t\t\t<\/div>\n\t\t\t\t<\/div>\n\t\t<div class=\"elementor-element elementor-element-858ffe1 e-con-full e-ecs-flex e-flex e-con e-child\" data-id=\"858ffe1\" data-element_type=\"container\" data-e-type=\"container\" data-settings=\"{&quot;ecs_container_type&quot;:&quot;flex&quot;}\">\n\t\t\t\t<div class=\"elementor-element elementor-element-a83dafa elementor-widget elementor-widget-image\" data-id=\"a83dafa\" data-element_type=\"widget\" data-e-type=\"widget\" data-widget_type=\"image.default\">\n\t\t\t\t\t\t\t\t\t\t\t\t<figure class=\"wp-caption\">\n\t\t\t\t\t\t\t\t\t\t\t<a href=\"https:\/\/fehrsschule.de\/fachcurricula\/fachcurricula-religion\/\">\n\t\t\t\t\t\t\t<img loading=\"lazy\" decoding=\"async\" width=\"512\" height=\"512\" src=\"https:\/\/fehrsschule.de\/wp-content\/uploads\/2025\/12\/Religion.png\" class=\"attachment-full size-full wp-image-6630\" alt=\"Fachcurriculum f\u00fcr Religionsunterricht\" srcset=\"https:\/\/fehrsschule.de\/wp-content\/uploads\/2025\/12\/Religion.png 512w, https:\/\/fehrsschule.de\/wp-content\/uploads\/2025\/12\/Religion-300x300.png 300w, https:\/\/fehrsschule.de\/wp-content\/uploads\/2025\/12\/Religion-150x150.png 150w\" sizes=\"(max-width: 512px) 100vw, 512px\" \/>\t\t\t\t\t\t\t\t<\/a>\n\t\t\t\t\t\t\t\t\t\t\t<figcaption class=\"widget-image-caption wp-caption-text\">Curriculumul de studii religioase<\/figcaption>\n\t\t\t\t\t\t\t\t\t\t<\/figure>\n\t\t\t\t\t\t\t\t\t<\/div>\n\t\t\t\t<\/div>\n\t\t\t\t\t<\/div>\n\t\t\t\t<\/div>\n\t\t\t\t<\/div>\n\t\t<\/div>\n\t\t\t\t\t\t<\/div>\n\t\t\t\t\t<\/div>\n\t\t\t\t<\/div>\n\t\t\t\t<\/div>\n\t\t","protected":false},"excerpt":{"rendered":"<p>Muzica la \u0218coala Johann-Hinrich-Fehrs Lec\u021biile de muzic\u0103 de la \u0218coala Johann-Hinrich-Fehrs promoveaz\u0103 dezvoltarea creativ\u0103, emo\u021bional\u0103 \u0219i social\u0103 a elevilor. Muzica este \u00een\u021beleas\u0103 ca o form\u0103 de exprimare, un bun cultural \u0219i o experien\u021b\u0103 comunitar\u0103. Copiii \u00eenva\u021b\u0103 nu doar s\u0103 asculte muzic\u0103, ci \u0219i s\u0103 o creeze activ \u2013 prin c\u00e2ntat, interpretare, mi\u0219care \u0219i lucru creativ. [&hellip;]<\/p>\n","protected":false},"author":1,"featured_media":0,"parent":6622,"menu_order":4,"comment_status":"closed","ping_status":"closed","template":"","meta":{"footnotes":""},"class_list":["post-7539","page","type-page","status-publish","hentry"],"_links":{"self":[{"href":"https:\/\/fehrsschule.de\/ro\/wp-json\/wp\/v2\/pages\/7539","targetHints":{"allow":["GET"]}}],"collection":[{"href":"https:\/\/fehrsschule.de\/ro\/wp-json\/wp\/v2\/pages"}],"about":[{"href":"https:\/\/fehrsschule.de\/ro\/wp-json\/wp\/v2\/types\/page"}],"author":[{"embeddable":true,"href":"https:\/\/fehrsschule.de\/ro\/wp-json\/wp\/v2\/users\/1"}],"replies":[{"embeddable":true,"href":"https:\/\/fehrsschule.de\/ro\/wp-json\/wp\/v2\/comments?post=7539"}],"version-history":[{"count":0,"href":"https:\/\/fehrsschule.de\/ro\/wp-json\/wp\/v2\/pages\/7539\/revisions"}],"up":[{"embeddable":true,"href":"https:\/\/fehrsschule.de\/ro\/wp-json\/wp\/v2\/pages\/6622"}],"wp:attachment":[{"href":"https:\/\/fehrsschule.de\/ro\/wp-json\/wp\/v2\/media?parent=7539"}],"curies":[{"name":"wp","href":"https:\/\/api.w.org\/{rel}","templated":true}]}}