{"id":6754,"date":"2025-12-29T15:21:54","date_gmt":"2025-12-29T14:21:54","guid":{"rendered":"https:\/\/fehrsschule.de\/orar\/"},"modified":"2026-01-14T10:37:46","modified_gmt":"2026-01-14T09:37:46","slug":"orar","status":"publish","type":"page","link":"https:\/\/fehrsschule.de\/ro\/orar\/","title":{"rendered":"Orar"},"content":{"rendered":"\t\t<div data-elementor-type=\"wp-page\" data-elementor-id=\"6754\" class=\"elementor elementor-6754 elementor-5833\" data-elementor-post-type=\"page\">\n\t\t\t\t<div class=\"elementor-element elementor-element-a297a59 e-ecs-flex e-flex e-con-boxed e-con e-parent\" data-id=\"a297a59\" data-element_type=\"container\" data-e-type=\"container\" data-settings=\"{&quot;ecs_container_type&quot;:&quot;flex&quot;}\">\n\t\t\t\t\t<div class=\"e-con-inner\">\n\t\t<div class=\"elementor-element elementor-element-5aece4d e-con-full e-ecs-flex e-flex e-con e-child\" data-id=\"5aece4d\" data-element_type=\"container\" data-e-type=\"container\" data-settings=\"{&quot;background_background&quot;:&quot;classic&quot;,&quot;ecs_container_type&quot;:&quot;flex&quot;}\">\n\t\t\t\t<div class=\"elementor-element elementor-element-98fef01 titlebg elementor-widget elementor-widget-heading\" data-id=\"98fef01\" data-element_type=\"widget\" data-e-type=\"widget\" data-widget_type=\"heading.default\">\n\t\t\t\t\t<h1 class=\"elementor-heading-title elementor-size-default\"><span>Orar<\/span><\/h1>\t\t\t\t<\/div>\n\t\t\t\t<\/div>\n\t\t\t\t\t<\/div>\n\t\t\t\t<\/div>\n\t\t<div class=\"elementor-element elementor-element-1282100 e-ecs-flex e-flex e-con-boxed e-con e-parent\" data-id=\"1282100\" data-element_type=\"container\" data-e-type=\"container\" data-settings=\"{&quot;ecs_container_type&quot;:&quot;flex&quot;}\">\n\t\t\t\t\t<div class=\"e-con-inner\">\n\t\t\t\t<div class=\"elementor-element elementor-element-9f2ed2f elementor-widget elementor-widget-text-editor\" data-id=\"9f2ed2f\" data-element_type=\"widget\" data-e-type=\"widget\" data-widget_type=\"text-editor.default\">\n\t\t\t\t\t\t\t\t\t<h2>Planul claselor: 1. + clasele a 2-a<\/h2><p><strong>= 900 de minute de cursuri + activit\u0103\u021bi extra\u0219colare<br><\/strong><\/p>\t\t\t\t\t\t\t\t<\/div>\n\t\t\t\t<div class=\"elementor-element elementor-element-85975a1 elementor-widget elementor-widget-text-editor\" data-id=\"85975a1\" data-element_type=\"widget\" data-e-type=\"widget\" data-widget_type=\"text-editor.default\">\n\t\t\t\t\t\t\t\t\t<table class=\"responsive-table\">\n<thead>\n<tr>\n<th>Ora<\/th>\n<th>Ora<\/th>\n<th>Luni<\/th>\n<th>Mar\u021bi<\/th>\n<th>Miercuri<\/th>\n<th>Joi<\/th>\n<th>Vineri<\/th>\n<\/tr>\n<\/thead>\n<tbody>\n<tr>\n<td data-label=\"Stunde\">\u2013<\/td>\n<td data-label=\"Uhrzeit\">07.00\u201308.00<\/td>\n<td colspan=\"5\" data-label=\"Montag\">Mic dejun sau supraveghere \u00eenainte de cursuri \u00een clase<\/td>\n<\/tr>\n<tr>\n<td data-label=\"Stunde\">1<\/td>\n<td data-label=\"Uhrzeit\">08.00\u201308.50<\/td>\n<td data-label=\"Montag\">Cursuri<\/td>\n<td data-label=\"Dienstag\">Cursuri<\/td>\n<td data-label=\"Mittwoch\">Cursuri<\/td>\n<td data-label=\"Donnerstag\">Cursuri<\/td>\n<td data-label=\"Freitag\">Cursuri<\/td>\n<\/tr>\n<tr>\n<td data-label=\"Stunde\">2<\/td>\n<td data-label=\"Uhrzeit\">09.00\u201309.50<\/td>\n<td data-label=\"Montag\"><strong>Supraveghere<\/strong><\/td>\n<td data-label=\"Dienstag\">Cursuri<\/td>\n<td data-label=\"Mittwoch\">Cursuri<\/td>\n<td data-label=\"Donnerstag\">Cursuri<\/td>\n<td data-label=\"Freitag\">Cursuri<\/td>\n<\/tr>\n<tr>\n<td data-label=\"Stunde\">3<\/td>\n<td data-label=\"Uhrzeit\">10.10\u201311.00<\/td>\n<td data-label=\"Montag\">Cursuri<\/td>\n<td data-label=\"Dienstag\">Cursuri<\/td>\n<td data-label=\"Mittwoch\">Cursuri<\/td>\n<td data-label=\"Donnerstag\"><strong>Supraveghere<\/strong><\/td>\n<td data-label=\"Freitag\">Cursuri<\/td>\n<\/tr>\n<tr>\n<td data-label=\"Stunde\">4<\/td>\n<td data-label=\"Uhrzeit\">11.10\u201312.00<\/td>\n<td data-label=\"Montag\">Cursuri<\/td>\n<td data-label=\"Dienstag\">Cursuri<\/td>\n<td data-label=\"Mittwoch\">Cursuri<\/td>\n<td data-label=\"Donnerstag\">Cursuri<\/td>\n<td data-label=\"Freitag\">Cursuri<\/td>\n<\/tr>\n<tr>\n<td data-label=\"Stunde\">5<\/td>\n<td data-label=\"Uhrzeit\">12.10\u201313.00<\/td>\n<td data-label=\"Montag\">Masa de pr\u00e2nz<\/td>\n<td data-label=\"Dienstag\">Masa de pr\u00e2nz<\/td>\n<td data-label=\"Mittwoch\">Masa de pr\u00e2nz<\/td>\n<td data-label=\"Donnerstag\">Masa de pr\u00e2nz<\/td>\n<td data-label=\"Freitag\">Masa de pr\u00e2nz<\/td>\n<\/tr>\n<tr>\n<td data-label=\"Stunde\">6<\/td>\n<td data-label=\"Uhrzeit\">12.40\u201313.30<\/td>\n<td colspan=\"5\" data-label=\"Info\">Tem\u0103, ajutor la \u00eenv\u0103\u021bare, cursuri de recuperare, grupuri de lucru<\/td>\n<\/tr>\n<tr>\n<td data-label=\"Stunde\">7<\/td>\n<td data-label=\"Uhrzeit\">13.30\u201314.30<\/td>\n<td colspan=\"5\" data-label=\"Info\">Grupuri de lucru, joc liber, proiecte<\/td>\n<\/tr>\n<tr>\n<td colspan=\"7\">De la 14.30 \u2013 16.30 supraveghere doar pentru copiii ai c\u0103ror p\u0103rin\u021bi lucreaz\u0103.<\/td>\n<\/tr>\n<tr>\n<td colspan=\"7\"><strong>AG-uri (clasele 1\u20132):<\/strong>\nCor, dans, gimnastic\u0103 pentru fete, teatru, gimnastic\u0103, fotbal, Taekwondo,\nflaut, Orff, sprijin pentru elevii supradota\u021bi<\/td>\n<\/tr>\n<\/tbody>\n<\/table>\t\t\t\t\t\t\t\t<\/div>\n\t\t\t\t\t<\/div>\n\t\t\t\t<\/div>\n\t\t<div class=\"elementor-element elementor-element-1380fb7 e-ecs-flex e-flex e-con-boxed e-con e-parent\" data-id=\"1380fb7\" data-element_type=\"container\" data-e-type=\"container\" data-settings=\"{&quot;ecs_container_type&quot;:&quot;flex&quot;}\">\n\t\t\t\t\t<div class=\"e-con-inner\">\n\t\t\t\t<div class=\"elementor-element elementor-element-e2d92d4 elementor-widget elementor-widget-text-editor\" data-id=\"e2d92d4\" data-element_type=\"widget\" data-e-type=\"widget\" data-widget_type=\"text-editor.default\">\n\t\t\t\t\t\t\t\t\t<h2>Planul claselor: clasele a 3-a<\/h2><p><strong>= 1.200 de minute + activit\u0103\u021bi extra\u0219colare<\/strong><\/p><h2>Clasele a 4-a<\/h2><p><strong>= 1.150 de minute + activit\u0103\u021bi extra\u0219colare<\/strong><br><strong>(1 or\u0103 de sport obligatorie dup\u0103-amiaza)<\/strong><\/p>\t\t\t\t\t\t\t\t<\/div>\n\t\t\t\t\t<\/div>\n\t\t\t\t<\/div>\n\t\t<div class=\"elementor-element elementor-element-8412aee e-ecs-flex e-flex e-con-boxed e-con e-parent\" data-id=\"8412aee\" data-element_type=\"container\" data-e-type=\"container\" data-settings=\"{&quot;ecs_container_type&quot;:&quot;flex&quot;}\">\n\t\t\t\t\t<div class=\"e-con-inner\">\n\t\t\t\t<div class=\"elementor-element elementor-element-ba3230d elementor-widget elementor-widget-text-editor\" data-id=\"ba3230d\" data-element_type=\"widget\" data-e-type=\"widget\" data-widget_type=\"text-editor.default\">\n\t\t\t\t\t\t\t\t\t<table class=\"responsive-table\">\n  <thead>\n    <tr>\n      <th>Ora<\/th>\n      <th>Ora<\/th>\n      <th>Luni<\/th>\n      <th>Mar\u021bi<\/th>\n      <th>Miercuri<\/th>\n      <th>Joi<\/th>\n      <th>Vineri<\/th>\n    <\/tr>\n  <\/thead>\n\n  <tbody>\n    <tr>\n      <td data-label=\"Stunde\">\u2013<\/td>\n      <td data-label=\"Uhrzeit\">07.00\u201308.00<\/td>\n      <td data-label=\"Montag\" colspan=\"5\">\n Mic dejun sau supraveghere \u00eenainte de cursuri \u00een clase\n      <\/td> \n    <\/tr>\n\n    <tr>\n      <td data-label=\"Stunde\">1<\/td>\n      <td data-label=\"Uhrzeit\">08.00\u201308.50<\/td>\n      <td data-label=\"Montag\">Cursuri<\/td>\n      <td data-label=\"Dienstag\">Cursuri<\/td>\n      <td data-label=\"Mittwoch\">Cursuri<\/td>\n      <td data-label=\"Donnerstag\">Cursuri<\/td>\n      <td data-label=\"Freitag\">Cursuri<\/td>\n    <\/tr>\n\n    <tr>\n      <td data-label=\"Stunde\">2<\/td>\n      <td data-label=\"Uhrzeit\">09.00\u201309.50<\/td>\n      <td data-label=\"Montag\">\n        <strong>Supraveghere \/ Cursuri<br>Clasa a 3-a \/ Clasa a 4-a<\/strong>\n      <\/td>\n      <td data-label=\"Dienstag\">Cursuri<\/td>\n      <td data-label=\"Mittwoch\">Cursuri<\/td>\n      <td data-label=\"Donnerstag\">Cursuri<\/td>\n      <td data-label=\"Freitag\">Cursuri<\/td>\n    <\/tr>\n\n    <tr>\n      <td data-label=\"Stunde\">3<\/td>\n      <td data-label=\"Uhrzeit\">10.10\u201311.00<\/td>\n      <td data-label=\"Montag\">Cursuri<\/td>\n      <td data-label=\"Dienstag\">Cursuri<\/td>\n      <td data-label=\"Mittwoch\">Cursuri<\/td>\n      <td data-label=\"Donnerstag\">Cursuri<\/td>\n      <td data-label=\"Freitag\">Cursuri<\/td>\n    <\/tr>\n\n    <tr>\n      <td data-label=\"Stunde\">4<\/td>\n      <td data-label=\"Uhrzeit\">11.10\u201312.00<\/td>\n      <td data-label=\"Montag\">Cursuri<\/td>\n      <td data-label=\"Dienstag\">Cursuri<\/td>\n      <td data-label=\"Mittwoch\">Cursuri<\/td>\n      <td data-label=\"Donnerstag\">Cursuri<\/td>\n      <td data-label=\"Freitag\">Cursuri<\/td>\n    <\/tr>\n\n    <tr>\n      <td data-label=\"Stunde\">5<\/td>\n      <td data-label=\"Uhrzeit\">12.10\u201313.00<\/td>\n      <td data-label=\"Montag\">Cursuri<\/td>\n      <td data-label=\"Dienstag\">Cursuri<\/td>\n      <td data-label=\"Mittwoch\">Cursuri<\/td>\n      <td data-label=\"Donnerstag\"><strong>Supraveghere<\/strong><\/td>\n      <td data-label=\"Freitag\">Cursuri<\/td>\n    <\/tr>\n\n    <tr>\n      <td data-label=\"Stunde\">6<\/td>\n      <td data-label=\"Uhrzeit\">13.00\u201313.30<\/td>\n      <td data-label=\"Montag\">Masa de pr\u00e2nz<\/td>\n      <td data-label=\"Dienstag\">Masa de pr\u00e2nz<\/td>\n      <td data-label=\"Mittwoch\">Masa de pr\u00e2nz<\/td>\n      <td data-label=\"Donnerstag\">Masa de pr\u00e2nz<\/td>\n      <td data-label=\"Freitag\">Masa de pr\u00e2nz<\/td>\n    <\/tr>\n\n    <tr>\n      <td data-label=\"Stunde\">7<\/td>\n      <td data-label=\"Uhrzeit\">13.30\u201314.30<\/td>\n      <td data-label=\"Info\" colspan=\"5\">\n Grupuri de lucru, teme, ajutor la \u00eenv\u0103\u021bare, joc liber, proiecte\n      <\/td> \n    <\/tr>\n\n    <tr>\n      <td colspan=\"7\">\n De la 14.30 \u2013 16.30 supraveghere doar pentru copiii ai c\u0103ror p\u0103rin\u021bi lucreaz\u0103.\n      <\/td>\n    <\/tr>\n\n    <tr>\n      <td colspan=\"7\">\n        <strong>AG-uri:<\/strong>\n Flaut, cor, dans, gimnastic\u0103 pentru fete, teatru, gimnastic\u0103, fotbal,\n Taekwondo, lucru la PC (clasele a 4-a)\n      <\/td>\n    <\/tr>\n  <\/tbody>\n<\/table>\t\t\t\t\t\t\t\t<\/div>\n\t\t\t\t\t<\/div>\n\t\t\t\t<\/div>\n\t\t\t\t<\/div>\n\t\t","protected":false},"excerpt":{"rendered":"<p>Planul claselor: 1. + clasele a 2-a = 900 de minute de cursuri + activit\u0103\u021bi extra\u0219colare Ora Ora Luni Mar\u021bi Miercuri Joi Vineri \u2013 07.00\u201308.00 Mic dejun sau supraveghere \u00eenainte de cursuri \u00een clase 1 08.00\u201308.50 Cursuri Cursuri Cursuri Cursuri Cursuri 2 09.00\u201309.50 Supraveghere Cursuri Cursuri Cursuri Cursuri 3 10.10\u201311.00 Cursuri Cursuri Cursuri Supraveghere Cursuri [&hellip;]<\/p>\n","protected":false},"author":1,"featured_media":0,"parent":0,"menu_order":2,"comment_status":"closed","ping_status":"closed","template":"","meta":{"footnotes":""},"class_list":["post-6754","page","type-page","status-publish","hentry"],"_links":{"self":[{"href":"https:\/\/fehrsschule.de\/ro\/wp-json\/wp\/v2\/pages\/6754","targetHints":{"allow":["GET"]}}],"collection":[{"href":"https:\/\/fehrsschule.de\/ro\/wp-json\/wp\/v2\/pages"}],"about":[{"href":"https:\/\/fehrsschule.de\/ro\/wp-json\/wp\/v2\/types\/page"}],"author":[{"embeddable":true,"href":"https:\/\/fehrsschule.de\/ro\/wp-json\/wp\/v2\/users\/1"}],"replies":[{"embeddable":true,"href":"https:\/\/fehrsschule.de\/ro\/wp-json\/wp\/v2\/comments?post=6754"}],"version-history":[{"count":0,"href":"https:\/\/fehrsschule.de\/ro\/wp-json\/wp\/v2\/pages\/6754\/revisions"}],"wp:attachment":[{"href":"https:\/\/fehrsschule.de\/ro\/wp-json\/wp\/v2\/media?parent=6754"}],"curies":[{"name":"wp","href":"https:\/\/api.w.org\/{rel}","templated":true}]}}