{"id":6714,"date":"2026-01-02T13:37:43","date_gmt":"2026-01-02T12:37:43","guid":{"rendered":"https:\/\/fehrsschule.de\/cluburile-noastre\/"},"modified":"2026-01-14T10:36:56","modified_gmt":"2026-01-14T09:36:56","slug":"cluburile-noastre","status":"publish","type":"page","link":"https:\/\/fehrsschule.de\/ro\/cluburile-noastre\/","title":{"rendered":"Cluburile noastre"},"content":{"rendered":"\t\t<div data-elementor-type=\"wp-page\" data-elementor-id=\"6714\" class=\"elementor elementor-6714 elementor-5967\" data-elementor-post-type=\"page\">\n\t\t\t\t<div class=\"elementor-element elementor-element-a297a59 e-ecs-flex e-flex e-con-boxed e-con e-parent\" data-id=\"a297a59\" data-element_type=\"container\" data-e-type=\"container\" data-settings=\"{&quot;ecs_container_type&quot;:&quot;flex&quot;}\">\n\t\t\t\t\t<div class=\"e-con-inner\">\n\t\t<div class=\"elementor-element elementor-element-5aece4d e-con-full e-ecs-flex e-flex e-con e-child\" data-id=\"5aece4d\" data-element_type=\"container\" data-e-type=\"container\" data-settings=\"{&quot;background_background&quot;:&quot;classic&quot;,&quot;ecs_container_type&quot;:&quot;flex&quot;}\">\n\t\t\t\t<div class=\"elementor-element elementor-element-98fef01 titlebg elementor-widget elementor-widget-heading\" data-id=\"98fef01\" data-element_type=\"widget\" data-e-type=\"widget\" data-widget_type=\"heading.default\">\n\t\t\t\t\t<h1 class=\"elementor-heading-title elementor-size-default\"><span>Cluburile noastre<\/span><\/h1>\t\t\t\t<\/div>\n\t\t\t\t<\/div>\n\t\t\t\t\t<\/div>\n\t\t\t\t<\/div>\n\t\t<div class=\"elementor-element elementor-element-d960332 e-ecs-flex e-flex e-con-boxed e-con e-parent\" data-id=\"d960332\" data-element_type=\"container\" data-e-type=\"container\" data-settings=\"{&quot;ecs_container_type&quot;:&quot;flex&quot;}\">\n\t\t\t\t\t<div class=\"e-con-inner\">\n\t\t<div class=\"elementor-element elementor-element-1f3730a e-con-full e-ecs-flex e-flex e-con e-child\" data-id=\"1f3730a\" data-element_type=\"container\" data-e-type=\"container\" data-settings=\"{&quot;ecs_container_type&quot;:&quot;flex&quot;}\">\n\t\t\t\t<div class=\"elementor-element elementor-element-f1aa55f elementor-widget elementor-widget-image\" data-id=\"f1aa55f\" data-element_type=\"widget\" data-e-type=\"widget\" data-widget_type=\"image.default\">\n\t\t\t\t\t\t\t\t\t\t\t\t\t\t\t<img fetchpriority=\"high\" decoding=\"async\" width=\"1440\" height=\"1020\" src=\"https:\/\/fehrsschule.de\/wp-content\/uploads\/2026\/01\/Chor-AG.jpg\" class=\"attachment-full size-full wp-image-6721\" alt=\"Ein Kinderchor\" srcset=\"https:\/\/fehrsschule.de\/wp-content\/uploads\/2026\/01\/Chor-AG.jpg 1440w, https:\/\/fehrsschule.de\/wp-content\/uploads\/2026\/01\/Chor-AG-300x213.jpg 300w, https:\/\/fehrsschule.de\/wp-content\/uploads\/2026\/01\/Chor-AG-1024x725.jpg 1024w, https:\/\/fehrsschule.de\/wp-content\/uploads\/2026\/01\/Chor-AG-768x544.jpg 768w\" sizes=\"(max-width: 1440px) 100vw, 1440px\" \/>\t\t\t\t\t\t\t\t\t\t\t\t\t\t\t<\/div>\n\t\t\t\t<\/div>\n\t\t<div class=\"elementor-element elementor-element-1b310b8 e-con-full e-ecs-flex e-flex e-con e-child\" data-id=\"1b310b8\" data-element_type=\"container\" data-e-type=\"container\" data-settings=\"{&quot;ecs_container_type&quot;:&quot;flex&quot;}\">\n\t\t\t\t<div class=\"elementor-element elementor-element-26f5cb0 elementor-widget elementor-widget-heading\" data-id=\"26f5cb0\" data-element_type=\"widget\" data-e-type=\"widget\" data-widget_type=\"heading.default\">\n\t\t\t\t\t<h2 class=\"elementor-heading-title elementor-size-default\">Corul<\/h2>\t\t\t\t<\/div>\n\t\t\t\t<div class=\"elementor-element elementor-element-d5ed09a elementor-widget-divider--view-line elementor-widget elementor-widget-divider\" data-id=\"d5ed09a\" data-element_type=\"widget\" data-e-type=\"widget\" data-widget_type=\"divider.default\">\n\t\t\t\t\t\t\t<div class=\"elementor-divider\">\n\t\t\t<span class=\"elementor-divider-separator\">\n\t\t\t\t\t\t<\/span>\n\t\t<\/div>\n\t\t\t\t\t\t<\/div>\n\t\t\t\t<div class=\"elementor-element elementor-element-31d4d66 elementor-widget elementor-widget-text-editor\" data-id=\"31d4d66\" data-element_type=\"widget\" data-e-type=\"widget\" data-widget_type=\"text-editor.default\">\n\t\t\t\t\t\t\t\t\t<p>Cluburile muzicale se adreseaz\u0103, de regul\u0103, elevilor din clasele I-IV \u0219i au loc o dat\u0103 pe s\u0103pt\u0103m\u00e2n\u0103. La cor particip\u0103, \u00een medie, aproximativ 40 de copii, clubul Orff este frecventat de aproximativ 20 de copii, iar lec\u021biile de flaut includ p\u00e2n\u0103 la 12 participan\u021bi. Cursurile sunt conduse de profesori de specialitate califica\u021bi.  <\/p><p>Pe parcursul anului \u0219colar, copiii \u00ee\u0219i prezint\u0103 abilit\u0103\u021bile muzicale la diverse ocazii, inclusiv la festivit\u0103\u021bile de \u00eencepere a \u0219colii, la c\u00e2ntecele de Advent s\u0103pt\u0103m\u00e2nale din \u0219coal\u0103, la slujba de Cr\u0103ciun, precum \u0219i la spectacole \u00een azile de b\u0103tr\u00e2ni, cluburi sau companii. Evenimentul se \u00eencheie cu o sear\u0103 muzical\u0103 la sf\u00e2r\u0219itul anului \u0219colar, precum \u0219i cu participarea la festivalurile de teatru \u0219colar din Neum\u00fcnster. <\/p>\t\t\t\t\t\t\t\t<\/div>\n\t\t\t\t<\/div>\n\t\t\t\t\t<\/div>\n\t\t\t\t<\/div>\n\t\t<div class=\"elementor-element elementor-element-438b428 e-ecs-flex e-flex e-con-boxed e-con e-parent\" data-id=\"438b428\" data-element_type=\"container\" data-e-type=\"container\" data-settings=\"{&quot;ecs_container_type&quot;:&quot;flex&quot;}\">\n\t\t\t\t\t<div class=\"e-con-inner\">\n\t\t<div class=\"elementor-element elementor-element-ea1be3d e-con-full e-ecs-flex e-flex e-con e-child\" data-id=\"ea1be3d\" data-element_type=\"container\" data-e-type=\"container\" data-settings=\"{&quot;ecs_container_type&quot;:&quot;flex&quot;}\">\n\t\t\t\t<div class=\"elementor-element elementor-element-64b682e elementor-widget elementor-widget-image\" data-id=\"64b682e\" data-element_type=\"widget\" data-e-type=\"widget\" data-widget_type=\"image.default\">\n\t\t\t\t\t\t\t\t\t\t\t\t\t\t\t<img decoding=\"async\" width=\"1440\" height=\"1020\" src=\"https:\/\/fehrsschule.de\/wp-content\/uploads\/2026\/01\/Orff-AG.jpg\" class=\"attachment-full size-full wp-image-6720\" alt=\"Orff Instrument mit Notenblatt\" srcset=\"https:\/\/fehrsschule.de\/wp-content\/uploads\/2026\/01\/Orff-AG.jpg 1440w, https:\/\/fehrsschule.de\/wp-content\/uploads\/2026\/01\/Orff-AG-300x213.jpg 300w, https:\/\/fehrsschule.de\/wp-content\/uploads\/2026\/01\/Orff-AG-1024x725.jpg 1024w, https:\/\/fehrsschule.de\/wp-content\/uploads\/2026\/01\/Orff-AG-768x544.jpg 768w\" sizes=\"(max-width: 1440px) 100vw, 1440px\" \/>\t\t\t\t\t\t\t\t\t\t\t\t\t\t\t<\/div>\n\t\t\t\t<\/div>\n\t\t<div class=\"elementor-element elementor-element-6fb0dec e-con-full e-ecs-flex e-flex e-con e-child\" data-id=\"6fb0dec\" data-element_type=\"container\" data-e-type=\"container\" data-settings=\"{&quot;ecs_container_type&quot;:&quot;flex&quot;}\">\n\t\t\t\t<div class=\"elementor-element elementor-element-768d12d elementor-widget elementor-widget-heading\" data-id=\"768d12d\" data-element_type=\"widget\" data-e-type=\"widget\" data-widget_type=\"heading.default\">\n\t\t\t\t\t<h2 class=\"elementor-heading-title elementor-size-default\">Clubul Orff<\/h2>\t\t\t\t<\/div>\n\t\t\t\t<div class=\"elementor-element elementor-element-9e4cd37 elementor-widget-divider--view-line elementor-widget elementor-widget-divider\" data-id=\"9e4cd37\" data-element_type=\"widget\" data-e-type=\"widget\" data-widget_type=\"divider.default\">\n\t\t\t\t\t\t\t<div class=\"elementor-divider\">\n\t\t\t<span class=\"elementor-divider-separator\">\n\t\t\t\t\t\t<\/span>\n\t\t<\/div>\n\t\t\t\t\t\t<\/div>\n\t\t\t\t<div class=\"elementor-element elementor-element-79872fd elementor-widget elementor-widget-text-editor\" data-id=\"79872fd\" data-element_type=\"widget\" data-e-type=\"widget\" data-widget_type=\"text-editor.default\">\n\t\t\t\t\t\t\t\t\t<p>Clubul Orff se adreseaz\u0103 elevilor din clasele I-IV \u0219i are loc o dat\u0103 pe s\u0103pt\u0103m\u00e2n\u0103. Aproximativ 20 de copii particip\u0103 \u00een mod regulat. Clubul este condus de un profesor de specialitate.  <\/p><p>\u00cen clubul Orff, copiii c\u00e2nt\u0103 la instrumente Orff, c\u00e2nt\u0103 \u0219i implementeaz\u0103 \u00eempreun\u0103 ritmuri \u0219i melodii. Se promoveaz\u0103 abilit\u0103\u021bile muzicale de baz\u0103, creativitatea \u0219i interac\u021biunea \u00een grup. <\/p><p>Spectacolele au loc pe parcursul anului \u0219colar la diverse ocazii, printre altele la festivit\u0103\u021bile de \u00eencepere a \u0219colii, la c\u00e2ntecele de Advent, la slujba de Cr\u0103ciun, precum \u0219i la seara muzical\u0103 de la sf\u00e2r\u0219itul anului \u0219colar \u0219i la festivalurile de teatru \u0219colar din Neum\u00fcnster.<\/p>\t\t\t\t\t\t\t\t<\/div>\n\t\t\t\t<\/div>\n\t\t\t\t\t<\/div>\n\t\t\t\t<\/div>\n\t\t<div class=\"elementor-element elementor-element-087d87c e-ecs-flex e-flex e-con-boxed e-con e-parent\" data-id=\"087d87c\" data-element_type=\"container\" data-e-type=\"container\" data-settings=\"{&quot;ecs_container_type&quot;:&quot;flex&quot;}\">\n\t\t\t\t\t<div class=\"e-con-inner\">\n\t\t<div class=\"elementor-element elementor-element-869fda0 e-con-full e-ecs-flex e-flex e-con e-child\" data-id=\"869fda0\" data-element_type=\"container\" data-e-type=\"container\" data-settings=\"{&quot;ecs_container_type&quot;:&quot;flex&quot;}\">\n\t\t\t\t<div class=\"elementor-element elementor-element-8ffffe5 elementor-widget elementor-widget-image\" data-id=\"8ffffe5\" data-element_type=\"widget\" data-e-type=\"widget\" data-widget_type=\"image.default\">\n\t\t\t\t\t\t\t\t\t\t\t\t\t\t\t<img decoding=\"async\" width=\"1440\" height=\"1020\" src=\"https:\/\/fehrsschule.de\/wp-content\/uploads\/2026\/01\/Taekwondo-AG.jpg\" class=\"attachment-full size-full wp-image-6719\" alt=\"\" srcset=\"https:\/\/fehrsschule.de\/wp-content\/uploads\/2026\/01\/Taekwondo-AG.jpg 1440w, https:\/\/fehrsschule.de\/wp-content\/uploads\/2026\/01\/Taekwondo-AG-300x213.jpg 300w, https:\/\/fehrsschule.de\/wp-content\/uploads\/2026\/01\/Taekwondo-AG-1024x725.jpg 1024w, https:\/\/fehrsschule.de\/wp-content\/uploads\/2026\/01\/Taekwondo-AG-768x544.jpg 768w\" sizes=\"(max-width: 1440px) 100vw, 1440px\" \/>\t\t\t\t\t\t\t\t\t\t\t\t\t\t\t<\/div>\n\t\t\t\t<\/div>\n\t\t<div class=\"elementor-element elementor-element-03107f2 e-con-full e-ecs-flex e-flex e-con e-child\" data-id=\"03107f2\" data-element_type=\"container\" data-e-type=\"container\" data-settings=\"{&quot;ecs_container_type&quot;:&quot;flex&quot;}\">\n\t\t\t\t<div class=\"elementor-element elementor-element-a1206e0 elementor-widget elementor-widget-heading\" data-id=\"a1206e0\" data-element_type=\"widget\" data-e-type=\"widget\" data-widget_type=\"heading.default\">\n\t\t\t\t\t<h2 class=\"elementor-heading-title elementor-size-default\">Clubul de Taekwondo<\/h2>\t\t\t\t<\/div>\n\t\t\t\t<div class=\"elementor-element elementor-element-09b4320 elementor-widget-divider--view-line elementor-widget elementor-widget-divider\" data-id=\"09b4320\" data-element_type=\"widget\" data-e-type=\"widget\" data-widget_type=\"divider.default\">\n\t\t\t\t\t\t\t<div class=\"elementor-divider\">\n\t\t\t<span class=\"elementor-divider-separator\">\n\t\t\t\t\t\t<\/span>\n\t\t<\/div>\n\t\t\t\t\t\t<\/div>\n\t\t\t\t<div class=\"elementor-element elementor-element-6848c5d elementor-widget elementor-widget-text-editor\" data-id=\"6848c5d\" data-element_type=\"widget\" data-e-type=\"widget\" data-widget_type=\"text-editor.default\">\n\t\t\t\t\t\t\t\t\t<p>Din 1996, la \u0219coala Johann-Hinrich-Fehrs este oferit un club de Taekwondo, care se bucur\u0103 de o mare popularitate printre elevi. \u00cen grupuri mixte de v\u00e2rste cu p\u00e2n\u0103 la 50 de copii, clubul sportiv combin\u0103 mi\u0219carea cu obiective importante de \u00eenv\u0103\u021bare social\u0103. <\/p><p>Pe l\u00e2ng\u0103 activitatea sportiv\u0103, sunt promovate autodisciplina, concentrarea \u0219i capacitatea de reac\u021bie. Taekwondo se adreseaz\u0103 tuturor grupelor musculare \u0219i pune un mare accent pe corectitudine, respect \u0219i polite\u021be \u00een rela\u021biile interumane. <\/p><p>Clubul de Taekwondo \u00eembog\u0103\u021be\u0219te \u00een mod regulat festivalurile \u0219colare cu demonstra\u021bii impresionante. \u00cen plus, face parte din proiectul \u201e\u0218coal\u0103 \u0219i club\u201d, prin care copiii participan\u021bi pot participa gratuit la antrenamentele Post-SV Neum\u00fcnster. <\/p>\t\t\t\t\t\t\t\t<\/div>\n\t\t\t\t<\/div>\n\t\t\t\t\t<\/div>\n\t\t\t\t<\/div>\n\t\t<div class=\"elementor-element elementor-element-ee87dc4 e-ecs-flex e-flex e-con-boxed e-con e-parent\" data-id=\"ee87dc4\" data-element_type=\"container\" data-e-type=\"container\" data-settings=\"{&quot;ecs_container_type&quot;:&quot;flex&quot;}\">\n\t\t\t\t\t<div class=\"e-con-inner\">\n\t\t<div class=\"elementor-element elementor-element-13bc99c e-con-full e-ecs-flex e-flex e-con e-child\" data-id=\"13bc99c\" data-element_type=\"container\" data-e-type=\"container\" data-settings=\"{&quot;ecs_container_type&quot;:&quot;flex&quot;}\">\n\t\t\t\t<div class=\"elementor-element elementor-element-1cce87e elementor-widget elementor-widget-image\" data-id=\"1cce87e\" data-element_type=\"widget\" data-e-type=\"widget\" data-widget_type=\"image.default\">\n\t\t\t\t\t\t\t\t\t\t\t\t\t\t\t<img loading=\"lazy\" decoding=\"async\" width=\"1440\" height=\"1020\" src=\"https:\/\/fehrsschule.de\/wp-content\/uploads\/2026\/01\/Theater-AG.jpg\" class=\"attachment-full size-full wp-image-6718\" alt=\"Sitzreihen in einem Theater\" srcset=\"https:\/\/fehrsschule.de\/wp-content\/uploads\/2026\/01\/Theater-AG.jpg 1440w, https:\/\/fehrsschule.de\/wp-content\/uploads\/2026\/01\/Theater-AG-300x213.jpg 300w, https:\/\/fehrsschule.de\/wp-content\/uploads\/2026\/01\/Theater-AG-1024x725.jpg 1024w, https:\/\/fehrsschule.de\/wp-content\/uploads\/2026\/01\/Theater-AG-768x544.jpg 768w\" sizes=\"(max-width: 1440px) 100vw, 1440px\" \/>\t\t\t\t\t\t\t\t\t\t\t\t\t\t\t<\/div>\n\t\t\t\t<\/div>\n\t\t<div class=\"elementor-element elementor-element-2ba4806 e-con-full e-ecs-flex e-flex e-con e-child\" data-id=\"2ba4806\" data-element_type=\"container\" data-e-type=\"container\" data-settings=\"{&quot;ecs_container_type&quot;:&quot;flex&quot;}\">\n\t\t\t\t<div class=\"elementor-element elementor-element-1e9be8c elementor-widget elementor-widget-heading\" data-id=\"1e9be8c\" data-element_type=\"widget\" data-e-type=\"widget\" data-widget_type=\"heading.default\">\n\t\t\t\t\t<h2 class=\"elementor-heading-title elementor-size-default\">Clubul de teatru<\/h2>\t\t\t\t<\/div>\n\t\t\t\t<div class=\"elementor-element elementor-element-3dee8d5 elementor-widget-divider--view-line elementor-widget elementor-widget-divider\" data-id=\"3dee8d5\" data-element_type=\"widget\" data-e-type=\"widget\" data-widget_type=\"divider.default\">\n\t\t\t\t\t\t\t<div class=\"elementor-divider\">\n\t\t\t<span class=\"elementor-divider-separator\">\n\t\t\t\t\t\t<\/span>\n\t\t<\/div>\n\t\t\t\t\t\t<\/div>\n\t\t\t\t<div class=\"elementor-element elementor-element-35f30d1 elementor-widget elementor-widget-text-editor\" data-id=\"35f30d1\" data-element_type=\"widget\" data-e-type=\"widget\" data-widget_type=\"text-editor.default\">\n\t\t\t\t\t\t\t\t\t<p>De mul\u021bi ani, la \u0219coala Johann-Hinrich-Fehrs exist\u0103 un club de teatru. Prin participarea regulat\u0103, pot fi repetate \u0219i piese mai complexe, precum \u201ePoveste de Cr\u0103ciun\u201d de Charles Dickens. <\/p><p>Repeti\u021biile au loc o dat\u0103 pe s\u0103pt\u0103m\u00e2n\u0103, de regul\u0103 o dat\u0103 pe an fiind pus\u0103 \u00een scen\u0103 o pies\u0103 de teatru sau un musical. \u00cen func\u021bie de pies\u0103, particip\u0103 p\u00e2n\u0103 la 25 de elevi din clasele II-IV. Clubul de teatru este \u00eenso\u021bit de angaja\u021bi ai Sch\u00fclernest.  <\/p><p>Adesea, clubul de teatru colaboreaz\u0103 cu cluburile muzicale la musicaluri. Spectacolele au loc la diverse evenimente \u0219colare \u0219i extra\u0219colare, inclusiv la festivit\u0103\u021bile de \u00eencepere a \u0219colii, la slujba de Cr\u0103ciun, la seara muzical\u0103, precum \u0219i la s\u0103pt\u0103m\u00e2nile de teatru \u0219colar din Neum\u00fcnster. <\/p>\t\t\t\t\t\t\t\t<\/div>\n\t\t\t\t<\/div>\n\t\t\t\t\t<\/div>\n\t\t\t\t<\/div>\n\t\t<div class=\"elementor-element elementor-element-b4f3a58 e-ecs-flex e-flex e-con-boxed e-con e-parent\" data-id=\"b4f3a58\" data-element_type=\"container\" data-e-type=\"container\" data-settings=\"{&quot;ecs_container_type&quot;:&quot;flex&quot;}\">\n\t\t\t\t\t<div class=\"e-con-inner\">\n\t\t<div class=\"elementor-element elementor-element-abcc8e7 e-con-full e-ecs-flex e-flex e-con e-child\" data-id=\"abcc8e7\" data-element_type=\"container\" data-e-type=\"container\" data-settings=\"{&quot;ecs_container_type&quot;:&quot;flex&quot;}\">\n\t\t\t\t<div class=\"elementor-element elementor-element-b496877 elementor-widget elementor-widget-image\" data-id=\"b496877\" data-element_type=\"widget\" data-e-type=\"widget\" data-widget_type=\"image.default\">\n\t\t\t\t\t\t\t\t\t\t\t\t\t\t\t<img loading=\"lazy\" decoding=\"async\" width=\"1440\" height=\"1020\" src=\"https:\/\/fehrsschule.de\/wp-content\/uploads\/2026\/01\/Fussball-AG.jpg\" class=\"attachment-full size-full wp-image-6717\" alt=\"Ein Fussball auf dem Rasen\" srcset=\"https:\/\/fehrsschule.de\/wp-content\/uploads\/2026\/01\/Fussball-AG.jpg 1440w, https:\/\/fehrsschule.de\/wp-content\/uploads\/2026\/01\/Fussball-AG-300x213.jpg 300w, https:\/\/fehrsschule.de\/wp-content\/uploads\/2026\/01\/Fussball-AG-1024x725.jpg 1024w, https:\/\/fehrsschule.de\/wp-content\/uploads\/2026\/01\/Fussball-AG-768x544.jpg 768w\" sizes=\"(max-width: 1440px) 100vw, 1440px\" \/>\t\t\t\t\t\t\t\t\t\t\t\t\t\t\t<\/div>\n\t\t\t\t<\/div>\n\t\t<div class=\"elementor-element elementor-element-5316563 e-con-full e-ecs-flex e-flex e-con e-child\" data-id=\"5316563\" data-element_type=\"container\" data-e-type=\"container\" data-settings=\"{&quot;ecs_container_type&quot;:&quot;flex&quot;}\">\n\t\t\t\t<div class=\"elementor-element elementor-element-6a15c6a elementor-widget elementor-widget-heading\" data-id=\"6a15c6a\" data-element_type=\"widget\" data-e-type=\"widget\" data-widget_type=\"heading.default\">\n\t\t\t\t\t<h2 class=\"elementor-heading-title elementor-size-default\">Clubul de fotbal clasa a II-a<\/h2>\t\t\t\t<\/div>\n\t\t\t\t<div class=\"elementor-element elementor-element-2e306a4 elementor-widget-divider--view-line elementor-widget elementor-widget-divider\" data-id=\"2e306a4\" data-element_type=\"widget\" data-e-type=\"widget\" data-widget_type=\"divider.default\">\n\t\t\t\t\t\t\t<div class=\"elementor-divider\">\n\t\t\t<span class=\"elementor-divider-separator\">\n\t\t\t\t\t\t<\/span>\n\t\t<\/div>\n\t\t\t\t\t\t<\/div>\n\t\t\t\t<div class=\"elementor-element elementor-element-93df6ee elementor-widget elementor-widget-text-editor\" data-id=\"93df6ee\" data-element_type=\"widget\" data-e-type=\"widget\" data-widget_type=\"text-editor.default\">\n\t\t\t\t\t\t\t\t\t<p>Clubul de fotbal se adreseaz\u0103 \u00een special copiilor din clasa a II-a care nu sunt activi \u00eentr-un club sportiv. Acesta ofer\u0103 elevilor posibilitatea de a \u00eenv\u0103\u021ba abilit\u0103\u021bi de baz\u0103 de fotbal, de a face mi\u0219care \u0219i de a se distra \u00eempreun\u0103 juc\u00e2nd. <\/p>\t\t\t\t\t\t\t\t<\/div>\n\t\t\t\t<\/div>\n\t\t\t\t\t<\/div>\n\t\t\t\t<\/div>\n\t\t<div class=\"elementor-element elementor-element-dedadc9 e-ecs-flex e-flex e-con-boxed e-con e-parent\" data-id=\"dedadc9\" data-element_type=\"container\" data-e-type=\"container\" data-settings=\"{&quot;ecs_container_type&quot;:&quot;flex&quot;}\">\n\t\t\t\t\t<div class=\"e-con-inner\">\n\t\t<div class=\"elementor-element elementor-element-2a667f0 e-con-full e-ecs-flex e-flex e-con e-child\" data-id=\"2a667f0\" data-element_type=\"container\" data-e-type=\"container\" data-settings=\"{&quot;ecs_container_type&quot;:&quot;flex&quot;}\">\n\t\t\t\t<div class=\"elementor-element elementor-element-3e34d5e elementor-widget elementor-widget-image\" data-id=\"3e34d5e\" data-element_type=\"widget\" data-e-type=\"widget\" data-widget_type=\"image.default\">\n\t\t\t\t\t\t\t\t\t\t\t\t\t\t\t<img loading=\"lazy\" decoding=\"async\" width=\"1440\" height=\"1020\" src=\"https:\/\/fehrsschule.de\/wp-content\/uploads\/2026\/01\/Forscher-AG.jpg\" class=\"attachment-full size-full wp-image-6716\" alt=\"Versuchsaufbau mit Flaschen und Gas\" srcset=\"https:\/\/fehrsschule.de\/wp-content\/uploads\/2026\/01\/Forscher-AG.jpg 1440w, https:\/\/fehrsschule.de\/wp-content\/uploads\/2026\/01\/Forscher-AG-300x213.jpg 300w, https:\/\/fehrsschule.de\/wp-content\/uploads\/2026\/01\/Forscher-AG-1024x725.jpg 1024w, https:\/\/fehrsschule.de\/wp-content\/uploads\/2026\/01\/Forscher-AG-768x544.jpg 768w\" sizes=\"(max-width: 1440px) 100vw, 1440px\" \/>\t\t\t\t\t\t\t\t\t\t\t\t\t\t\t<\/div>\n\t\t\t\t<\/div>\n\t\t<div class=\"elementor-element elementor-element-95e25ae e-con-full e-ecs-flex e-flex e-con e-child\" data-id=\"95e25ae\" data-element_type=\"container\" data-e-type=\"container\" data-settings=\"{&quot;ecs_container_type&quot;:&quot;flex&quot;}\">\n\t\t\t\t<div class=\"elementor-element elementor-element-8c63c5e elementor-widget elementor-widget-heading\" data-id=\"8c63c5e\" data-element_type=\"widget\" data-e-type=\"widget\" data-widget_type=\"heading.default\">\n\t\t\t\t\t<h2 class=\"elementor-heading-title elementor-size-default\">Clubul cercet\u0103torilor<\/h2>\t\t\t\t<\/div>\n\t\t\t\t<div class=\"elementor-element elementor-element-aaf63d2 elementor-widget-divider--view-line elementor-widget elementor-widget-divider\" data-id=\"aaf63d2\" data-element_type=\"widget\" data-e-type=\"widget\" data-widget_type=\"divider.default\">\n\t\t\t\t\t\t\t<div class=\"elementor-divider\">\n\t\t\t<span class=\"elementor-divider-separator\">\n\t\t\t\t\t\t<\/span>\n\t\t<\/div>\n\t\t\t\t\t\t<\/div>\n\t\t\t\t<div class=\"elementor-element elementor-element-1002281 elementor-widget elementor-widget-text-editor\" data-id=\"1002281\" data-element_type=\"widget\" data-e-type=\"widget\" data-widget_type=\"text-editor.default\">\n\t\t\t\t\t\t\t\t\t\u00cen clubul cercet\u0103torilor, copiii urm\u0103resc \u00eentreb\u0103ri interesante din natur\u0103, tehnologie \u0219i mediu. Subiectele se leag\u0103 de lec\u021bii \u0219i le extind prin \u00eencerc\u0103ri \u0219i descoperiri proprii. Clubul are loc o dat\u0103 pe s\u0103pt\u0103m\u00e2n\u0103 \u00een camera cercet\u0103torilor.  \t\t\t\t\t\t\t\t<\/div>\n\t\t\t\t<\/div>\n\t\t\t\t\t<\/div>\n\t\t\t\t<\/div>\n\t\t<div class=\"elementor-element elementor-element-1a59cdb e-ecs-flex e-flex e-con-boxed e-con e-parent\" data-id=\"1a59cdb\" data-element_type=\"container\" data-e-type=\"container\" data-settings=\"{&quot;ecs_container_type&quot;:&quot;flex&quot;}\">\n\t\t\t\t\t<div class=\"e-con-inner\">\n\t\t<div class=\"elementor-element elementor-element-560dcee e-con-full e-ecs-flex e-flex e-con e-child\" data-id=\"560dcee\" data-element_type=\"container\" data-e-type=\"container\" data-settings=\"{&quot;ecs_container_type&quot;:&quot;flex&quot;}\">\n\t\t\t\t<div class=\"elementor-element elementor-element-16d806d elementor-widget elementor-widget-image\" data-id=\"16d806d\" data-element_type=\"widget\" data-e-type=\"widget\" data-widget_type=\"image.default\">\n\t\t\t\t\t\t\t\t\t\t\t\t\t\t\t<img loading=\"lazy\" decoding=\"async\" width=\"1440\" height=\"1020\" src=\"https:\/\/fehrsschule.de\/wp-content\/uploads\/2026\/01\/Knobel-AG.jpg\" class=\"attachment-full size-full wp-image-6715\" alt=\"Rubiks Cube\" srcset=\"https:\/\/fehrsschule.de\/wp-content\/uploads\/2026\/01\/Knobel-AG.jpg 1440w, https:\/\/fehrsschule.de\/wp-content\/uploads\/2026\/01\/Knobel-AG-300x213.jpg 300w, https:\/\/fehrsschule.de\/wp-content\/uploads\/2026\/01\/Knobel-AG-1024x725.jpg 1024w, https:\/\/fehrsschule.de\/wp-content\/uploads\/2026\/01\/Knobel-AG-768x544.jpg 768w\" sizes=\"(max-width: 1440px) 100vw, 1440px\" \/>\t\t\t\t\t\t\t\t\t\t\t\t\t\t\t<\/div>\n\t\t\t\t<\/div>\n\t\t<div class=\"elementor-element elementor-element-381a777 e-con-full e-ecs-flex e-flex e-con e-child\" data-id=\"381a777\" data-element_type=\"container\" data-e-type=\"container\" data-settings=\"{&quot;ecs_container_type&quot;:&quot;flex&quot;}\">\n\t\t\t\t<div class=\"elementor-element elementor-element-c526580 elementor-widget elementor-widget-heading\" data-id=\"c526580\" data-element_type=\"widget\" data-e-type=\"widget\" data-widget_type=\"heading.default\">\n\t\t\t\t\t<h2 class=\"elementor-heading-title elementor-size-default\">Clubul problemelor dificile<\/h2>\t\t\t\t<\/div>\n\t\t\t\t<div class=\"elementor-element elementor-element-64e7136 elementor-widget-divider--view-line elementor-widget elementor-widget-divider\" data-id=\"64e7136\" data-element_type=\"widget\" data-e-type=\"widget\" data-widget_type=\"divider.default\">\n\t\t\t\t\t\t\t<div class=\"elementor-divider\">\n\t\t\t<span class=\"elementor-divider-separator\">\n\t\t\t\t\t\t<\/span>\n\t\t<\/div>\n\t\t\t\t\t\t<\/div>\n\t\t\t\t<div class=\"elementor-element elementor-element-9e59840 elementor-widget elementor-widget-text-editor\" data-id=\"9e59840\" data-element_type=\"widget\" data-e-type=\"widget\" data-widget_type=\"text-editor.default\">\n\t\t\t\t\t\t\t\t\t\u00cen clubul problemelor dificile, copiii deosebit de interesa\u021bi \u0219i performan\u021bi au posibilitatea de a se familiariza intens cu \u00eentreb\u0103ri matematice. G\u00e2ndirea logic\u0103 este promovat\u0103 prin sarcini dificile \u0219i jocuri de g\u00e2ndire. Clubul are loc o dat\u0103 pe s\u0103pt\u0103m\u00e2n\u0103 \u00een atelierul de \u00eenv\u0103\u021bare.  \t\t\t\t\t\t\t\t<\/div>\n\t\t\t\t<\/div>\n\t\t\t\t\t<\/div>\n\t\t\t\t<\/div>\n\t\t\t\t<\/div>\n\t\t","protected":false},"excerpt":{"rendered":"<p>Corul Cluburile muzicale se adreseaz\u0103, de regul\u0103, elevilor din clasele I-IV \u0219i au loc o dat\u0103 pe s\u0103pt\u0103m\u00e2n\u0103. La cor particip\u0103, \u00een medie, aproximativ 40 de copii, clubul Orff este frecventat de aproximativ 20 de copii, iar lec\u021biile de flaut includ p\u00e2n\u0103 la 12 participan\u021bi. Cursurile sunt conduse de profesori de specialitate califica\u021bi. Pe parcursul [&hellip;]<\/p>\n","protected":false},"author":1,"featured_media":0,"parent":0,"menu_order":2,"comment_status":"closed","ping_status":"closed","template":"","meta":{"footnotes":""},"class_list":["post-6714","page","type-page","status-publish","hentry"],"_links":{"self":[{"href":"https:\/\/fehrsschule.de\/ro\/wp-json\/wp\/v2\/pages\/6714","targetHints":{"allow":["GET"]}}],"collection":[{"href":"https:\/\/fehrsschule.de\/ro\/wp-json\/wp\/v2\/pages"}],"about":[{"href":"https:\/\/fehrsschule.de\/ro\/wp-json\/wp\/v2\/types\/page"}],"author":[{"embeddable":true,"href":"https:\/\/fehrsschule.de\/ro\/wp-json\/wp\/v2\/users\/1"}],"replies":[{"embeddable":true,"href":"https:\/\/fehrsschule.de\/ro\/wp-json\/wp\/v2\/comments?post=6714"}],"version-history":[{"count":0,"href":"https:\/\/fehrsschule.de\/ro\/wp-json\/wp\/v2\/pages\/6714\/revisions"}],"wp:attachment":[{"href":"https:\/\/fehrsschule.de\/ro\/wp-json\/wp\/v2\/media?parent=6714"}],"curies":[{"name":"wp","href":"https:\/\/api.w.org\/{rel}","templated":true}]}}