{"id":6622,"date":"2025-12-28T10:40:24","date_gmt":"2025-12-28T09:40:24","guid":{"rendered":"https:\/\/fehrsschule.de\/curricule-de-specialitate\/"},"modified":"2026-01-14T10:34:38","modified_gmt":"2026-01-14T09:34:38","slug":"curricule-de-specialitate","status":"publish","type":"page","link":"https:\/\/fehrsschule.de\/ro\/curricule-de-specialitate\/","title":{"rendered":"Curricule de specialitate"},"content":{"rendered":"\t\t<div data-elementor-type=\"wp-page\" data-elementor-id=\"6622\" class=\"elementor elementor-6622 elementor-5558\" data-elementor-post-type=\"page\">\n\t\t\t\t<div class=\"elementor-element elementor-element-c7d4461 e-ecs-flex e-flex e-con-boxed e-con e-parent\" data-id=\"c7d4461\" data-element_type=\"container\" data-e-type=\"container\" data-settings=\"{&quot;ecs_container_type&quot;:&quot;flex&quot;}\">\n\t\t\t\t\t<div class=\"e-con-inner\">\n\t\t<div class=\"elementor-element elementor-element-778f6f2 e-con-full e-ecs-flex e-flex e-con e-child\" data-id=\"778f6f2\" data-element_type=\"container\" data-e-type=\"container\" data-settings=\"{&quot;background_background&quot;:&quot;classic&quot;,&quot;ecs_container_type&quot;:&quot;flex&quot;}\">\n\t\t\t\t<div class=\"elementor-element elementor-element-9e68cc6 titlebg elementor-widget elementor-widget-heading\" data-id=\"9e68cc6\" data-element_type=\"widget\" data-e-type=\"widget\" data-widget_type=\"heading.default\">\n\t\t\t\t\t<h1 class=\"elementor-heading-title elementor-size-default\"><span>Curricule de specialitate<\/span><\/h1>\t\t\t\t<\/div>\n\t\t\t\t<\/div>\n\t\t\t\t\t<\/div>\n\t\t\t\t<\/div>\n\t\t<div class=\"elementor-element elementor-element-dac0803 e-ecs-flex e-flex e-con-boxed e-con e-parent\" data-id=\"dac0803\" data-element_type=\"container\" data-e-type=\"container\" data-settings=\"{&quot;ecs_container_type&quot;:&quot;flex&quot;}\">\n\t\t\t\t\t<div class=\"e-con-inner\">\n\t\t\t\t<div class=\"elementor-element elementor-element-8da2141 elementor-widget elementor-widget-heading\" data-id=\"8da2141\" data-element_type=\"widget\" data-e-type=\"widget\" data-widget_type=\"heading.default\">\n\t\t\t\t\t<h2 class=\"elementor-heading-title elementor-size-default\">Curricule de specialitate \u2013 planurile de lec\u021bie pentru predare<\/h2>\t\t\t\t<\/div>\n\t\t\t\t<div class=\"elementor-element elementor-element-4eb01c1 elementor-widget-divider--view-line elementor-widget elementor-widget-divider\" data-id=\"4eb01c1\" data-element_type=\"widget\" data-e-type=\"widget\" data-widget_type=\"divider.default\">\n\t\t\t\t\t\t\t<div class=\"elementor-divider\">\n\t\t\t<span class=\"elementor-divider-separator\">\n\t\t\t\t\t\t<\/span>\n\t\t<\/div>\n\t\t\t\t\t\t<\/div>\n\t\t\t\t<div class=\"elementor-element elementor-element-241e46d elementor-widget elementor-widget-text-editor\" data-id=\"241e46d\" data-element_type=\"widget\" data-e-type=\"widget\" data-widget_type=\"text-editor.default\">\n\t\t\t\t\t\t\t\t\t<p>Curriculele de specialitate sunt ca ni\u0219te planuri de lec\u021bie pentru predarea \u00een \u0219coala primar\u0103. Pe baza lor, se stabile\u0219te ce \u00eenva\u021b\u0103 copiii la fiecare materie \u0219i cum este structurat\u0103 predarea. Ministerul Educa\u021biei stabile\u0219te cerin\u021be obligatorii pentru aceasta, a\u0219a-numitele cerin\u021be de specialitate. Fiecare \u0219coal\u0103 \u00ee\u0219i dezvolt\u0103 propriile curricule de specialitate, care sunt adaptate exact la profilul \u0219colii respective.   <\/p><p>\u00cen curriculele de specialitate se specific\u0103 ce subiecte sunt abordate \u00een ce an \u0219colar, ce metode sunt utilizate \u00een predare, ce materiale \u2013 de exemplu, c\u0103r\u021bi sau caiete de lucru \u2013 sunt folosite \u0219i ce competen\u021be ar trebui s\u0103 dob\u00e2ndeasc\u0103 elevii. Prin urmare, acestea ofer\u0103 o orientare fiabil\u0103 pentru \u00eentreaga planificare a lec\u021biilor. <\/p><p>Pentru p\u0103rin\u021bi, curriculele de specialitate ofer\u0103 o imagine de ansamblu important\u0103: ele arat\u0103 \u00een mod transparent ce \u00eenva\u021b\u0103 copilul lor \u00een ce an \u0219colar \u0219i asigur\u0103 c\u0103 to\u021bi elevii sunt educa\u021bi conform acelora\u0219i standarde, chiar dac\u0103 au profesori diferi\u021bi. \u00cen acela\u0219i timp, curriculele de specialitate ajut\u0103 profesorii s\u0103 structureze predarea \u00eentr-un mod structurat, u\u0219or de \u00een\u021beles \u0219i comparabil. <\/p><p>Mai jos g\u0103si\u021bi curriculele de specialitate ale materiilor predate \u00een primul an de \u0219coal\u0103 al \u0219colii noastre: german\u0103, matematic\u0103, studierea mediului \u00eenconjur\u0103tor, muzic\u0103, sport, art\u0103 \u0219i religie.<\/p>\t\t\t\t\t\t\t\t<\/div>\n\t\t\t\t\t<\/div>\n\t\t\t\t<\/div>\n\t\t<div class=\"elementor-element elementor-element-44a3fc5 e-ecs-flex e-flex e-con-boxed e-con e-parent\" data-id=\"44a3fc5\" data-element_type=\"container\" data-e-type=\"container\" data-settings=\"{&quot;ecs_container_type&quot;:&quot;flex&quot;}\">\n\t\t\t\t\t<div class=\"e-con-inner\">\n\t\t\t\t<div class=\"elementor-element elementor-element-247448e elementor-widget elementor-widget-shortcode\" data-id=\"247448e\" data-element_type=\"widget\" data-e-type=\"widget\" data-widget_type=\"shortcode.default\">\n\t\t\t\t\t\t\t<div class=\"elementor-shortcode\">\t\t<div data-elementor-type=\"container\" data-elementor-id=\"6904\" class=\"elementor elementor-6904 elementor-5610 elementor-5610\" data-elementor-post-type=\"elementor_library\">\n\t\t\t\t<div class=\"elementor-element elementor-element-5c5ef64 e-ecs-flex e-flex e-con-boxed e-con e-parent\" data-id=\"5c5ef64\" data-element_type=\"container\" data-e-type=\"container\" data-settings=\"{&quot;ecs_container_type&quot;:&quot;flex&quot;}\">\n\t\t\t\t\t<div class=\"e-con-inner\">\n\t\t<div class=\"elementor-element elementor-element-9d1a262 e-con-full e-ecs-flex e-flex e-con e-child\" data-id=\"9d1a262\" data-element_type=\"container\" data-e-type=\"container\" data-settings=\"{&quot;ecs_container_type&quot;:&quot;flex&quot;}\">\n\t\t\t\t<div class=\"elementor-element elementor-element-18bf6f4 elementor-widget elementor-widget-image\" data-id=\"18bf6f4\" data-element_type=\"widget\" data-e-type=\"widget\" data-widget_type=\"image.default\">\n\t\t\t\t\t\t\t\t\t\t\t\t<figure class=\"wp-caption\">\n\t\t\t\t\t\t\t\t\t\t\t<a href=\"https:\/\/fehrsschule.de\/fachcurricula\/fachcurricula-deutsch\/\">\n\t\t\t\t\t\t\t<img fetchpriority=\"high\" decoding=\"async\" width=\"512\" height=\"512\" src=\"https:\/\/fehrsschule.de\/wp-content\/uploads\/2025\/12\/Deutsch.png\" class=\"attachment-full size-full wp-image-6625\" alt=\"Fachcurriculum f\u00fcr den Deutschunterricht\" srcset=\"https:\/\/fehrsschule.de\/wp-content\/uploads\/2025\/12\/Deutsch.png 512w, https:\/\/fehrsschule.de\/wp-content\/uploads\/2025\/12\/Deutsch-300x300.png 300w, https:\/\/fehrsschule.de\/wp-content\/uploads\/2025\/12\/Deutsch-150x150.png 150w\" sizes=\"(max-width: 512px) 100vw, 512px\" \/>\t\t\t\t\t\t\t\t<\/a>\n\t\t\t\t\t\t\t\t\t\t\t<figcaption class=\"widget-image-caption wp-caption-text\">German<\/figcaption>\n\t\t\t\t\t\t\t\t\t\t<\/figure>\n\t\t\t\t\t\t\t\t\t<\/div>\n\t\t\t\t<\/div>\n\t\t<div class=\"elementor-element elementor-element-4f1b702 e-con-full e-ecs-flex e-flex e-con e-child\" data-id=\"4f1b702\" data-element_type=\"container\" data-e-type=\"container\" data-settings=\"{&quot;ecs_container_type&quot;:&quot;flex&quot;}\">\n\t\t\t\t<div class=\"elementor-element elementor-element-2c48414 elementor-widget elementor-widget-image\" data-id=\"2c48414\" data-element_type=\"widget\" data-e-type=\"widget\" data-widget_type=\"image.default\">\n\t\t\t\t\t\t\t\t\t\t\t\t<figure class=\"wp-caption\">\n\t\t\t\t\t\t\t\t\t\t\t<a href=\"https:\/\/fehrsschule.de\/fachcurricula\/fachcurricula-mathematik\/\">\n\t\t\t\t\t\t\t<img decoding=\"async\" width=\"512\" height=\"512\" src=\"https:\/\/fehrsschule.de\/wp-content\/uploads\/2025\/12\/Mathematik.png\" class=\"attachment-full size-full wp-image-6624\" alt=\"Fachcurriculum f\u00fcr Mathematik Unterricht\" srcset=\"https:\/\/fehrsschule.de\/wp-content\/uploads\/2025\/12\/Mathematik.png 512w, https:\/\/fehrsschule.de\/wp-content\/uploads\/2025\/12\/Mathematik-300x300.png 300w, https:\/\/fehrsschule.de\/wp-content\/uploads\/2025\/12\/Mathematik-150x150.png 150w\" sizes=\"(max-width: 512px) 100vw, 512px\" \/>\t\t\t\t\t\t\t\t<\/a>\n\t\t\t\t\t\t\t\t\t\t\t<figcaption class=\"widget-image-caption wp-caption-text\">Matematic\u0103<\/figcaption>\n\t\t\t\t\t\t\t\t\t\t<\/figure>\n\t\t\t\t\t\t\t\t\t<\/div>\n\t\t\t\t<\/div>\n\t\t<div class=\"elementor-element elementor-element-ef17676 e-con-full e-ecs-flex e-flex e-con e-child\" data-id=\"ef17676\" data-element_type=\"container\" data-e-type=\"container\" data-settings=\"{&quot;ecs_container_type&quot;:&quot;flex&quot;}\">\n\t\t\t\t<div class=\"elementor-element elementor-element-5c927a9 elementor-widget elementor-widget-image\" data-id=\"5c927a9\" data-element_type=\"widget\" data-e-type=\"widget\" data-widget_type=\"image.default\">\n\t\t\t\t\t\t\t\t\t\t\t\t<figure class=\"wp-caption\">\n\t\t\t\t\t\t\t\t\t\t\t<a href=\"https:\/\/fehrsschule.de\/fachcurricula\/fachcurricula-sachunterricht-su\/\">\n\t\t\t\t\t\t\t<img decoding=\"async\" width=\"512\" height=\"512\" src=\"https:\/\/fehrsschule.de\/wp-content\/uploads\/2025\/12\/Sachunterricht.png\" class=\"attachment-full size-full wp-image-6627\" alt=\"f\u00fcr den Sachunterricht\" srcset=\"https:\/\/fehrsschule.de\/wp-content\/uploads\/2025\/12\/Sachunterricht.png 512w, https:\/\/fehrsschule.de\/wp-content\/uploads\/2025\/12\/Sachunterricht-300x300.png 300w, https:\/\/fehrsschule.de\/wp-content\/uploads\/2025\/12\/Sachunterricht-150x150.png 150w\" sizes=\"(max-width: 512px) 100vw, 512px\" \/>\t\t\t\t\t\t\t\t<\/a>\n\t\t\t\t\t\t\t\t\t\t\t<figcaption class=\"widget-image-caption wp-caption-text\">\u015etiin\u0163\u0103<\/figcaption>\n\t\t\t\t\t\t\t\t\t\t<\/figure>\n\t\t\t\t\t\t\t\t\t<\/div>\n\t\t\t\t<\/div>\n\t\t<div class=\"elementor-element elementor-element-45ea368 e-con-full e-ecs-flex e-flex e-con e-child\" data-id=\"45ea368\" data-element_type=\"container\" data-e-type=\"container\" data-settings=\"{&quot;ecs_container_type&quot;:&quot;flex&quot;}\">\n\t\t\t\t<div class=\"elementor-element elementor-element-24a8502 elementor-widget elementor-widget-image\" data-id=\"24a8502\" data-element_type=\"widget\" data-e-type=\"widget\" data-widget_type=\"image.default\">\n\t\t\t\t\t\t\t\t\t\t\t\t<figure class=\"wp-caption\">\n\t\t\t\t\t\t\t\t\t\t\t<a href=\"https:\/\/fehrsschule.de\/fachcurricula\/fachcurricula-musik\/\">\n\t\t\t\t\t\t\t<img loading=\"lazy\" decoding=\"async\" width=\"512\" height=\"512\" src=\"https:\/\/fehrsschule.de\/wp-content\/uploads\/2025\/12\/Musik.png\" class=\"attachment-full size-full wp-image-6626\" alt=\"Fachcurriculum f\u00fcr den Musikunterricht\" srcset=\"https:\/\/fehrsschule.de\/wp-content\/uploads\/2025\/12\/Musik.png 512w, https:\/\/fehrsschule.de\/wp-content\/uploads\/2025\/12\/Musik-300x300.png 300w, https:\/\/fehrsschule.de\/wp-content\/uploads\/2025\/12\/Musik-150x150.png 150w\" sizes=\"(max-width: 512px) 100vw, 512px\" \/>\t\t\t\t\t\t\t\t<\/a>\n\t\t\t\t\t\t\t\t\t\t\t<figcaption class=\"widget-image-caption wp-caption-text\">Muzic\u0103<\/figcaption>\n\t\t\t\t\t\t\t\t\t\t<\/figure>\n\t\t\t\t\t\t\t\t\t<\/div>\n\t\t\t\t<\/div>\n\t\t<div class=\"elementor-element elementor-element-169c3b7 e-con-full e-ecs-flex e-flex e-con e-child\" data-id=\"169c3b7\" data-element_type=\"container\" data-e-type=\"container\" data-settings=\"{&quot;ecs_container_type&quot;:&quot;flex&quot;}\">\n\t\t\t\t<div class=\"elementor-element elementor-element-2dc016e elementor-widget elementor-widget-image\" data-id=\"2dc016e\" data-element_type=\"widget\" data-e-type=\"widget\" data-widget_type=\"image.default\">\n\t\t\t\t\t\t\t\t\t\t\t\t<figure class=\"wp-caption\">\n\t\t\t\t\t\t\t\t\t\t\t<a href=\"https:\/\/fehrsschule.de\/fachcurricula\/fachcurricula-sportunterricht\/\">\n\t\t\t\t\t\t\t<img loading=\"lazy\" decoding=\"async\" width=\"512\" height=\"512\" src=\"https:\/\/fehrsschule.de\/wp-content\/uploads\/2025\/12\/Sport.png\" class=\"attachment-full size-full wp-image-6628\" alt=\"Fachcurriculum f\u00fcr den Sportunterricht\" srcset=\"https:\/\/fehrsschule.de\/wp-content\/uploads\/2025\/12\/Sport.png 512w, https:\/\/fehrsschule.de\/wp-content\/uploads\/2025\/12\/Sport-300x300.png 300w, https:\/\/fehrsschule.de\/wp-content\/uploads\/2025\/12\/Sport-150x150.png 150w\" sizes=\"(max-width: 512px) 100vw, 512px\" \/>\t\t\t\t\t\t\t\t<\/a>\n\t\t\t\t\t\t\t\t\t\t\t<figcaption class=\"widget-image-caption wp-caption-text\">Sport<\/figcaption>\n\t\t\t\t\t\t\t\t\t\t<\/figure>\n\t\t\t\t\t\t\t\t\t<\/div>\n\t\t\t\t<\/div>\n\t\t<div class=\"elementor-element elementor-element-d9aef37 e-con-full e-ecs-flex e-flex e-con e-child\" data-id=\"d9aef37\" data-element_type=\"container\" data-e-type=\"container\" data-settings=\"{&quot;ecs_container_type&quot;:&quot;flex&quot;}\">\n\t\t\t\t<div class=\"elementor-element elementor-element-1cf6eb7 elementor-widget elementor-widget-image\" data-id=\"1cf6eb7\" data-element_type=\"widget\" data-e-type=\"widget\" data-widget_type=\"image.default\">\n\t\t\t\t\t\t\t\t\t\t\t\t<figure class=\"wp-caption\">\n\t\t\t\t\t\t\t\t\t\t\t<a href=\"https:\/\/fehrsschule.de\/fachcurricula\/fachcurricula-kunstunterricht\/\">\n\t\t\t\t\t\t\t<img loading=\"lazy\" decoding=\"async\" width=\"512\" height=\"512\" src=\"https:\/\/fehrsschule.de\/wp-content\/uploads\/2025\/12\/Kunst.png\" class=\"attachment-full size-full wp-image-6629\" alt=\"Fachcurriculum f\u00fcr den Kunstunterricht\" srcset=\"https:\/\/fehrsschule.de\/wp-content\/uploads\/2025\/12\/Kunst.png 512w, https:\/\/fehrsschule.de\/wp-content\/uploads\/2025\/12\/Kunst-300x300.png 300w, https:\/\/fehrsschule.de\/wp-content\/uploads\/2025\/12\/Kunst-150x150.png 150w\" sizes=\"(max-width: 512px) 100vw, 512px\" \/>\t\t\t\t\t\t\t\t<\/a>\n\t\t\t\t\t\t\t\t\t\t\t<figcaption class=\"widget-image-caption wp-caption-text\">Art\u0103<\/figcaption>\n\t\t\t\t\t\t\t\t\t\t<\/figure>\n\t\t\t\t\t\t\t\t\t<\/div>\n\t\t\t\t<\/div>\n\t\t<div class=\"elementor-element elementor-element-858ffe1 e-con-full e-ecs-flex e-flex e-con e-child\" data-id=\"858ffe1\" data-element_type=\"container\" data-e-type=\"container\" data-settings=\"{&quot;ecs_container_type&quot;:&quot;flex&quot;}\">\n\t\t\t\t<div class=\"elementor-element elementor-element-a83dafa elementor-widget elementor-widget-image\" data-id=\"a83dafa\" data-element_type=\"widget\" data-e-type=\"widget\" data-widget_type=\"image.default\">\n\t\t\t\t\t\t\t\t\t\t\t\t<figure class=\"wp-caption\">\n\t\t\t\t\t\t\t\t\t\t\t<a href=\"https:\/\/fehrsschule.de\/fachcurricula\/fachcurricula-religion\/\">\n\t\t\t\t\t\t\t<img loading=\"lazy\" decoding=\"async\" width=\"512\" height=\"512\" src=\"https:\/\/fehrsschule.de\/wp-content\/uploads\/2025\/12\/Religion.png\" class=\"attachment-full size-full wp-image-6630\" alt=\"Fachcurriculum f\u00fcr Religionsunterricht\" srcset=\"https:\/\/fehrsschule.de\/wp-content\/uploads\/2025\/12\/Religion.png 512w, https:\/\/fehrsschule.de\/wp-content\/uploads\/2025\/12\/Religion-300x300.png 300w, https:\/\/fehrsschule.de\/wp-content\/uploads\/2025\/12\/Religion-150x150.png 150w\" sizes=\"(max-width: 512px) 100vw, 512px\" \/>\t\t\t\t\t\t\t\t<\/a>\n\t\t\t\t\t\t\t\t\t\t\t<figcaption class=\"widget-image-caption wp-caption-text\">Curriculumul de studii religioase<\/figcaption>\n\t\t\t\t\t\t\t\t\t\t<\/figure>\n\t\t\t\t\t\t\t\t\t<\/div>\n\t\t\t\t<\/div>\n\t\t\t\t\t<\/div>\n\t\t\t\t<\/div>\n\t\t\t\t<\/div>\n\t\t<\/div>\n\t\t\t\t\t\t<\/div>\n\t\t\t\t\t<\/div>\n\t\t\t\t<\/div>\n\t\t\t\t<\/div>\n\t\t","protected":false},"excerpt":{"rendered":"<p>Curricule de specialitate Curricule de specialitate \u2013 planurile de lec\u021bie pentru predare Curriculele de specialitate sunt ca ni\u0219te planuri de lec\u021bie pentru predarea \u00een \u0219coala primar\u0103. Pe baza lor, se stabile\u0219te ce \u00eenva\u021b\u0103 copiii la fiecare materie \u0219i cum este structurat\u0103 predarea. Ministerul Educa\u021biei stabile\u0219te cerin\u021be obligatorii pentru aceasta, a\u0219a-numitele cerin\u021be de specialitate. Fiecare \u0219coal\u0103 [&hellip;]<\/p>\n","protected":false},"author":1,"featured_media":0,"parent":0,"menu_order":4,"comment_status":"closed","ping_status":"closed","template":"","meta":{"footnotes":""},"class_list":["post-6622","page","type-page","status-publish","hentry"],"_links":{"self":[{"href":"https:\/\/fehrsschule.de\/ro\/wp-json\/wp\/v2\/pages\/6622","targetHints":{"allow":["GET"]}}],"collection":[{"href":"https:\/\/fehrsschule.de\/ro\/wp-json\/wp\/v2\/pages"}],"about":[{"href":"https:\/\/fehrsschule.de\/ro\/wp-json\/wp\/v2\/types\/page"}],"author":[{"embeddable":true,"href":"https:\/\/fehrsschule.de\/ro\/wp-json\/wp\/v2\/users\/1"}],"replies":[{"embeddable":true,"href":"https:\/\/fehrsschule.de\/ro\/wp-json\/wp\/v2\/comments?post=6622"}],"version-history":[{"count":0,"href":"https:\/\/fehrsschule.de\/ro\/wp-json\/wp\/v2\/pages\/6622\/revisions"}],"wp:attachment":[{"href":"https:\/\/fehrsschule.de\/ro\/wp-json\/wp\/v2\/media?parent=6622"}],"curies":[{"name":"wp","href":"https:\/\/api.w.org\/{rel}","templated":true}]}}