{"id":6536,"date":"2026-01-02T10:00:36","date_gmt":"2026-01-02T09:00:36","guid":{"rendered":"https:\/\/fehrsschule.de\/program-scolar\/"},"modified":"2026-01-14T10:33:35","modified_gmt":"2026-01-14T09:33:35","slug":"program-scolar","status":"publish","type":"page","link":"https:\/\/fehrsschule.de\/ro\/program-scolar\/","title":{"rendered":"Program \u0219colar"},"content":{"rendered":"\t\t<div data-elementor-type=\"wp-page\" data-elementor-id=\"6536\" class=\"elementor elementor-6536 elementor-5938\" data-elementor-post-type=\"page\">\n\t\t\t\t<div class=\"elementor-element elementor-element-a297a59 e-ecs-flex e-flex e-con-boxed e-con e-parent\" data-id=\"a297a59\" data-element_type=\"container\" data-e-type=\"container\" data-settings=\"{&quot;ecs_container_type&quot;:&quot;flex&quot;}\">\n\t\t\t\t\t<div class=\"e-con-inner\">\n\t\t<div class=\"elementor-element elementor-element-5aece4d e-con-full e-ecs-flex e-flex e-con e-child\" data-id=\"5aece4d\" data-element_type=\"container\" data-e-type=\"container\" data-settings=\"{&quot;background_background&quot;:&quot;classic&quot;,&quot;ecs_container_type&quot;:&quot;flex&quot;}\">\n\t\t\t\t<div class=\"elementor-element elementor-element-98fef01 titlebg elementor-widget elementor-widget-heading\" data-id=\"98fef01\" data-element_type=\"widget\" data-e-type=\"widget\" data-widget_type=\"heading.default\">\n\t\t\t\t\t<h1 class=\"elementor-heading-title elementor-size-default\"><span>Program \u0219colar<\/span><\/h1>\t\t\t\t<\/div>\n\t\t\t\t<\/div>\n\t\t\t\t\t<\/div>\n\t\t\t\t<\/div>\n\t\t<div class=\"elementor-element elementor-element-1a59cdb e-ecs-flex e-flex e-con-boxed e-con e-parent\" data-id=\"1a59cdb\" data-element_type=\"container\" data-e-type=\"container\" data-settings=\"{&quot;ecs_container_type&quot;:&quot;flex&quot;}\">\n\t\t\t\t\t<div class=\"e-con-inner\">\n\t\t<div class=\"elementor-element elementor-element-381a777 e-con-full e-ecs-flex e-flex e-con e-child\" data-id=\"381a777\" data-element_type=\"container\" data-e-type=\"container\" data-settings=\"{&quot;ecs_container_type&quot;:&quot;flex&quot;}\">\n\t\t\t\t<div class=\"elementor-element elementor-element-c526580 elementor-widget elementor-widget-heading\" data-id=\"c526580\" data-element_type=\"widget\" data-e-type=\"widget\" data-widget_type=\"heading.default\">\n\t\t\t\t\t<h2 class=\"elementor-heading-title elementor-size-default\">Programul nostru \u0219colar<\/h2>\t\t\t\t<\/div>\n\t\t\t\t<div class=\"elementor-element elementor-element-64e7136 elementor-widget-divider--view-line elementor-widget elementor-widget-divider\" data-id=\"64e7136\" data-element_type=\"widget\" data-e-type=\"widget\" data-widget_type=\"divider.default\">\n\t\t\t\t\t\t\t<div class=\"elementor-divider\">\n\t\t\t<span class=\"elementor-divider-separator\">\n\t\t\t\t\t\t<\/span>\n\t\t<\/div>\n\t\t\t\t\t\t<\/div>\n\t\t\t\t<div class=\"elementor-element elementor-element-9e59840 elementor-widget elementor-widget-text-editor\" data-id=\"9e59840\" data-element_type=\"widget\" data-e-type=\"widget\" data-widget_type=\"text-editor.default\">\n\t\t\t\t\t\t\t\t\t<p>Programul \u0219colar al \u0218colii Johann-Hinrich-Fehrs poate fi consultat la \u0219coal\u0103. Mai jos g\u0103si\u021bi o prezentare general\u0103 a principalelor puncte centrale de con\u021binut. <\/p><p>\u0218coala Johann-Hinrich-Fehrs Neum\u00fcnster<br>Aducem fiecare copil la bord. Ne pas\u0103. <\/p><p>Programul nostru \u0219colar este orientat spre nevoile individuale ale copiilor \u0219i urm\u0103re\u0219te scopul de a \u00eembina holistic \u00eenv\u0103\u021barea, \u00eengrijirea \u0219i promovarea. Un program \u0219colar structurat, \u00eengrijire de \u00eencredere, precum \u0219i colaborarea str\u00e2ns\u0103 cu p\u0103rin\u021bii \u0219i partenerii externi sunt \u00een centrul aten\u021biei. <\/p><p>Puncte centrale ale programului nostru \u0219colar:<br>\u2022 Sprijin \u0219i mediere a ajutoarelor externe cu un an \u00eenainte de \u00eenceperea \u0219colii<br>\u2022 \u00cengrijire pe tot parcursul zilei de la 7.00 la 16.30<br>\u2022 Program zilnic structurat \u0219i de \u00eencredere<br>\u2022 Asisten\u021b\u0103 de baz\u0103 s\u0103n\u0103toas\u0103 (mic dejun, gustare, pr\u00e2nz)<br>\u2022 Planuri individualizate de \u00eenv\u0103\u021bare \u0219i lucru<br>\u2022 Lucrul cu liste de competen\u021be la disciplinele principale<br>\u2022 Descoperirea \u0219i promovarea abilit\u0103\u021bilor \u0219i talentelor speciale<br>\u2022 Training social \u0219i ritualuri uniforme \u00een via\u021ba \u0219colar\u0103 de zi cu zi<br>\u2022 Managementul conflictelor orientat spre echip\u0103<br>\u2022 Consolidarea competen\u021bei educa\u021bionale a p\u0103rin\u021bilor<br>\u2022 Leg\u0103turi str\u00e2nse cu parteneri extra\u0219colari<\/p>\t\t\t\t\t\t\t\t<\/div>\n\t\t\t\t<\/div>\n\t\t\t\t\t<\/div>\n\t\t\t\t<\/div>\n\t\t\t\t<\/div>\n\t\t","protected":false},"excerpt":{"rendered":"<p>Programul nostru \u0219colar Programul \u0219colar al \u0218colii Johann-Hinrich-Fehrs poate fi consultat la \u0219coal\u0103. Mai jos g\u0103si\u021bi o prezentare general\u0103 a principalelor puncte centrale de con\u021binut. \u0218coala Johann-Hinrich-Fehrs Neum\u00fcnsterAducem fiecare copil la bord. Ne pas\u0103. Programul nostru \u0219colar este orientat spre nevoile individuale ale copiilor \u0219i urm\u0103re\u0219te scopul de a \u00eembina holistic \u00eenv\u0103\u021barea, \u00eengrijirea \u0219i promovarea. [&hellip;]<\/p>\n","protected":false},"author":1,"featured_media":0,"parent":0,"menu_order":2,"comment_status":"closed","ping_status":"closed","template":"","meta":{"footnotes":""},"class_list":["post-6536","page","type-page","status-publish","hentry"],"_links":{"self":[{"href":"https:\/\/fehrsschule.de\/ro\/wp-json\/wp\/v2\/pages\/6536","targetHints":{"allow":["GET"]}}],"collection":[{"href":"https:\/\/fehrsschule.de\/ro\/wp-json\/wp\/v2\/pages"}],"about":[{"href":"https:\/\/fehrsschule.de\/ro\/wp-json\/wp\/v2\/types\/page"}],"author":[{"embeddable":true,"href":"https:\/\/fehrsschule.de\/ro\/wp-json\/wp\/v2\/users\/1"}],"replies":[{"embeddable":true,"href":"https:\/\/fehrsschule.de\/ro\/wp-json\/wp\/v2\/comments?post=6536"}],"version-history":[{"count":0,"href":"https:\/\/fehrsschule.de\/ro\/wp-json\/wp\/v2\/pages\/6536\/revisions"}],"wp:attachment":[{"href":"https:\/\/fehrsschule.de\/ro\/wp-json\/wp\/v2\/media?parent=6536"}],"curies":[{"name":"wp","href":"https:\/\/api.w.org\/{rel}","templated":true}]}}