{"id":6425,"date":"2025-12-30T10:02:32","date_gmt":"2025-12-30T09:02:32","guid":{"rendered":"https:\/\/fehrsschule.de\/asociatia-prietenilor\/"},"modified":"2026-01-14T10:31:41","modified_gmt":"2026-01-14T09:31:41","slug":"asociatia-prietenilor","status":"publish","type":"page","link":"https:\/\/fehrsschule.de\/ro\/asociatia-prietenilor\/","title":{"rendered":"Asocia\u021bia Prietenilor"},"content":{"rendered":"\t\t<div data-elementor-type=\"wp-page\" data-elementor-id=\"6425\" class=\"elementor elementor-6425 elementor-5869\" data-elementor-post-type=\"page\">\n\t\t\t\t<div class=\"elementor-element elementor-element-a297a59 e-ecs-flex e-flex e-con-boxed e-con e-parent\" data-id=\"a297a59\" data-element_type=\"container\" data-e-type=\"container\" data-settings=\"{&quot;ecs_container_type&quot;:&quot;flex&quot;}\">\n\t\t\t\t\t<div class=\"e-con-inner\">\n\t\t<div class=\"elementor-element elementor-element-5aece4d e-con-full e-ecs-flex e-flex e-con e-child\" data-id=\"5aece4d\" data-element_type=\"container\" data-e-type=\"container\" data-settings=\"{&quot;background_background&quot;:&quot;classic&quot;,&quot;ecs_container_type&quot;:&quot;flex&quot;}\">\n\t\t\t\t<div class=\"elementor-element elementor-element-98fef01 titlebg elementor-widget elementor-widget-heading\" data-id=\"98fef01\" data-element_type=\"widget\" data-e-type=\"widget\" data-widget_type=\"heading.default\">\n\t\t\t\t\t<h1 class=\"elementor-heading-title elementor-size-default\"><span>Asocia\u021bia Prietenilor<\/span><\/h1>\t\t\t\t<\/div>\n\t\t\t\t<\/div>\n\t\t\t\t\t<\/div>\n\t\t\t\t<\/div>\n\t\t<div class=\"elementor-element elementor-element-1380fb7 e-ecs-flex e-flex e-con-boxed e-con e-parent\" data-id=\"1380fb7\" data-element_type=\"container\" data-e-type=\"container\" data-settings=\"{&quot;ecs_container_type&quot;:&quot;flex&quot;}\">\n\t\t\t\t\t<div class=\"e-con-inner\">\n\t\t\t\t<div class=\"elementor-element elementor-element-e2d92d4 elementor-widget elementor-widget-text-editor\" data-id=\"e2d92d4\" data-element_type=\"widget\" data-e-type=\"widget\" data-widget_type=\"text-editor.default\">\n\t\t\t\t\t\t\t\t\t<p>Asocia\u021bia Prietenilor este o uniune de p\u0103rin\u021bi, prieteni, fo\u0219ti elevi \u0219i profesori, al c\u0103ror scop este de a promova \u0219i sprijini \u0218coala Johann-Hinrich-Fehrs \u00een sarcina sa \u0219colar\u0103. Acest lucru se realizeaz\u0103 \u00een special prin achizi\u021bionarea de materiale didactice costisitoare, cutii cu jocuri pentru pauze \u0219i organizarea de evenimente. <\/p><p>Fondurile de sprijin au realizat deja, printre altele:<\/p><ul><li><strong>Reamenajarea cur\u021bii \u0219colii cu echipamente de joac\u0103<\/strong><\/li><li><strong>Achizi\u021bionarea de cutii cu jocuri pentru pauz\u0103<\/strong><\/li><li><strong>Sprijin financiar pentru biblioteca \u0219colii<\/strong><\/li><li><strong>Acordarea de subven\u021bii pentru excursii \u0219colare<\/strong><\/li><\/ul><p>\u00cen plus, Asocia\u021bia Prietenilor \u00eentre\u021bine grupul Hallig \u0219i \u0218coala cu program prelungit &#8211; Cuibul elevilor. Pentru ambele institu\u021bii, ea este angajatorul. Supravegherea este \u00een responsabilitatea conducerii \u0219colii.  <\/p><p>Ne-am bucura dac\u0103 v-a\u021bi decide s\u0103 v\u0103 al\u0103tura\u021bi Asocia\u021biei Prietenilor. Deoarece asocia\u021bia este recunoscut\u0103 ca fiind non-profit, cotiza\u021bia de membru poate fi dedus\u0103 fiscal. <\/p><p>Pot deveni membri to\u021bi cei care se simt lega\u021bi de \u0218coala Johann-Hinrich-Fehrs.<br>Cotiza\u021bia de membru este de minimum 12,- Euro pe an (contribu\u021bia poate fi mai mare).<br>Dac\u0103 copilul dumneavoastr\u0103 p\u0103r\u0103se\u0219te \u0219coala, calitatea dumneavoastr\u0103 de membru \u00eenceteaz\u0103 automat, cu excep\u021bia cazului \u00een care ne comunica\u021bi c\u0103 dori\u021bi s\u0103 r\u0103m\u00e2ne\u021bi membru<br>&#8211; ceea ce ne-ar bucura!<\/p><h2>M\u0103sura de ajutor pentru copii \u0219i tineri \u201eGrupul Hallig\u201d<\/h2><p>\u00cen \u0219coal\u0103, num\u0103rul copiilor care devin vizibili prin tulbur\u0103ri de comportament este \u00een continu\u0103 cre\u0219tere. Motivele sunt diverse. \u0218coala se str\u0103duie\u0219te s\u0103 r\u0103spund\u0103 diferen\u021biat la aceste condi\u021bii schimbate.  <\/p><p>Cu toate acestea, pentru unii copii, posibilit\u0103\u021bile pedagogice ale \u0219colii nu mai sunt suficiente. Nevoile \u0219i deficitele lor, chiar \u0219i \u00een domeniile sociale ale vie\u021bii, sunt at\u00e2t de mari \u00eenc\u00e2t nu li se poate face dreptate \u00een cadrul orelor de curs. <\/p><p>Pentru a permite \u0219i acestor copii un \u00eenceput mai adecvat \u00een via\u021b\u0103, a fost \u00eenfiin\u021bat \u201eGrupul Hallig\u201d. Aici, copiii sunt \u00eengriji\u021bi pe tot parcursul zilei, pentru a-i integra social \u0219i pedagogic \u00een \u0219coal\u0103 \u0219i \u00een mediul \u00eenconjur\u0103tor. <\/p><p>Asocia\u021bia Prietenilor \u0218colii Johann-Hinrich-Fehrs sprijin\u0103 \u0219i promoveaz\u0103 aceast\u0103 institu\u021bie.<br>Noi, sus\u021bin\u0103torii Grupului Hallig, ne confrunt\u0103m cu aceast\u0103 problem\u0103.<strong> <\/strong><\/p><p><strong>\u0218i cu succes: \u00cenv\u0103\u021barea \u00een comunit\u0103\u021bile de clas\u0103 este din nou distractiv\u0103 pentru to\u021bi.<br><\/strong><\/p><h2>\u0218coala cu program prelungit<\/h2><p><strong>&#8211; Cuibul elevilor &#8211;<\/strong><\/p><p>Cuibul elevilor al \u0218colii Johann-Hinrich-Fehrs exist\u0103 \u00eenc\u0103 din 1 septembrie 1998, fiind ini\u021bial condus ca o \u0219coal\u0103 primar\u0103 supravegheat\u0103. Din 1 august 2004, Cuibul elevilor este organizat ca o \u0219coal\u0103 cu program prelungit \u0219i \u00eenso\u021be\u0219te copiii \u00een jurul orelor de curs. <\/p><p>Copiii pot veni la institu\u021bie de la ora 7:00 \u0219i pot lua micul dejun acolo. De la ora 12:00, elevilor din clasele I \u0219i a II-a li se ofer\u0103 un pr\u00e2nz echilibrat, adaptat copiilor. De la ora 12:40 au loc diverse grupuri de lucru, de exemplu, ajutor la teme, cor sau Taekwondo. P\u0103rin\u021bii primesc informa\u021bii mai precise despre grupurile de lucru la \u00eenceputul fiec\u0103rui an \u0219colar. Grupurile de lucru dureaz\u0103, de obicei, p\u00e2n\u0103 \u00een jurul orei 13:20, dup\u0103 care se ofer\u0103 joc liber supravegheat sau alte proiecte.      <\/p><p>Copiii din clasele a III-a \u0219i a IV-a au posibilitatea de a lua pr\u00e2nzul dup\u0103 ore, la ora 13:00. Ulterior, ace\u0219tia au, de asemenea, la dispozi\u021bie o ofert\u0103 vast\u0103 de grupuri de lucru \u0219i ajutoare de \u00eenv\u0103\u021bare p\u00e2n\u0103 \u00een jurul orei 14:20.   <\/p><p>Taxa lunar\u0103 se percepe exclusiv pentru pr\u00e2nz. Aceasta a fost de aproximativ 60 de euro pe lun\u0103 \u00een anul \u0219colar 2007\/2008. \u00cen plus, \u00een prima s\u0103pt\u0103m\u00e2n\u0103 a vacan\u021bei de prim\u0103var\u0103 \u0219i de toamn\u0103, precum \u0219i \u00een prima \u0219i a doua s\u0103pt\u0103m\u00e2n\u0103 a vacan\u021bei de var\u0103, se ofer\u0103 un program de vacan\u021b\u0103, pentru care se percep costuri separate.  <\/p><p>\u00cen institu\u021bie sunt primi\u021bi copiii a c\u0103ror \u00eengrijire nu poate fi preluat\u0103 de p\u0103rin\u021bi imediat dup\u0103 ore din motive profesionale sau de alt\u0103 natur\u0103 sau \u00een cazul c\u0103rora \u00eengrijirea pare sensibil\u0103 din punct de vedere pedagogic. Participarea la Cuibul elevilor este obligatorie pentru un an. <br><br><\/p><hr><p><strong><br>Pentru \u00eentreb\u0103ri \u0219i \u00eenscrieri, v\u0103 rug\u0103m s\u0103 contacta\u021bi:<\/strong><\/p><ul><li><strong>\u0219coala (Tel. 04321 \/ 9425310) sau direct la Cuibul elevilor pe<\/strong><\/li><\/ul><ul><li><strong>doamna Groth (Tel. 04321 \/ 18 72 66).<\/strong><\/li><\/ul><p><strong><br>Adresa:<\/strong><\/p><p><strong>Asocia\u021bia Prietenilor<\/strong><br><strong>a \u0218colii Johann-Hinrich-Fehrs e.V.<\/strong><br>Wilhelmstra\u00dfe 8-16<br>24534 Neum\u00fcnster<\/p><p>Tel.: 04321 555 09 84<br>Fax : 04321 17 98 08<br>Mail: <a href=\"mailto:info@jhfs.neumuenster.de\">info@jhfs.neumuenster.de<\/a><\/p><p><strong>Informa\u021bii:<\/strong> <em>Declara\u021bia de aderare<\/em> pentru completare \u0219i imprimare o g\u0103si\u021bi \u00een pliantul nostru PDF: <a class=\"jce_file\" title=\"Desc\u0103rcare pliant\" href=\"https:\/\/fehrsschule.de\/wp-content\/uploads\/2024\/02\/verein_der_freunde_flyer.pdf\" target=\"_blank\" rel=\"noopener\">Desc\u0103rcare pliant<\/a><\/p>\t\t\t\t\t\t\t\t<\/div>\n\t\t\t\t\t<\/div>\n\t\t\t\t<\/div>\n\t\t\t\t<\/div>\n\t\t","protected":false},"excerpt":{"rendered":"<p>Asocia\u021bia Prietenilor este o uniune de p\u0103rin\u021bi, prieteni, fo\u0219ti elevi \u0219i profesori, al c\u0103ror scop este de a promova \u0219i sprijini \u0218coala Johann-Hinrich-Fehrs \u00een sarcina sa \u0219colar\u0103. Acest lucru se realizeaz\u0103 \u00een special prin achizi\u021bionarea de materiale didactice costisitoare, cutii cu jocuri pentru pauze \u0219i organizarea de evenimente. Fondurile de sprijin au realizat deja, printre [&hellip;]<\/p>\n","protected":false},"author":1,"featured_media":0,"parent":0,"menu_order":2,"comment_status":"closed","ping_status":"closed","template":"","meta":{"footnotes":""},"class_list":["post-6425","page","type-page","status-publish","hentry"],"_links":{"self":[{"href":"https:\/\/fehrsschule.de\/ro\/wp-json\/wp\/v2\/pages\/6425","targetHints":{"allow":["GET"]}}],"collection":[{"href":"https:\/\/fehrsschule.de\/ro\/wp-json\/wp\/v2\/pages"}],"about":[{"href":"https:\/\/fehrsschule.de\/ro\/wp-json\/wp\/v2\/types\/page"}],"author":[{"embeddable":true,"href":"https:\/\/fehrsschule.de\/ro\/wp-json\/wp\/v2\/users\/1"}],"replies":[{"embeddable":true,"href":"https:\/\/fehrsschule.de\/ro\/wp-json\/wp\/v2\/comments?post=6425"}],"version-history":[{"count":0,"href":"https:\/\/fehrsschule.de\/ro\/wp-json\/wp\/v2\/pages\/6425\/revisions"}],"wp:attachment":[{"href":"https:\/\/fehrsschule.de\/ro\/wp-json\/wp\/v2\/media?parent=6425"}],"curies":[{"name":"wp","href":"https:\/\/api.w.org\/{rel}","templated":true}]}}